{"id":266009,"date":"2026-01-14T00:17:45","date_gmt":"2026-01-13T21:17:45","guid":{"rendered":"https:\/\/baldumarket.lt\/product\/szafa-do-przedpokoju-jednodrzwiowa-z-lustrem-i-dwoma-szufladami-alameda-82-cm-bialy-polysk-dab-westminster\/"},"modified":"2026-02-11T18:18:30","modified_gmt":"2026-02-11T15:18:30","slug":"szafa-do-przedpokoju-jednodrzwiowa-z-lustrem-i-dwoma-szufladami-alameda-82-cm-bialy-polysk-dab-westminster","status":"publish","type":"product","link":"https:\/\/baldumarket.lt\/lt\/product\/szafa-do-przedpokoju-jednodrzwiowa-z-lustrem-i-dwoma-szufladami-alameda-82-cm-bialy-polysk-dab-westminster\/","title":{"rendered":"Vien\u0173 dur\u0173 prie\u0161kambario spinta su veidrod\u017eiu ir dviem stal\u010diais ALAMEDA, 82 cm, blizgi balta\/vestminsterio \u0105\u017euolas"},"content":{"rendered":"<p>\u201eAlameda\u201c spinta \u2013 prakti\u0161kas sprendimas drabu\u017eiams ir aksesuarams laikyti prie\u0161kambaryje. Stilinga ir moderni vitrina j\u016bs\u0173 interjerui. Funkcionalumas: \u201eAlameda\u201c spinta si\u016blo \u012fvairius daikt\u0173 laikymo sprendimus. Rasite lentynas kepur\u0117ms, \u0161alikams ir pir\u0161tin\u0117ms, taip pat pakab\u0105 drabu\u017eiams laikyti, puikiai tinkan\u010di\u0105 striuk\u0117ms ir paltams laikyti. Be to, du kompakti\u0161ki stal\u010diai pad\u0117s sutvarkyti ma\u017eesnius daiktus. Veidrodis priekyje: veidrodin\u0117s spintos durys ne tik vizualiai padidina erdv\u0119, bet ir leid\u017eia greitai patikrinti savo i\u0161vaizd\u0105 prie\u0161 darb\u0105 arba po jo. LED ap\u0161vietimas: LED ap\u0161vietimas po spintos vir\u0161umi yra prakti\u0161ka detal\u0117, kuri leid\u017eia lengviau rasti kiekvien\u0105 daikt\u0105 spintos viduje, ypa\u010d naudinga vakarais. Baltas blizgus spintos korpusas puikiai papildo baltus blizgius fasadus. Nat\u016bralaus Vestminsterio \u0105\u017euolo spalvos cokolis ir stalvir\u0161is suteikia elegancijos ir pabr\u0117\u017eia jos charakter\u012f. Stal\u010diaus ir fasado dekoracijos yra papildomas dekoratyvinis elementas. \u0160velnaus u\u017edarymo vyriai u\u017etikrina skland\u0173 ir tyl\u0173 dur\u0173 u\u017edarym\u0105, padidindami komfort\u0105. \u201eAlameda\u201c spint\u0105 taip pat galite derinti su kitais \u201eAlameda\u201c kolekcijos baldais, sukurdami darn\u0173 vienet\u0105 savo prie\u0161kambaryje ar svetain\u0117je. Tai leid\u017eia pritaikyti baldus prie j\u016bs\u0173 interjero dyd\u017eio ir poreiki\u0173. \u201eAlameda\u201c spinta yra ne tik prakti\u0161kas sprendimas, bet ir eleganti\u0161kas j\u016bs\u0173 nam\u0173 interjero dizaino papildymas.<\/p>\n<p>Prek\u0117s kodas S420-REG1D1M2S-BIP\/DWM\/BIP Simbolis ZM EAN Plotis 82 cm Gylis 37 cm Auk\u0161tis 201,5 cm Kolekcija Alameda Spalva balta blizgi \/ Vestminsterio \u0105\u017euolas \/ balta blizgi Atspalvis baltas Stilius modernus Dureli\u0173 skai\u010dius 2 dur\u0173 Stal\u010di\u0173 skai\u010dius 2 stal\u010diai Rankena be ranken\u0117li\u0173 Ap\u0161vietimas su ap\u0161vietimu Gamintojas Juoda Raudona Balta Baldo tipas Lentynos ir vitrinos PVM 23% EAN 5906123946568<\/p>","protected":false},"excerpt":{"rendered":"<p>The Alameda Wardrobe \u2013 a practical solution for storing clothes and accessories in your hallway. A stylish and modern showcase for your interior. Functionality: The Alameda Wardrobe offers a variety of storage solutions. You&#8217;ll find shelves for hats, scarves, and gloves, as well as a hanging rail, perfect for storing jackets and coats. Additionally, two [&hellip;]<\/p>","protected":false},"featured_media":266010,"comment_status":"open","ping_status":"open","template":"","meta":[],"product_brand":[],"product_cat":[9200,1177],"product_tag":[],"class_list":{"0":"post-266009","1":"product","2":"type-product","3":"status-publish","4":"has-post-thumbnail","6":"product_cat-black-red-white","7":"product_cat-wardrobes","9":"first","10":"instock","11":"purchasable","12":"product-type-simple"},"_links":{"self":[{"href":"https:\/\/baldumarket.lt\/lt\/wp-json\/wp\/v2\/product\/266009","targetHints":{"allow":["GET"]}}],"collection":[{"href":"https:\/\/baldumarket.lt\/lt\/wp-json\/wp\/v2\/product"}],"about":[{"href":"https:\/\/baldumarket.lt\/lt\/wp-json\/wp\/v2\/types\/product"}],"replies":[{"embeddable":true,"href":"https:\/\/baldumarket.lt\/lt\/wp-json\/wp\/v2\/comments?post=266009"}],"wp:featuredmedia":[{"embeddable":true,"href":"https:\/\/baldumarket.lt\/lt\/wp-json\/wp\/v2\/media\/266010"}],"wp:attachment":[{"href":"https:\/\/baldumarket.lt\/lt\/wp-json\/wp\/v2\/media?parent=266009"}],"wp:term":[{"taxonomy":"product_brand","embeddable":true,"href":"https:\/\/baldumarket.lt\/lt\/wp-json\/wp\/v2\/product_brand?post=266009"},{"taxonomy":"product_cat","embeddable":true,"href":"https:\/\/baldumarket.lt\/lt\/wp-json\/wp\/v2\/product_cat?post=266009"},{"taxonomy":"product_tag","embeddable":true,"href":"https:\/\/baldumarket.lt\/lt\/wp-json\/wp\/v2\/product_tag?post=266009"}],"curies":[{"name":"wp","href":"https:\/\/api.w.org\/{rel}","templated":true}]}}