{"id":266001,"date":"2026-01-14T00:17:39","date_gmt":"2026-01-13T21:17:39","guid":{"rendered":"https:\/\/baldumarket.lt\/product\/szafa-czterodrzwiowa-z-szescioma-szufladami-i-lustrem-brando-4-dab-sonoma-textil-bialy\/"},"modified":"2026-02-11T18:18:30","modified_gmt":"2026-02-11T15:18:30","slug":"szafa-czterodrzwiowa-z-szescioma-szufladami-i-lustrem-brando-4-dab-sonoma-textil-bialy","status":"publish","type":"product","link":"https:\/\/baldumarket.lt\/lt\/product\/szafa-czterodrzwiowa-z-szescioma-szufladami-i-lustrem-brando-4-dab-sonoma-textil-bialy\/","title":{"rendered":"Keturi\u0173 dur\u0173 spinta su \u0161e\u0161iais stal\u010diais ir veidrod\u017eiu BRANDO 4, Sonoma \u0105\u017euolas\/tekstil\u0117\/balta"},"content":{"rendered":"<p>\u201eBrando 4\u201c spinta \u2013 erdv\u0117s organizavimo revoliucija. Ar svajojote apie bald\u0105, kuris ne tik puikiai atrodyt\u0173 j\u016bs\u0173 namuose, bet ir pad\u0117t\u0173 palaikyti tvark\u0105? \u201eBrando 4\u201c spinta \u2013 tai atsakymas \u012f j\u016bs\u0173 poreikius, si\u016blanti i\u0161skirtin\u0119 estetik\u0105 ir prakti\u0161kus sprendimus. Pirmiausia ak\u012f patraukia erdvios lentynos u\u017e i\u0161orini\u0173 dureli\u0173. Jos puikiai tinka laikyti drabu\u017eius, rank\u0161luos\u010dius, batus, knygas ir dokumentus. Jos padeda i\u0161laikyti tvark\u0105 ir lengvai pasiekti b\u016btiniausius daiktus. \u201eBrando 4\u201c spinta yra svarbus kasdien\u0117s tvarkos elementas. Vidurin\u0117s durys slepia erdv\u0119 su pakabinimo skersiniu, skirtu subtiliems audiniams. \u0160ioje dalyje pakabinkite drabu\u017eius, kad i\u0161vengtum\u0117te rauk\u0161li\u0173 ir likt\u0173 laiko malonesnei veiklai. Dabar j\u016bs\u0173 spinta taps vieta, kur tvarka dera su elegancija. Nereik\u0117t\u0173 pamir\u0161ti ir a\u0161tuoni\u0173 prakti\u0161k\u0173 stal\u010di\u0173 apatin\u0117je spintos dalyje. Keturi seklesni stal\u010diai puikiai tinka laikyti apatinius drabu\u017eius, kojines ar smulkius aksesuarus, kuriuos norite visada tur\u0117ti po ranka. Keturiuose gilesniuose stal\u010diuose tilps patalyn\u0117 ar antklod\u0117s, tod\u0117l j\u016bs\u0173 miegamasis visada atrodys tvarkingai. Esteti\u0161kas \u201eBrando 4\u201c spintos dizainas pasi\u017eymi madingo \u0105\u017euolo atspalvio ir eleganti\u0161kos matin\u0117s baltos spalvos deriniu. Centrines dur\u0173 priekines dalis puo\u0161ia prakti\u0161kas veidrodis, palengvinantis kasdienius ruo\u0161imus. Sidabrin\u0117s ranken\u0117l\u0117s puikiai papildo bendr\u0105 dizain\u0105, suteikdamos baldui modernumo. Trumpai tariant, \u201eBrando 4\u201c spinta yra daugiau nei tik daiktad\u0117\u017e\u0117; tai tikra erdv\u0117s organizavimo revoliucija. Paprastas, modernus dizainas dera su funkcionalumu, suteikian\u010diu kambariui unikalaus \u017eavesio ir elegancijos. Tai ne tik baldas, tai gyvenimo b\u016bdas!<\/p>\n<p>Prek\u0117s kodas F80-SZF2L2D8S-DSO\/TX\/BI Simbolis ZM EAN Plotis 181 cm Gylis 58 cm Auk\u0161tis 199 cm Kolekcija Brando Spalva sonoma \u0105\u017euolas\/tekstil\u0117\/balta Gaubtas \u0161viesi mediena Stilius modernus Med\u017eiaga laminatas Dur\u0173 skai\u010dius 4 dur\u0173 Stal\u010di\u0173 skai\u010dius 5 ir daugiau stal\u010di\u0173 Rankena su rankenomis Gamintojas Juoda Raudona Balta Baldo tipas Spintos PVM mokestis 23% EAN 5906123851336<\/p>","protected":false},"excerpt":{"rendered":"<p>\u201eBrando 4\u201c spinta \u2013 erdv\u0117s organizavimo revoliucija. Ar svajojote apie bald\u0105, kuris ne tik puikiai atrodyt\u0173 j\u016bs\u0173 namuose, bet ir pad\u0117t\u0173 palaikyti tvark\u0105? \u201eBrando 4\u201c spinta \u2013 tai atsakymas \u012f j\u016bs\u0173 poreikius, si\u016blanti i\u0161skirtin\u0119 estetik\u0105 kartu su prakti\u0161kais sprendimais. Pirmas dalykas, kuris patraukia j\u016bs\u0173 d\u0117mes\u012f [\u2026]<\/p>","protected":false},"featured_media":266002,"comment_status":"open","ping_status":"open","template":"","meta":[],"product_brand":[],"product_cat":[9200,1177],"product_tag":[],"class_list":{"0":"post-266001","1":"product","2":"type-product","3":"status-publish","4":"has-post-thumbnail","6":"product_cat-black-red-white","7":"product_cat-wardrobes","9":"first","10":"instock","11":"purchasable","12":"product-type-simple"},"_links":{"self":[{"href":"https:\/\/baldumarket.lt\/lt\/wp-json\/wp\/v2\/product\/266001","targetHints":{"allow":["GET"]}}],"collection":[{"href":"https:\/\/baldumarket.lt\/lt\/wp-json\/wp\/v2\/product"}],"about":[{"href":"https:\/\/baldumarket.lt\/lt\/wp-json\/wp\/v2\/types\/product"}],"replies":[{"embeddable":true,"href":"https:\/\/baldumarket.lt\/lt\/wp-json\/wp\/v2\/comments?post=266001"}],"wp:featuredmedia":[{"embeddable":true,"href":"https:\/\/baldumarket.lt\/lt\/wp-json\/wp\/v2\/media\/266002"}],"wp:attachment":[{"href":"https:\/\/baldumarket.lt\/lt\/wp-json\/wp\/v2\/media?parent=266001"}],"wp:term":[{"taxonomy":"product_brand","embeddable":true,"href":"https:\/\/baldumarket.lt\/lt\/wp-json\/wp\/v2\/product_brand?post=266001"},{"taxonomy":"product_cat","embeddable":true,"href":"https:\/\/baldumarket.lt\/lt\/wp-json\/wp\/v2\/product_cat?post=266001"},{"taxonomy":"product_tag","embeddable":true,"href":"https:\/\/baldumarket.lt\/lt\/wp-json\/wp\/v2\/product_tag?post=266001"}],"curies":[{"name":"wp","href":"https:\/\/api.w.org\/{rel}","templated":true}]}}