{"id":265985,"date":"2026-01-14T00:17:22","date_gmt":"2026-01-13T21:17:22","guid":{"rendered":"https:\/\/baldumarket.lt\/product\/szafa-czterodrzwiowa-z-szescioma-szufladami-fabio-garfit-dab-artisan\/"},"modified":"2026-02-11T18:18:31","modified_gmt":"2026-02-11T15:18:31","slug":"szafa-czterodrzwiowa-z-szescioma-szufladami-fabio-garfit-dab-artisan","status":"publish","type":"product","link":"https:\/\/baldumarket.lt\/lt\/product\/szafa-czterodrzwiowa-z-szescioma-szufladami-fabio-garfit-dab-artisan\/","title":{"rendered":"FABIO keturi\u0173 dur\u0173 spinta su \u0161e\u0161iais stal\u010diais, garfit\/artisan \u0105\u017euolas"},"content":{"rendered":"<p>\u201eFabio\u201c spinta \u2013 dizainas, prakti\u0161kumas ir daug erdv\u0117s. \u201eFabio\u201c spinta yra ne tik baldas; tai modernaus dizaino ir funkcionali\u0173 sprendim\u0173 i\u0161rai\u0161ka, sukurta tiems, kurie vertina elegancij\u0105 ir prakti\u0161kum\u0105. Ji puikiai tinka miegamajam, persirengimo kambariui ar prie\u0161kambariui, nes si\u016blo daug vietos daiktams susid\u0117ti. Dviej\u0173 atspalvi\u0173 \u2013 matin\u0117s baltos ir dirbtinio \u0105\u017euolo \u2013 derinys suteikia \u201eFabio\u201c spintai unikal\u0173 charakter\u012f. Paprastumas ir elegancija dera tarpusavyje, sukuriant darni\u0105 ir mading\u0105 visum\u0105. Spintos durys yra tikras dizaino k\u016brinys \u2013 stumdomos centre ir varstomos \u0161onuose, suteikian\u010dios modernumo ir taupan\u010dios viet\u0105. Stumdomos durys slepia du pakabos b\u0117gelius, puikiai tinkan\u010dius mar\u0161kiniams, striuk\u0117ms ir keln\u0117ms laikyti. Tai puikus sprendimas, kuris apsaugo nuo rauk\u0161li\u0173 ir sutaupo laiko lyginant. Apa\u010dioje yra vietos rankin\u0117ms, kuprinei ar batams, o vir\u0161uje lentynos skirtos re\u010diau naudojamiems daiktams. De\u0161imt patalyn\u0117s skyri\u0173 pasl\u0117pti u\u017e varstom\u0173 dur\u0173 tiek kair\u0117je, tiek de\u0161in\u0117je pus\u0117se. Tai puiki vieta susitvarkyti d\u017einsus, mar\u0161kin\u0117lius, apatinius, kojines ar megztinius. Vir\u0161uje esan\u010dios lentynos leid\u017eia tvarkingai susid\u0117ti rank\u0161luos\u010dius ir patalyn\u0119. \u201eFabio\u201c spinta netaupo vietos \u2013 joje gausu vietos daiktams susid\u0117ti. Ji padeda valdyti netvark\u0105 ir i\u0161laikyti nam\u0173 estetik\u0105. Pasirinkdami \u201eFabio\u201c spint\u0105, renkat\u0117s tobul\u0105 dizaino, prakti\u0161kumo ir funkcionalumo derin\u012f. Atraskite, kaip daikt\u0173 laikymo sistema gali b\u016bti tokia pat stilinga, kaip ir likusi j\u016bs\u0173 nam\u0173 dalis.<\/p>\n<p>Prek\u0117s kodas F71-SZF4D6S-GF\/DASN Simbolis ZM EAN Plotis 215 cm Gylis 60 cm Auk\u0161tis 210 cm Kolekcija Fabio Spalva grafito\/artisan \u0105\u017euolo Gaubtas \u0161viesi mediena Stilius modernus Med\u017eiaga laminatas Dur\u0173 skai\u010dius 4 dur\u0173 Stal\u010di\u0173 skai\u010dius 5 ir daugiau stal\u010di\u0173 Rankena be ranken\u0117li\u0173 Gamintojas Juoda Raudona Balta Baldo tipas Spintos PVM 23% EAN 5906123850988<\/p>","protected":false},"excerpt":{"rendered":"<p>\u201eFabio\u201c spinta \u2013 dizainas, prakti\u0161kumas ir daug erdv\u0117s. \u201eFabio\u201c spinta yra ne tik baldas; tai modernaus dizaino ir funkcionali\u0173 sprendim\u0173 i\u0161rai\u0161ka, sukurta tiems, kurie vertina elegancij\u0105 ir prakti\u0161kum\u0105. Ji puikiai tinka miegamajam, persirengimo kambariui ar prie\u0161kambariui, nes si\u016blo daug vietos daiktams susid\u0117ti. Dviej\u0173 atspalvi\u0173 derinys [\u2026]<\/p>","protected":false},"featured_media":265986,"comment_status":"open","ping_status":"open","template":"","meta":[],"product_brand":[],"product_cat":[9200,1177],"product_tag":[],"class_list":{"0":"post-265985","1":"product","2":"type-product","3":"status-publish","4":"has-post-thumbnail","6":"product_cat-black-red-white","7":"product_cat-wardrobes","9":"first","10":"instock","11":"purchasable","12":"product-type-simple"},"_links":{"self":[{"href":"https:\/\/baldumarket.lt\/lt\/wp-json\/wp\/v2\/product\/265985","targetHints":{"allow":["GET"]}}],"collection":[{"href":"https:\/\/baldumarket.lt\/lt\/wp-json\/wp\/v2\/product"}],"about":[{"href":"https:\/\/baldumarket.lt\/lt\/wp-json\/wp\/v2\/types\/product"}],"replies":[{"embeddable":true,"href":"https:\/\/baldumarket.lt\/lt\/wp-json\/wp\/v2\/comments?post=265985"}],"wp:featuredmedia":[{"embeddable":true,"href":"https:\/\/baldumarket.lt\/lt\/wp-json\/wp\/v2\/media\/265986"}],"wp:attachment":[{"href":"https:\/\/baldumarket.lt\/lt\/wp-json\/wp\/v2\/media?parent=265985"}],"wp:term":[{"taxonomy":"product_brand","embeddable":true,"href":"https:\/\/baldumarket.lt\/lt\/wp-json\/wp\/v2\/product_brand?post=265985"},{"taxonomy":"product_cat","embeddable":true,"href":"https:\/\/baldumarket.lt\/lt\/wp-json\/wp\/v2\/product_cat?post=265985"},{"taxonomy":"product_tag","embeddable":true,"href":"https:\/\/baldumarket.lt\/lt\/wp-json\/wp\/v2\/product_tag?post=265985"}],"curies":[{"name":"wp","href":"https:\/\/api.w.org\/{rel}","templated":true}]}}