{"id":265966,"date":"2026-01-14T00:17:05","date_gmt":"2026-01-13T21:17:05","guid":{"rendered":"https:\/\/baldumarket.lt\/product\/szafa-czterodrzwiowa-z-przesuwnymi-lustrami-flex-250-cm-grafit-czarny-polysk\/"},"modified":"2026-02-11T18:18:31","modified_gmt":"2026-02-11T15:18:31","slug":"szafa-czterodrzwiowa-z-przesuwnymi-lustrami-flex-250-cm-grafit-czarny-polysk","status":"publish","type":"product","link":"https:\/\/baldumarket.lt\/lt\/product\/szafa-czterodrzwiowa-z-przesuwnymi-lustrami-flex-250-cm-grafit-czarny-polysk\/","title":{"rendered":"Keturi\u0173 dur\u0173 spinta su stumdomais veidrod\u017eiais FLEX 250 cm grafito\/blizgios juodos spalvos"},"content":{"rendered":"<p>\u201eFlex\u201c spinta \u2013 dizainas, talpa ir organizuotumas viename. \u201eFlex\u201c spinta \u2013 tai ne tik vieta drabu\u017eiams laikyti; tai tikra investicija \u012f dizain\u0105, talp\u0105 ir erdv\u0117s organizavim\u0105. \u012esp\u016bdingi jos matmenys (250,7 x 240 x 66 cm) leid\u017eia lengvai sutvarkyti net ir did\u017eiausi\u0105 drabu\u017ei\u0173 kolekcij\u0105, kartu suteikdami modernumo, kuris atnaujins miegamojo ar prie\u0161kambario interjer\u0105. \u201eFlex\u201c spinta i\u0161siskiria ry\u0161kiomis centrin\u0117mis stumdomomis durimis. J\u0173 juodas blizgesys dera su grafito spalvos korpusu ir dviem varstomomis durimis, sukurdamas darni\u0105 ir esteti\u0161kai patraukli\u0105 visum\u0105. Paprastos, juodos rankenos suteikia elegancijos ir leid\u017eia lengvai naudotis spinta. Spintos vidus sukurtas atsi\u017evelgiant \u012f maksimal\u0173 funkcionalum\u0105. Trys pakabinimo b\u0117geliai leid\u017eia patogiai pakabinti striukes, mar\u0161kinius, kelnes ir palaidines. Vir\u0161utin\u0117s lentynos vir\u0161 b\u0117geli\u0173 puikiai tinka re\u010diau naudojamiems drabu\u017eiams, rank\u0161luos\u010diams, patalynei ir antklod\u0117ms laikyti. De\u0161in\u0117 spintos pus\u0117, kurioje yra erdvios lentynos, idealiai tinka drabu\u017eiams, kuriuos norite visada tur\u0117ti po ranka. Tai prakti\u0161ka vieta da\u017enai naudojamiems aksesuarams. Apatin\u0117 spintos dalis \u2013 tikras organizatoriaus rojus. \u0160e\u0161i stal\u010diai kair\u0117je pus\u0117je si\u016blo daug vietos apatiniams drabu\u017eiams, aksesuarams ar kojin\u0117ms. Apatin\u0117s lentynos batams, kuprinei ar rankinei puikiai papildo \u0161i\u0105 erdv\u0119. Visi stal\u010diai turi \u0161velniai u\u017esidaran\u010dias b\u0117geles, u\u017etikrinan\u010dias visi\u0161k\u0105 i\u0161traukim\u0105 ir tyl\u0173 veikim\u0105. \u201eFlex\u201c spintos vidus ir aksesuarai apdailinti prakti\u0161ka pilka drob\u0117s spalva, suteikian\u010dia vientisumo ir elegancijos. \u201eFlex\u201c spinta yra ne tik funkcionalus baldas, bet ir patrauklus elementas, kuris pavers j\u016bs\u0173 garderobo tvarkym\u0105si malonumu. Atraskite dizaino, talpos ir organizuotumo harmonij\u0105 vienoje vietoje.<\/p>\n<p>Prek\u0117s kodas F57-SZAFA_ZESTAW_138-GF\/GF\/CAP Simbolis ZM EAN Plotis 250,7 cm Gylis 66 cm Auk\u0161tis 240 cm Kolekcija \u201eFlex\u201c Spalva grafito\/grafito\/blizgi juoda Juodas atspalvis Stilius modernus Med\u017eiaga laminatas Dureli\u0173 skai\u010dius 4 dur\u0173 Stal\u010di\u0173 skai\u010dius 5 ir daugiau stal\u010di\u0173 Rankena su ranken\u0117l\u0117mis Ap\u0161vietimas pasirenkamas Gamintojas Juoda Raudona Balta Baldo tipas Spintos PVM mokestis 23% EAN 5906123847803<\/p>","protected":false},"excerpt":{"rendered":"<p>\u201eFlex\u201c spinta \u2013 dizainas, talpa ir organizuotumas viename. \u201eFlex\u201c spinta \u2013 tai ne tik vieta drabu\u017eiams laikyti; tai tikra investicija \u012f dizain\u0105, talp\u0105 ir erdv\u0117s organizavim\u0105. \u012esp\u016bdingi jos matmenys (250,7 x 240 x 66 cm) leid\u017eia lengvai sutvarkyti net ir did\u017eiausi\u0105 drabu\u017ei\u0173 kolekcij\u0105, kartu suteikdami jai modernumo, kuris [\u2026]<\/p>","protected":false},"featured_media":265967,"comment_status":"open","ping_status":"open","template":"","meta":[],"product_brand":[],"product_cat":[9200,1177],"product_tag":[],"class_list":{"0":"post-265966","1":"product","2":"type-product","3":"status-publish","4":"has-post-thumbnail","6":"product_cat-black-red-white","7":"product_cat-wardrobes","9":"first","10":"instock","11":"purchasable","12":"product-type-simple"},"_links":{"self":[{"href":"https:\/\/baldumarket.lt\/lt\/wp-json\/wp\/v2\/product\/265966","targetHints":{"allow":["GET"]}}],"collection":[{"href":"https:\/\/baldumarket.lt\/lt\/wp-json\/wp\/v2\/product"}],"about":[{"href":"https:\/\/baldumarket.lt\/lt\/wp-json\/wp\/v2\/types\/product"}],"replies":[{"embeddable":true,"href":"https:\/\/baldumarket.lt\/lt\/wp-json\/wp\/v2\/comments?post=265966"}],"wp:featuredmedia":[{"embeddable":true,"href":"https:\/\/baldumarket.lt\/lt\/wp-json\/wp\/v2\/media\/265967"}],"wp:attachment":[{"href":"https:\/\/baldumarket.lt\/lt\/wp-json\/wp\/v2\/media?parent=265966"}],"wp:term":[{"taxonomy":"product_brand","embeddable":true,"href":"https:\/\/baldumarket.lt\/lt\/wp-json\/wp\/v2\/product_brand?post=265966"},{"taxonomy":"product_cat","embeddable":true,"href":"https:\/\/baldumarket.lt\/lt\/wp-json\/wp\/v2\/product_cat?post=265966"},{"taxonomy":"product_tag","embeddable":true,"href":"https:\/\/baldumarket.lt\/lt\/wp-json\/wp\/v2\/product_tag?post=265966"}],"curies":[{"name":"wp","href":"https:\/\/api.w.org\/{rel}","templated":true}]}}