{"id":265963,"date":"2026-01-14T00:17:03","date_gmt":"2026-01-13T21:17:03","guid":{"rendered":"https:\/\/baldumarket.lt\/product\/szafa-czterodrzwiowa-z-przesuwnymi-lustrami-flex-250-cm-bialy-szary\/"},"modified":"2026-02-11T18:18:31","modified_gmt":"2026-02-11T15:18:31","slug":"szafa-czterodrzwiowa-z-przesuwnymi-lustrami-flex-250-cm-bialy-szary","status":"publish","type":"product","link":"https:\/\/baldumarket.lt\/lt\/product\/szafa-czterodrzwiowa-z-przesuwnymi-lustrami-flex-250-cm-bialy-szary\/","title":{"rendered":"Keturi\u0173 dur\u0173 spinta su stumdomais veidrod\u017eiais FLEX 250 cm balta\/pilka"},"content":{"rendered":"<p>\u201eFlex\u201c spinta \u2013 gra\u017ei ir erdvi. \u0160i \u201eFlex\u201c spinta \u2013 tikras perlas! Akivaizdu, kad dizaineriai sutelk\u0117 d\u0117mes\u012f ne tik \u012f funkcionalum\u0105, bet ir \u012f estetik\u0105. Universalus baltas ir veidrodinis pavir\u0161ius puikiai dera, suteikdamas bet kokiam interjerui lengvumo ir erdv\u0117s poj\u016bt\u012f. \u012esp\u016bdingi \u0161ios spintos matmenys paver\u010dia j\u0105 ne tik daiktad\u0117\u017ee, bet ir miegamojo ar persirengimo kambario traukos centru. 14 lentyn\u0173 yra prakti\u0161kas sprendimas tvarkai palaikyti \u2013 puikiai tinka megztiniams, d\u017eemperiams ar keln\u0117ms. O tos dvi pla\u010dios lentynos \u2013 i\u0161ties unikalus papildymas! Pakabinimo b\u0117geliai yra b\u016btinas kiekvienoje spintoje. Trys i\u0161 j\u0173 suteikia pakankamai vietos mar\u0161kiniams, suknel\u0117ms ir striuk\u0117ms. O dar tie stal\u010diai! \u0160e\u0161i i\u0161 j\u0173 \u2013 tikras rojus aksesuarams ir apatiniams. Svarbiausia, kad rutuliniai guoliai garantuoja visi\u0161k\u0105 i\u0161traukim\u0105, o \u0161velnaus u\u017edarymo funkcija paver\u010dia juos naudoti grynu malonumu. Erdv\u0117s organizavimas yra raktas \u012f s\u0117km\u0119, o drabu\u017ei\u0173 tvarkymas pagal spalv\u0105 ar sezon\u0105 yra \u0161edevras. Rasti tai, ko jums reikia, vos per 3 sekundes skamba kaip svajon\u0117! O dar tos detal\u0117s! Stumdomi, veidrodiniai fasadai centrin\u0117je dalyje su stiklinimo juostel\u0117mis ir sidabriniu r\u0117meliu yra patys savaime eleganti\u0161ki. Durys su stabd\u017eiais yra ne tik prakti\u0161kos, bet ir saugios. O \u0161oniniai, varstomi fasadai su \u012fr\u0117mintu ra\u0161tu ir juodomis ta\u0161kuotomis rankenomis papildo modern\u0173 dizain\u0105. Balta veidrodin\u0117 spinta \u2013 tai klasika, kuri visada bus madinga. Tai tarsi drob\u0117, paruo\u0161ta eksperimentuoti su \u012fvairiais stiliais \u2013 nuo skandinavi\u0161ko iki boho ar vinta\u017einio. \u0160i spinta ne tik padeda palaikyti tvark\u0105, bet ir suteikia interjerui charakterio bei stiliaus. Puikus pasirinkimas!<\/p>\n<p>Prek\u0117s kodas F57-SZAFA_ZESTAW_115-BI\/SZ Simbolis ZM EAN Plotis 250,7 cm Gylis 66 cm Auk\u0161tis 240 cm Kolekcija \u201eFlex\u201c Spalva balta\/pilka Atspalvis baltas Stilius modernus Med\u017eiaga laminatas Dureli\u0173 skai\u010dius 4 dur\u0173 Stal\u010di\u0173 skai\u010dius 5 ir daugiau stal\u010di\u0173 Rankena su ranken\u0117l\u0117mis Ap\u0161vietimas pasirenkamas Gamintojas Juoda Raudona Balta Baldo tipas Spintos PVM mokestis 23% EAN 5906123847520<\/p>","protected":false},"excerpt":{"rendered":"<p>\u201eFlex\u201c spinta \u2013 gra\u017ei ir erdvi. \u0160i \u201eFlex\u201c spinta yra tikras perlas! Akivaizdu, kad dizaineriai sutelk\u0117 d\u0117mes\u012f ne tik \u012f funkcionalum\u0105, bet ir \u012f estetik\u0105. Universali balta spalva ir veidrodinis pavir\u0161ius puikiai dera, suteikdami bet kokiam interjerui lengvumo ir erdvumo poj\u016bt\u012f. \u012esp\u016bdingi \u0161ios spintos matmenys leid\u017eia [\u2026]<\/p>","protected":false},"featured_media":265964,"comment_status":"open","ping_status":"open","template":"","meta":[],"product_brand":[],"product_cat":[9200,1177],"product_tag":[],"class_list":{"0":"post-265963","1":"product","2":"type-product","3":"status-publish","4":"has-post-thumbnail","6":"product_cat-black-red-white","7":"product_cat-wardrobes","9":"first","10":"instock","11":"purchasable","12":"product-type-simple"},"_links":{"self":[{"href":"https:\/\/baldumarket.lt\/lt\/wp-json\/wp\/v2\/product\/265963","targetHints":{"allow":["GET"]}}],"collection":[{"href":"https:\/\/baldumarket.lt\/lt\/wp-json\/wp\/v2\/product"}],"about":[{"href":"https:\/\/baldumarket.lt\/lt\/wp-json\/wp\/v2\/types\/product"}],"replies":[{"embeddable":true,"href":"https:\/\/baldumarket.lt\/lt\/wp-json\/wp\/v2\/comments?post=265963"}],"wp:featuredmedia":[{"embeddable":true,"href":"https:\/\/baldumarket.lt\/lt\/wp-json\/wp\/v2\/media\/265964"}],"wp:attachment":[{"href":"https:\/\/baldumarket.lt\/lt\/wp-json\/wp\/v2\/media?parent=265963"}],"wp:term":[{"taxonomy":"product_brand","embeddable":true,"href":"https:\/\/baldumarket.lt\/lt\/wp-json\/wp\/v2\/product_brand?post=265963"},{"taxonomy":"product_cat","embeddable":true,"href":"https:\/\/baldumarket.lt\/lt\/wp-json\/wp\/v2\/product_cat?post=265963"},{"taxonomy":"product_tag","embeddable":true,"href":"https:\/\/baldumarket.lt\/lt\/wp-json\/wp\/v2\/product_tag?post=265963"}],"curies":[{"name":"wp","href":"https:\/\/api.w.org\/{rel}","templated":true}]}}