{"id":265952,"date":"2026-01-14T00:16:54","date_gmt":"2026-01-13T21:16:54","guid":{"rendered":"https:\/\/baldumarket.lt\/product\/szafa-czterodrzwiowa-z-osmioma-szufladami-brando-4-dab-artisan-textil-bialy-2\/"},"modified":"2026-02-11T18:18:31","modified_gmt":"2026-02-11T15:18:31","slug":"szafa-czterodrzwiowa-z-osmioma-szufladami-brando-4-dab-artisan-textil-bialy-2","status":"publish","type":"product","link":"https:\/\/baldumarket.lt\/lt\/product\/szafa-czterodrzwiowa-z-osmioma-szufladami-brando-4-dab-artisan-textil-bialy-2\/","title":{"rendered":"Keturi\u0173 dur\u0173 spinta su a\u0161tuoniais stal\u010diais BRANDO 4, dirbtinio \u0105\u017euolo\/tekstil\u0117s\/baltos spalvos"},"content":{"rendered":"<p>\u201eBrando 4\u201c spinta \u2013 estetikos ir funkcionalumo harmonija. \u201eBrando 4\u201c spinta yra daugiau nei tiesiog baldas; ji derina nepriekai\u0161ting\u0105 estetik\u0105 ir i\u0161skirtin\u012f prakti\u0161kum\u0105, sukurta supaprastinti j\u016bs\u0173 kasdien\u0119 nam\u0173 tvark\u0105. U\u017e i\u0161orini\u0173 dureli\u0173 slypi erdvios lentynos, kuriose rasite vietos drabu\u017eiams, rank\u0161luos\u010diams, batams, knygoms ir dokumentams laikyti. \u0160ios lentynos pad\u0117s visk\u0105 sutvarkyti ir suteiks lengv\u0105 prieig\u0105 prie kasdieni\u0173 poreiki\u0173. Vidurin\u0117s durys turi erdv\u0119 su pakabinimo b\u0117geliu, idealiai tinkan\u010diu glam\u017eytiems spintos daiktams. Pakabin\u0119 juos \u0161ioje erdvioje dalyje, i\u0161vengsite lyginimo ir sutaupysite brangaus laiko, kur\u012f gal\u0117site skirti savo artimiesiems. Ta\u010diau tai dar ne visos \u201eBrando 4\u201c spintos savyb\u0117s. Apatin\u0117je dalyje yra a\u0161tuoni stal\u010diai \u2013 keturi negil\u016bs ir keturi gilesni. Ma\u017eesni stal\u010diai puikiai tinka apatiniams drabu\u017eiams, kojin\u0117ms ar smulkiems aksesuarams laikyti, kad jie visada b\u016bt\u0173 ranka pasiekiami. Didesniuose stal\u010diuose telpa patalyn\u0117 ir antklod\u0117s, tod\u0117l j\u016bs\u0173 miegamasis atrodo tvarkingai ir tvarkingai. Stal\u010di\u0173 fasadai ir r\u0117mas yra apdailinti madingu dirbtinio \u0105\u017euolo atspalviu, o lik\u0119 elementai i\u0161laiko eleganti\u0161k\u0105 matin\u0119 balt\u0105 spalv\u0105. Sidabrin\u0117s ranken\u0117l\u0117s papildo bendr\u0105 dizain\u0105, suteikdamos rafinuotumo. \u201eBrando 4\u201c spinta si\u016blo ne tik paprast\u0105, modern\u0173 dizain\u0105; ji taip pat si\u016blo prakti\u0161kus sprendimus, u\u017etikrinan\u010dius daug vietos daiktams susid\u0117ti. \u012esireng\u0119 \u0161i\u0105 spint\u0105 savo kambaryje, \u012fgysite ne tik tvarkos, bet ir i\u0161skirtinio \u017eavesio bei elegancijos.<\/p>\n<p>Prek\u0117s kodas F80-SZF4D8S-DFC\/TX\/GF Simbolis ZM EAN Plotis 181 cm Gylis 58 cm Auk\u0161tis 199 cm Kolekcija Brando Spalva tamsus v\u0117liav\u0117l\u0117s imitacijos \u0105\u017euolas\/tekstil\u0117\/grafitas Atspalvis tamsus medis Stilius modernus Med\u017eiaga laminatas Dureli\u0173 skai\u010dius 4 dur\u0173 Stal\u010di\u0173 skai\u010dius 5 ir daugiau stal\u010di\u0173 Rankena su ranken\u0117l\u0117mis Gamintojas Juoda Raudona Balta Baldo tipas Spintos PVM mokestis 23% EAN 5906123851374<\/p>","protected":false},"excerpt":{"rendered":"<p>\u201eBrando 4\u201c spinta \u2013 estetikos ir funkcionalumo harmonija. \u201eBrando 4\u201c spinta yra daugiau nei tiesiog baldas; ji derina nepriekai\u0161ting\u0105 estetik\u0105 ir i\u0161skirtin\u012f prakti\u0161kum\u0105, skirt\u0105 supaprastinti j\u016bs\u0173 kasdien\u0119 nam\u0173 tvark\u0105. U\u017e i\u0161orini\u0173 dureli\u0173 slypi erdvios lentynos, kuriose galima laikyti drabu\u017eius, rank\u0161luos\u010dius, batus, knygas ir dokumentus. \u0160ios [\u2026]<\/p>","protected":false},"featured_media":265953,"comment_status":"open","ping_status":"open","template":"","meta":[],"product_brand":[],"product_cat":[9200,1177],"product_tag":[],"class_list":{"0":"post-265952","1":"product","2":"type-product","3":"status-publish","4":"has-post-thumbnail","6":"product_cat-black-red-white","7":"product_cat-wardrobes","9":"first","10":"instock","11":"purchasable","12":"product-type-simple"},"_links":{"self":[{"href":"https:\/\/baldumarket.lt\/lt\/wp-json\/wp\/v2\/product\/265952","targetHints":{"allow":["GET"]}}],"collection":[{"href":"https:\/\/baldumarket.lt\/lt\/wp-json\/wp\/v2\/product"}],"about":[{"href":"https:\/\/baldumarket.lt\/lt\/wp-json\/wp\/v2\/types\/product"}],"replies":[{"embeddable":true,"href":"https:\/\/baldumarket.lt\/lt\/wp-json\/wp\/v2\/comments?post=265952"}],"wp:featuredmedia":[{"embeddable":true,"href":"https:\/\/baldumarket.lt\/lt\/wp-json\/wp\/v2\/media\/265953"}],"wp:attachment":[{"href":"https:\/\/baldumarket.lt\/lt\/wp-json\/wp\/v2\/media?parent=265952"}],"wp:term":[{"taxonomy":"product_brand","embeddable":true,"href":"https:\/\/baldumarket.lt\/lt\/wp-json\/wp\/v2\/product_brand?post=265952"},{"taxonomy":"product_cat","embeddable":true,"href":"https:\/\/baldumarket.lt\/lt\/wp-json\/wp\/v2\/product_cat?post=265952"},{"taxonomy":"product_tag","embeddable":true,"href":"https:\/\/baldumarket.lt\/lt\/wp-json\/wp\/v2\/product_tag?post=265952"}],"curies":[{"name":"wp","href":"https:\/\/api.w.org\/{rel}","templated":true}]}}