{"id":265936,"date":"2026-01-14T00:16:41","date_gmt":"2026-01-13T21:16:41","guid":{"rendered":"https:\/\/baldumarket.lt\/product\/szafa-czterodrzwiowa-z-lustrami-i-dwoma-szufladami-kredo-dab-sonoma-szary\/"},"modified":"2026-02-11T18:18:31","modified_gmt":"2026-02-11T15:18:31","slug":"szafa-czterodrzwiowa-z-lustrami-i-dwoma-szufladami-kredo-dab-sonoma-szary","status":"publish","type":"product","link":"https:\/\/baldumarket.lt\/lt\/product\/szafa-czterodrzwiowa-z-lustrami-i-dwoma-szufladami-kredo-dab-sonoma-szary\/","title":{"rendered":"Keturi\u0173 dur\u0173 spinta su veidrod\u017eiais ir dviem stal\u010diais KREDO Sonoma \u0105\u017euolas\/pilka"},"content":{"rendered":"<p>\u201eKredo\u201c spinta \u2013 funkcionalumo ir stiliaus harmonija. \u201eKredo\u201c spinta \u2013 tai ne tik daikt\u0173 laikymo spinta; tai tikras kasdienio komforto, modernaus dizaino ir auk\u0161tos kokyb\u0117s meistri\u0161kumo derinys. Unikalus dizainas buvo sukurtas galvojant apie \u0161iuolaikines erdves, kur elegancija dera su minimalistiniu po\u017ei\u016briu. Keturi\u0173 dur\u0173 spintos konstrukcija patraukia d\u0117mes\u012f ne tik funkcionalumu, bet ir intriguojan\u010diu spalv\u0173 deriniu. Sonoma \u0105\u017euolo ir bazalto derinys suteikia spintai ne tik unikal\u0173 charakter\u012f, bet ir leid\u017eia lengvai derinti j\u0105 su kitais interjero elementais. Tai idealus sprendimas jaukiems miegamiesiems, koridoriams ar net svetain\u0117ms, suteikiantis aplinkai unikali\u0105 estetik\u0105. Du centriniai \u201eKredo\u201c spintos fasadai puo\u0161ti veidrod\u017eiu, kuris ne tik suteikia prakti\u0161kumo, leid\u017eia greitai ap\u017ei\u016br\u0117ti daiktus prie\u0161 i\u0161einant, bet ir vizualiai padidina kambar\u012f. Spintos vidus sukurtas atsi\u017evelgiant \u012f maksimal\u0173 funkcionalum\u0105. Trys pakabos leid\u017eia tvarkingai laikyti spint\u0105 ir i\u0161vengti rauk\u0161li\u0173. Be to, du prakti\u0161ki stal\u010diai leid\u017eia laikyti smulkius daiktus, tokius kaip apatiniai ar papuo\u0161alai. Trys erdvios lentynos spintos vir\u0161uje idealiai tinka laikyti daiktus, kurie gal\u0117t\u0173 sutrikdyti kambario harmonij\u0105. \u010cia tvarkingai susid\u0117ti patalyn\u0119, dokumentus, antklodes ir sezoninius drabu\u017eius \u2013 visa tai ras savo viet\u0105. \u201eKredo\u201c spinta buvo sukurta atsi\u017evelgiant \u012f optimal\u0173 erdv\u0117s i\u0161naudojim\u0105, tod\u0117l puikiai tinka net ir ma\u017eoms erdv\u0117ms, suteikdama ne tik funkcionalumo, bet ir estetinio patrauklumo. Tai ne tik baldas; jis suteikia j\u016bs\u0173 kasdienei aplinkai harmonijos ir stiliaus.<\/p>\n<p>Prek\u0117s kodas F78-SZF2L2D2S-DSO\/TX\/SZ Simbolis ZM EAN Plotis 181 cm Gylis 57,9 cm Auk\u0161tis 199 cm Kolekcija Kredo Spalva sonoma \u0105\u017euolas\/tekstil\u0117\/Lava Gaubtas \u0161viesi mediena Stilius modernus Med\u017eiaga laminatas Dur\u0173 skai\u010dius 4 dur\u0173 Stal\u010di\u0173 skai\u010dius 2 stal\u010diai Rankena su rankenomis Gamintojas Juoda Raudona Balta Baldo tipas Spintos PVM mokestis 23% EAN 5906123049474<\/p>","protected":false},"excerpt":{"rendered":"<p>\u201eKredo\u201c spinta \u2013 funkcionalumo ir stiliaus harmonija. \u201eKredo\u201c spinta \u2013 tai ne tik daikt\u0173 laikymo vieta; tai tikras kasdienio komforto, modernaus dizaino ir auk\u0161tos kokyb\u0117s meistri\u0161kumo derinys. Unikalus dizainas buvo sukurtas galvojant apie \u0161iuolaikines erdves, kuriose elegancija dera su minimalistiniu po\u017ei\u016briu. Spintos keturi\u0173 dureli\u0173 konstrukcija patraukia d\u0117mes\u012f ne tik savo [\u2026]<\/p>","protected":false},"featured_media":265937,"comment_status":"open","ping_status":"open","template":"","meta":[],"product_brand":[],"product_cat":[9200,1177],"product_tag":[],"class_list":{"0":"post-265936","1":"product","2":"type-product","3":"status-publish","4":"has-post-thumbnail","6":"product_cat-black-red-white","7":"product_cat-wardrobes","9":"first","10":"instock","11":"purchasable","12":"product-type-simple"},"_links":{"self":[{"href":"https:\/\/baldumarket.lt\/lt\/wp-json\/wp\/v2\/product\/265936","targetHints":{"allow":["GET"]}}],"collection":[{"href":"https:\/\/baldumarket.lt\/lt\/wp-json\/wp\/v2\/product"}],"about":[{"href":"https:\/\/baldumarket.lt\/lt\/wp-json\/wp\/v2\/types\/product"}],"replies":[{"embeddable":true,"href":"https:\/\/baldumarket.lt\/lt\/wp-json\/wp\/v2\/comments?post=265936"}],"wp:featuredmedia":[{"embeddable":true,"href":"https:\/\/baldumarket.lt\/lt\/wp-json\/wp\/v2\/media\/265937"}],"wp:attachment":[{"href":"https:\/\/baldumarket.lt\/lt\/wp-json\/wp\/v2\/media?parent=265936"}],"wp:term":[{"taxonomy":"product_brand","embeddable":true,"href":"https:\/\/baldumarket.lt\/lt\/wp-json\/wp\/v2\/product_brand?post=265936"},{"taxonomy":"product_cat","embeddable":true,"href":"https:\/\/baldumarket.lt\/lt\/wp-json\/wp\/v2\/product_cat?post=265936"},{"taxonomy":"product_tag","embeddable":true,"href":"https:\/\/baldumarket.lt\/lt\/wp-json\/wp\/v2\/product_tag?post=265936"}],"curies":[{"name":"wp","href":"https:\/\/api.w.org\/{rel}","templated":true}]}}