{"id":265920,"date":"2026-01-14T00:16:28","date_gmt":"2026-01-13T21:16:28","guid":{"rendered":"https:\/\/baldumarket.lt\/product\/szafa-czterodrzwiowa-z-dwoma-szufladami-kent-227-cm-kasztan\/"},"modified":"2026-02-11T18:18:31","modified_gmt":"2026-02-11T15:18:31","slug":"szafa-czterodrzwiowa-z-dwoma-szufladami-kent-227-cm-kasztan","status":"publish","type":"product","link":"https:\/\/baldumarket.lt\/lt\/product\/szafa-czterodrzwiowa-z-dwoma-szufladami-kent-227-cm-kasztan\/","title":{"rendered":"Keturi\u0173 dur\u0173 spinta su dviem stal\u010diais KENT 227 cm ka\u0161tonin\u0117"},"content":{"rendered":"<p>Kent spinta \u2013 erdvumas ir elegancija. Pagrindiniai Kent modulin\u0117s sistemos bald\u0173 bruo\u017eai \u2013 eleganti\u0161ka i\u0161vaizda ir nesenstantis gro\u017eis. Trij\u0173 dur\u0173 Kent spinta yra b\u016btinas erdvaus miegamojo elementas. Jos prakti\u0161kame interjere yra erdvi centrin\u0117 dalis su pakaba daiktams kabinti ir funkcionaliomis lentynomis \u0161onuose. Be to, du stal\u010diai apatin\u0117je spintos dalyje suteikia papildomos vietos daiktams laikyti, tod\u0117l drabu\u017eius ir aksesuarus labai lengva sutvarkyti.<br \/>\n\u2013 Veidrod\u017eiai ant dur\u0173 vizualiai padidina kambar\u012f, suteikdami jam erdv\u0117s poj\u016bt\u012f.<br \/>\n\u2013 Sistemoje naudojama i\u0161skirtin\u0117 fanera puikiai perteikia neapdorotos medienos strukt\u016br\u0105 ir charakter\u012f, o ry\u0161ki ka\u0161tonin\u0117 spalva suteikia baldams eleganti\u0161k\u0105 i\u0161vaizd\u0105.<br \/>\n\u2013 Rai\u017eyti antgaliai ir eleganti\u0161kos, brangakmenius primenan\u010dios rankenos suteikia spintai unikali\u0105 i\u0161vaizd\u0105, traukia ak\u012f ir pagerina baldo estetik\u0105.<br \/>\n\u2013 Firminiai vyriai u\u017etikrina skland\u0173 dur\u0173 atidarym\u0105 ir u\u017edarym\u0105 bei leid\u017eia tiksliai trima\u010diai reguliuoti fasadus. \u0160i erdvi spinta puikiai tiks miegamajam, persirengimo kambariui ar prie\u0161kambariui. Kartu su kitais \u201eKent\u201c kolekcijos elementais ji sukurs unikal\u0173, klasikin\u012f interjero dizain\u0105.<\/p>\n<p>Prek\u0117s kodas S10-ESZF4D2S-KA Simbolis ZM EAN Plotis 227 cm Gylis 53\u201365,5 cm Auk\u0161tis 225 cm Kolekcija Kent Spalva ka\u0161tonin\u0117 Atspalvis tamsi mediena Stilius klasikinis Med\u017eiaga laminatas Dur\u0173 skai\u010dius 4 dur\u0173 Stal\u010di\u0173 skai\u010dius 2 stal\u010diai Rankena su rankenomis Gamintojas Juoda Raudona Balta Baldo tipas Spintos PVM 23% EAN 5906123882354<\/p>","protected":false},"excerpt":{"rendered":"<p>Kent spinta \u2013 erdvumas ir elegancija. Pagrindiniai Kent modulin\u0117s sistemos bald\u0173 bruo\u017eai \u2013 eleganti\u0161ka i\u0161vaizda ir nesenstantis gro\u017eis. Trij\u0173 dur\u0173 Kent spinta yra esminis erdvaus miegamojo elementas. Jos prakti\u0161kame interjere yra erdvi centrin\u0117 dalis su pakaba ir funkcionaliomis lentynomis \u0161onuose. Be to, du stal\u010diai [\u2026]<\/p>","protected":false},"featured_media":265921,"comment_status":"open","ping_status":"open","template":"","meta":[],"product_brand":[],"product_cat":[9200,1177],"product_tag":[],"class_list":{"0":"post-265920","1":"product","2":"type-product","3":"status-publish","4":"has-post-thumbnail","6":"product_cat-black-red-white","7":"product_cat-wardrobes","9":"first","10":"instock","11":"purchasable","12":"product-type-simple"},"_links":{"self":[{"href":"https:\/\/baldumarket.lt\/lt\/wp-json\/wp\/v2\/product\/265920","targetHints":{"allow":["GET"]}}],"collection":[{"href":"https:\/\/baldumarket.lt\/lt\/wp-json\/wp\/v2\/product"}],"about":[{"href":"https:\/\/baldumarket.lt\/lt\/wp-json\/wp\/v2\/types\/product"}],"replies":[{"embeddable":true,"href":"https:\/\/baldumarket.lt\/lt\/wp-json\/wp\/v2\/comments?post=265920"}],"wp:featuredmedia":[{"embeddable":true,"href":"https:\/\/baldumarket.lt\/lt\/wp-json\/wp\/v2\/media\/265921"}],"wp:attachment":[{"href":"https:\/\/baldumarket.lt\/lt\/wp-json\/wp\/v2\/media?parent=265920"}],"wp:term":[{"taxonomy":"product_brand","embeddable":true,"href":"https:\/\/baldumarket.lt\/lt\/wp-json\/wp\/v2\/product_brand?post=265920"},{"taxonomy":"product_cat","embeddable":true,"href":"https:\/\/baldumarket.lt\/lt\/wp-json\/wp\/v2\/product_cat?post=265920"},{"taxonomy":"product_tag","embeddable":true,"href":"https:\/\/baldumarket.lt\/lt\/wp-json\/wp\/v2\/product_tag?post=265920"}],"curies":[{"name":"wp","href":"https:\/\/api.w.org\/{rel}","templated":true}]}}