{"id":265916,"date":"2026-01-14T00:16:25","date_gmt":"2026-01-13T21:16:25","guid":{"rendered":"https:\/\/baldumarket.lt\/product\/szafa-czterodrzwiowa-z-dwoma-lustrami-i-trzema-wew-szufladami-hesen-197-cm-grafit-dab-artisan\/"},"modified":"2026-02-11T18:18:32","modified_gmt":"2026-02-11T15:18:32","slug":"szafa-czterodrzwiowa-z-dwoma-lustrami-i-trzema-wew-szufladami-hesen-197-cm-grafit-dab-artisan","status":"publish","type":"product","link":"https:\/\/baldumarket.lt\/lt\/product\/szafa-czterodrzwiowa-z-dwoma-lustrami-i-trzema-wew-szufladami-hesen-197-cm-grafit-dab-artisan\/","title":{"rendered":"HESEN keturi\u0173 dur\u0173 spinta su dviem veidrod\u017eiais ir trimis vidiniais stal\u010diais, 197 cm grafito spalvos\/dirbtinio \u0105\u017euolo spalvos"},"content":{"rendered":"<p>\u201eHesen\u201c spinta \u2013 estetikos ir funkcionalumo derinys. Jei renkantis spint\u0105 miegamajam, jaunimo kambariui ar prie\u0161kambariui, j\u016bs\u0173 prioritetai yra tvarka ir funkcionalumas, \u201eHesen\u201c spinta yra puikus pasirinkimas. \u0160i spinta sujungia gerai apgalvot\u0105 i\u0161planavim\u0105 su \u017eaviu dizainu, atspindin\u010diu \u0161iaurieti\u0161kas tendencijas, kartu i\u0161laikant minimalistin\u012f ir modern\u0173 vaizd\u0105. \u201eHesen\u201c kolekcijoje si\u016blomos dvi patrauklios spalv\u0173 gamos, i\u0161 kuri\u0173 galite rinktis pagal savo skon\u012f. Pirmoji \u2013 grafito \/ dirbtinio \u0105\u017euolo \u2013 kontrastingas v\u0117sios, vientisos spalvos ir \u0161ilumos bei matomo dirbtinio \u0105\u017euolo ra\u0161to derinys. Antroji \u2013 \u0161viesaus sibiu maumed\u017eio \/ larico pu\u0161ies \u2013 b\u016bdinga skandinavi\u0161ka spalv\u0173 gama \u0161viesaus interjero m\u0117g\u0117jams. \u201eHesen\u201c spintos matmenys yra 197 x 203 x 57 cm, tod\u0117l joje tilps visi reikalingi daiktai. Jos i\u0161d\u0117stymas kruop\u0161\u010diai suplanuotas taip, kad b\u016bt\u0173 pakankamai vietos \u012fvairiems spintos daiktams. Kair\u0117je pus\u0117je yra dviej\u0173 dur\u0173 sekcija su skersiniu, idealiai tinkan\u010diu drabu\u017eiams pakabinti, ir vieta batams. Vidurin\u0117 dalis, taip pat pasl\u0117pta u\u017e vien\u0173 dur\u0173, suteikia papildomos vietos daiktams susid\u0117ti. Spintos de\u0161in\u0117je pus\u0117je yra sekcija su keturiomis lentynomis ir trimis stal\u010diais, puikiai tinkanti apatiniams drabu\u017eiams, rank\u0161luos\u010diams ar patalynei laikyti. \u201eHesen\u201c spinta apr\u016bpinta \u0161velniai u\u017esidaran\u010diais vyriais, u\u017etikrinan\u010diais skland\u0173 ir tyl\u0173 dureli\u0173 u\u017edarym\u0105. Stal\u010diai tvirtinami ant b\u0117geli\u0173, tod\u0117l juos galima visi\u0161kai i\u0161traukti ir lengvai pasiekti kiekvien\u0105 spintos viet\u0105. Balde taip pat yra prakti\u0161kas veidrodis, esantis centrin\u0117se fasaduose, tod\u0117l kasdieniai ruo\u0161imo darbai tampa lengvesni. Subtil\u016bs frezavimai ir ranken\u0117l\u0117s formos ranken\u0117l\u0117s pabr\u0117\u017eia minimalistin\u012f kolekcijos charakter\u012f, suteikia jai subtilumo ir elegancijos. \u201eHesen\u201c kolekcijoje yra daug kit\u0173 gamini\u0173, kuriuos galima derinti, kad b\u016bt\u0173 sukurta darni erdv\u0117 miegamajame, jaunimo kambaryje ar prie\u0161kambaryje. Derindami kitus \u0161ios serijos elementus, galite susikurti savo svajoni\u0173 i\u0161d\u0117stym\u0105. Trumpai tariant, \u201eHesen\u201c spinta \u2013 tai baldas, kuriame derinamas estetika ir funkcionalumas. Galimos spalv\u0173 parinktys, apgalvotas i\u0161d\u0117stymas ir auk\u0161tos kokyb\u0117s meistri\u0161kumas daro j\u0105 idealiu pasirinkimu tiems, kurie ie\u0161ko stilingo ir prakti\u0161ko daikt\u0173 laikymo sprendimo.<\/p>\n<p>Prek\u0117s kodas S515-SZF2L2D3E-GF\/DASN Simbolis ZM EAN Plotis 197 cm Gylis 57 cm Auk\u0161tis 203 cm Kolekcija Hesen Spalva grafito\/artisan \u0105\u017euolo Grafito atspalvis Skandinavi\u0161ko stiliaus Stal\u010di\u0173 skai\u010dius be stal\u010di\u0173 Rankena su rankenomis Gamintojas Juoda Raudona Balta Baldo tipas Spintos PVM 23% EAN 5906123812818<\/p>","protected":false},"excerpt":{"rendered":"<p>Hesen Wardrobe \u2013 A Combination of Aesthetics and Functionality. If your priorities when choosing a wardrobe for a bedroom, youth room, or hallway are order and functionality, then the Hesen wardrobe is the perfect choice. This wardrobe combines a well-thought-out layout with a captivating design that references northern trends, while maintaining a minimalist and modern [&hellip;]<\/p>","protected":false},"featured_media":265917,"comment_status":"open","ping_status":"open","template":"","meta":[],"product_brand":[],"product_cat":[9200,1177],"product_tag":[],"class_list":{"0":"post-265916","1":"product","2":"type-product","3":"status-publish","4":"has-post-thumbnail","6":"product_cat-black-red-white","7":"product_cat-wardrobes","9":"first","10":"instock","11":"purchasable","12":"product-type-simple"},"_links":{"self":[{"href":"https:\/\/baldumarket.lt\/lt\/wp-json\/wp\/v2\/product\/265916","targetHints":{"allow":["GET"]}}],"collection":[{"href":"https:\/\/baldumarket.lt\/lt\/wp-json\/wp\/v2\/product"}],"about":[{"href":"https:\/\/baldumarket.lt\/lt\/wp-json\/wp\/v2\/types\/product"}],"replies":[{"embeddable":true,"href":"https:\/\/baldumarket.lt\/lt\/wp-json\/wp\/v2\/comments?post=265916"}],"wp:featuredmedia":[{"embeddable":true,"href":"https:\/\/baldumarket.lt\/lt\/wp-json\/wp\/v2\/media\/265917"}],"wp:attachment":[{"href":"https:\/\/baldumarket.lt\/lt\/wp-json\/wp\/v2\/media?parent=265916"}],"wp:term":[{"taxonomy":"product_brand","embeddable":true,"href":"https:\/\/baldumarket.lt\/lt\/wp-json\/wp\/v2\/product_brand?post=265916"},{"taxonomy":"product_cat","embeddable":true,"href":"https:\/\/baldumarket.lt\/lt\/wp-json\/wp\/v2\/product_cat?post=265916"},{"taxonomy":"product_tag","embeddable":true,"href":"https:\/\/baldumarket.lt\/lt\/wp-json\/wp\/v2\/product_tag?post=265916"}],"curies":[{"name":"wp","href":"https:\/\/api.w.org\/{rel}","templated":true}]}}