{"id":265908,"date":"2026-01-14T00:16:19","date_gmt":"2026-01-13T21:16:19","guid":{"rendered":"https:\/\/baldumarket.lt\/product\/szafa-czterodrzwiowa-z-dwoma-lustrami-azteca-trio-220-cm-bialy-bialy-polysk\/"},"modified":"2026-02-11T18:18:32","modified_gmt":"2026-02-11T15:18:32","slug":"szafa-czterodrzwiowa-z-dwoma-lustrami-azteca-trio-220-cm-bialy-bialy-polysk","status":"publish","type":"product","link":"https:\/\/baldumarket.lt\/lt\/product\/szafa-czterodrzwiowa-z-dwoma-lustrami-azteca-trio-220-cm-bialy-bialy-polysk\/","title":{"rendered":"Keturi\u0173 dur\u0173 spinta su dviem veidrod\u017eiais AZTECA TRIO 220 cm balta\/balta blizgi"},"content":{"rendered":"<p>\u201eAzteca Trio\u201c spinta \u2013 organizuotumas ir talpa su moderniu akcentu. \u201eAzteca Trio\u201c kolekcija \u2013 tai tobulas funkcionalumo ir stiliaus derinys. I\u0161skirtiniai u\u017eapvalinti kra\u0161tai ir dekoratyvin\u0117 apdaila suteikia jai unikali\u0105 i\u0161vaizd\u0105, kuri jums tikrai patiks. \u012esp\u016bdinga talpa. Keturi\u0173 dur\u0173 \u201eAzteca Trio\u201c spinta \u2013 tai atsakymas \u012f t\u0173, kurie turi daug drabu\u017ei\u0173 ir aksesuar\u0173 arba tiesiog vertina tvark\u0105, poreikius. Jos vidus padalintas \u012f tris prakti\u0161kas dalis, tod\u0117l organizavimas yra paprastas. Kair\u0117je dalyje yra dvi pla\u010dios lentynos ir pakaba, vidurin\u0117je dalyje \u2013 dvi pakabos, o u\u017e de\u0161iniosios priekio laukia penkios lentynos. Tai vieta, kur visk\u0105 galima sutvarkyti ir lengvai pasiekti. \u201eAzteca Trio\u201c spintoje ne tik telpa daug daikt\u0173, bet ir ji suteikia erdvei elegancijos. Veidrodiniai fasadai atspindi \u0161vies\u0105, tod\u0117l kambarys atrodo didesnis ir \u0161viesesnis. Tai puikus sprendimas, jei neturite daug sien\u0173 erdv\u0117s arba tiesiog norite erdvesnio interjero. Baltos \/ blizgios baltos spalvos \u201eAzteca Trio\u201c spinta yra neutrali ir lengvai pritaikoma prie \u012fvairi\u0173 interjero dizain\u0173. Taip pat galite suteikti charakterio dekoratyvine juostele, pasirinkdami i\u0161 trij\u0173 galim\u0173 versij\u0173: blizgios baltos, blizgios juodos arba wenge magi\u0161ko \u0105\u017euolo. J\u016bs sprend\u017eiate savo baldo i\u0161vaizd\u0105. \u201eAzteca Trio\u201c spintos dureli\u0173 skai\u010dius yra \u012fsp\u016bdingas, tod\u0117l j\u0105 naudoti labai paprasta. Tai leid\u017eia fasadams atsidaryti ir u\u017esidaryti beveik tyliai, tod\u0117l padid\u0117ja naudojimo patogumas. J\u016bs\u0173 erdv\u0117s papildymas\u201eAzteca Trio\u201c spinta puikiai tinka miegamajam, prie\u0161kambariui ar persirengimo kambariui. Galite j\u0105 derinti su kitais \u201eAzteca Trio\u201c kolekcijos moduliais, kad sukurtum\u0117te darni\u0105 ir funkcionali\u0105 daikt\u0173 laikymo erdv\u0119. \u0160is sprendimas leid\u017eia i\u0161naudoti kiekvien\u0105 turim\u0105 erdv\u0117s centimetr\u0105.### Santrauka\u201eAzteca Trio\u201c spinta \u2013 tai baldas, kuriame ne tik telpa daug daikt\u0173, bet ir modernus dizainas bei funkcionalumas papildo j\u016bs\u0173 erdv\u0119. Ji palengvins tvarkos palaikym\u0105, o j\u016bs\u0173 daiktai visada bus po ranka. Pasirinkite spalv\u0105 ir juostel\u0119, atitinkan\u010di\u0105 j\u016bs\u0173 stili\u0173, ir m\u0117gaukit\u0117s \u0161ios eleganti\u0161kos ir erdvios spintos patogumu. Geriausia tai, kad \u012f kain\u0105 \u012fskai\u010diuotos dvi dekoratyvin\u0117s juostel\u0117s, leid\u017eian\u010dios j\u016bs\u0173 baldui suteikti dar daugiau charakterio. \u201eAzteca Trio\u201c spinta \u2013 tai ne tik baldas, bet ir investicija \u012f j\u016bs\u0173 erdv\u0117s tvark\u0105 bei estetik\u0105.<\/p>\n<p>Prek\u0117s kodas S504-SZF2D2L\/21\/22-BI\/BIP Simbolis ZM EAN Plotis 220 cm Gylis 57 cm Auk\u0161tis 210 cm Kolekcija Azteca Trio Spalva balta\/blizgi balta Atspalvis baltas Stilius modernus Dur\u0173 skai\u010dius 4 dur\u0173 Stal\u010di\u0173 skai\u010dius be stal\u010di\u0173 Rankena be ranken\u0117li\u0173 Gamintojas Juoda Raudona Balta Baldo tipas Spintos PVM 23% EAN 5906123714839<\/p>","protected":false},"excerpt":{"rendered":"<p>\u201eAzteca Trio\u201c spinta \u2013 organizuotumas ir talpa su moderniu akcentu. \u201eAzteca Trio\u201c kolekcija \u2013 tai tobulas funkcionalumo ir stiliaus derinys. I\u0161skirtiniai suapvalinti kra\u0161tai ir dekoratyvin\u0117 apdaila suteikia jai unikali\u0105 i\u0161vaizd\u0105, kuri jums tikrai patiks. \u012esp\u016bdinga talpa. Keturi\u0173 dur\u0173 \u201eAzteca Trio\u201c spinta \u2013 tai atsakymas \u012f [\u2026] poreikius.<\/p>","protected":false},"featured_media":265909,"comment_status":"open","ping_status":"open","template":"","meta":[],"product_brand":[],"product_cat":[9200,1177],"product_tag":[],"class_list":{"0":"post-265908","1":"product","2":"type-product","3":"status-publish","4":"has-post-thumbnail","6":"product_cat-black-red-white","7":"product_cat-wardrobes","9":"first","10":"instock","11":"purchasable","12":"product-type-simple"},"_links":{"self":[{"href":"https:\/\/baldumarket.lt\/lt\/wp-json\/wp\/v2\/product\/265908","targetHints":{"allow":["GET"]}}],"collection":[{"href":"https:\/\/baldumarket.lt\/lt\/wp-json\/wp\/v2\/product"}],"about":[{"href":"https:\/\/baldumarket.lt\/lt\/wp-json\/wp\/v2\/types\/product"}],"replies":[{"embeddable":true,"href":"https:\/\/baldumarket.lt\/lt\/wp-json\/wp\/v2\/comments?post=265908"}],"wp:featuredmedia":[{"embeddable":true,"href":"https:\/\/baldumarket.lt\/lt\/wp-json\/wp\/v2\/media\/265909"}],"wp:attachment":[{"href":"https:\/\/baldumarket.lt\/lt\/wp-json\/wp\/v2\/media?parent=265908"}],"wp:term":[{"taxonomy":"product_brand","embeddable":true,"href":"https:\/\/baldumarket.lt\/lt\/wp-json\/wp\/v2\/product_brand?post=265908"},{"taxonomy":"product_cat","embeddable":true,"href":"https:\/\/baldumarket.lt\/lt\/wp-json\/wp\/v2\/product_cat?post=265908"},{"taxonomy":"product_tag","embeddable":true,"href":"https:\/\/baldumarket.lt\/lt\/wp-json\/wp\/v2\/product_tag?post=265908"}],"curies":[{"name":"wp","href":"https:\/\/api.w.org\/{rel}","templated":true}]}}