{"id":265900,"date":"2026-01-14T00:16:12","date_gmt":"2026-01-13T21:16:12","guid":{"rendered":"https:\/\/baldumarket.lt\/product\/szafa-czterodrzwiowa-nuis-90-cm-dab-wotan-bialy-polysk\/"},"modified":"2026-02-11T18:18:32","modified_gmt":"2026-02-11T15:18:32","slug":"szafa-czterodrzwiowa-nuis-90-cm-dab-wotan-bialy-polysk","status":"publish","type":"product","link":"https:\/\/baldumarket.lt\/lt\/product\/szafa-czterodrzwiowa-nuis-90-cm-dab-wotan-bialy-polysk\/","title":{"rendered":"NUIS keturi\u0173 dur\u0173 spinta, 90 cm, wotan \u0105\u017euolas\/blizgi balta"},"content":{"rendered":"<p>\u201eNuis\u201c spinta \u2013 stilinga daikt\u0173 laikymo vieta. \u201eNuis\u201c spinta \u2013 tai ne tik vieta drabu\u017eiams ir nieku\u010diams laikyti; tai stilingas elementas, kuris suteiks j\u016bs\u0173 interjerui elegancijos ir funkcionalumo. \u012ekv\u0117pta skandinavi\u0161ko stiliaus paprastumo, \u0161i spinta pasi\u017eymi erdviu interjeru, tiksliu erdv\u0117s paskirstymu ir moderniu dizainu, puikiai tinkan\u010diu miegamajam, jaunimo kambariui ar net svetainei. I\u0161skirtinis \u201eNuis\u201c spintos bruo\u017eas \u2013 \u012fdomus dizainas, \u012fkv\u0117ptas skandinavi\u0161ko stiliaus paprastumo. D\u0117\u017e\u0117s formos konstrukcija, pagaminta i\u0161 Wotano \u0105\u017euolo medienos, suteikia spintai nat\u016bralaus \u017eavesio. Balti fasadai su veidrodine apdaila suteikia modernumo, o \u0161viesus pavir\u0161ius vizualiai ap\u0161vie\u010dia interjer\u0105. \u201eNuis\u201c spinta ne tik \u017eavi savo i\u0161vaizda, bet ir si\u016blo prakti\u0161k\u0105 interjer\u0105. Padalinta \u012f apatin\u0119 ir vir\u0161utin\u0119 dalis, ji leid\u017eia optimaliai organizuoti drabu\u017eius. Durys, padalintos \u012f keturias dalis, suteikia tiksli\u0105 prieig\u0105 prie laikom\u0173 daikt\u0173. Visa tai daro \u0161ios spintos naudojim\u0105 ne tik funkcional\u0173, bet ir malon\u0173. 90\/58\/197,5 cm dyd\u017eio \u201eNuis\u201c spinta puikiai tinka vidutinio dyd\u017eio kambariams ir suteikia elegancijos. Jos dizainas dera prie kit\u0173 \u201eNuis\u201c serijos bald\u0173, toki\u0173 kaip vitrina, komoda, lova ir ra\u0161omasis stalas. Tai leid\u017eia sukurti darn\u0173 ir stiling\u0105 i\u0161d\u0117stym\u0105, kuris sustiprins j\u016bs\u0173 interjero charakter\u012f. \u201eNuis\u201c spinta yra ne tik daikt\u0173 laikymo vieta; tai taip pat i\u0161skirtinis dekoratyvinis elementas, suteiksiantis j\u016bs\u0173 interjerui unikalumo.<\/p>\n<p>Prek\u0117s kodas S396-SZF4D-DWO\/BIP Simbolis ZM EAN Plotis 90 cm Gylis 57,5 cm Auk\u0161tis 197,5 cm Kolekcija \u201eNuis\u201c Spalva wotan \u0105\u017euolas\/blizgi balta Gaubtas \u0161viesus medis Stilius modernus Med\u017eiaga laminatas Dur\u0173 skai\u010dius 4 dur\u0173 Stal\u010di\u0173 skai\u010dius be stal\u010di\u0173 Rankena be ranken\u0117li\u0173 Gamintojas Juoda Raudona Balta Baldo tipas Spintos PVM mokestis 23% EAN 5906123929769<\/p>","protected":false},"excerpt":{"rendered":"<p>\u201eNuis\u201c spinta \u2013 stilinga daikt\u0173 laikymo vieta\u201eNuis\u201c spinta \u2013 tai ne tik vieta drabu\u017eiams ir nieku\u010diams laikyti; tai stilingas elementas, kuris suteiks j\u016bs\u0173 interjerui elegancijos ir funkcionalumo. \u012ekv\u0117pta skandinavi\u0161ko stiliaus paprastumo, \u0161i spinta pasi\u017eymi erdviu interjeru, tiksliu erdv\u0117s paskirstymu ir moderniu dizainu, puikiai tinkan\u010diu [\u2026]<\/p>","protected":false},"featured_media":265901,"comment_status":"open","ping_status":"open","template":"","meta":[],"product_brand":[],"product_cat":[9200,1177],"product_tag":[],"class_list":{"0":"post-265900","1":"product","2":"type-product","3":"status-publish","4":"has-post-thumbnail","6":"product_cat-black-red-white","7":"product_cat-wardrobes","9":"first","10":"instock","11":"purchasable","12":"product-type-simple"},"_links":{"self":[{"href":"https:\/\/baldumarket.lt\/lt\/wp-json\/wp\/v2\/product\/265900","targetHints":{"allow":["GET"]}}],"collection":[{"href":"https:\/\/baldumarket.lt\/lt\/wp-json\/wp\/v2\/product"}],"about":[{"href":"https:\/\/baldumarket.lt\/lt\/wp-json\/wp\/v2\/types\/product"}],"replies":[{"embeddable":true,"href":"https:\/\/baldumarket.lt\/lt\/wp-json\/wp\/v2\/comments?post=265900"}],"wp:featuredmedia":[{"embeddable":true,"href":"https:\/\/baldumarket.lt\/lt\/wp-json\/wp\/v2\/media\/265901"}],"wp:attachment":[{"href":"https:\/\/baldumarket.lt\/lt\/wp-json\/wp\/v2\/media?parent=265900"}],"wp:term":[{"taxonomy":"product_brand","embeddable":true,"href":"https:\/\/baldumarket.lt\/lt\/wp-json\/wp\/v2\/product_brand?post=265900"},{"taxonomy":"product_cat","embeddable":true,"href":"https:\/\/baldumarket.lt\/lt\/wp-json\/wp\/v2\/product_cat?post=265900"},{"taxonomy":"product_tag","embeddable":true,"href":"https:\/\/baldumarket.lt\/lt\/wp-json\/wp\/v2\/product_tag?post=265900"}],"curies":[{"name":"wp","href":"https:\/\/api.w.org\/{rel}","templated":true}]}}