{"id":265897,"date":"2026-01-14T00:16:09","date_gmt":"2026-01-13T21:16:09","guid":{"rendered":"https:\/\/baldumarket.lt\/product\/szafa-czterodrzwiowa-flex-200-cm-grafit\/"},"modified":"2026-02-11T18:18:32","modified_gmt":"2026-02-11T15:18:32","slug":"szafa-czterodrzwiowa-flex-200-cm-grafit","status":"publish","type":"product","link":"https:\/\/baldumarket.lt\/lt\/product\/szafa-czterodrzwiowa-flex-200-cm-grafit\/","title":{"rendered":"FLEX keturi\u0173 dur\u0173 spinta 200 cm grafito spalvos"},"content":{"rendered":"<p>\u201eFlex\u201c spinta \u2013 patogumas ir stilius. \u012esp\u016bding\u0173 200 x 240 x 66 cm matmen\u0173 \u201eFlex\u201c spinta yra patogumo ir funkcionalumo \u012fsik\u016bnijimas daikt\u0173 laikymo srityje. \u0160i keturi\u0173 dur\u0173 spinta, sukurta dideliam drabu\u017ei\u0173, aksesuar\u0173 ir bat\u0173 kiekiui, sujungia tvirt\u0105 konstrukcij\u0105 su eleganti\u0161ku dizainu, u\u017etikrindama stabilum\u0105 ir ilgaam\u017ei\u0161kum\u0105. Spintos vidus \u2013 tikras organizavimo prieglobstis. Trys pakabinimo b\u0117geliai leid\u017eia patogiai laikyti mar\u0161kinius, striukes, kelnes ir sukneles, pa\u0161alinant rauk\u0161les ir glam\u017eym\u0105si, sutaupant laiko lyginant. A\u0161tuonios erdvios lentynos spintos vir\u0161uje suteikia papildomos vietos patalynei, rank\u0161luos\u010diams ir sezoniniams drabu\u017eiams laikyti, o jas galima pritaikyti pagal j\u016bs\u0173 poreikius. Keturi erdv\u016bs stal\u010diai spintos apa\u010dioje leid\u017eia laikyti ma\u017eesnius daiktus, tokius kaip apatiniai drabu\u017eiai, kojin\u0117s ir aksesuarai. Visi\u0161kas i\u0161traukimas ir \u0161velnaus u\u017edarymo mechanizmas paver\u010dia kasdien\u012f stal\u010di\u0173 naudojim\u0105 tikru malonumu. Kampuotos bat\u0173 lentynos de\u0161in\u0117je pus\u0117je ir penkios papildomos lentynos vir\u0161 j\u0173 suteikia vietos palaidin\u0117ms, mar\u0161kin\u0117liams ar d\u017einsams, kartu u\u017etikrinant tvarking\u0105 ir organizuot\u0105 i\u0161vaizd\u0105. Madingas spintos dizainas pasi\u017eymi esteti\u0161kai patraukliais fasadais su eleganti\u0161ku grafito r\u0117mu, o autenti\u0161kos odos rankenos suteikia unikalumo. Spintos vidus ir aksesuarai aptraukti prakti\u0161ka pilka drobe, suteikian\u010dia visai spintai modern\u0173 ir darn\u0173 vaizd\u0105. D\u0117l \u201eFlex\u201c spintos talpumo ir i\u0161mani\u0173 daikt\u0173 laikymo sprendim\u0173, spintoje, prie\u0161kambaryje ar miegamajame \u012fgysite daugiau erdv\u0117s ir tvarkos, m\u0117gaudamiesi estetika ir komfortu.<\/p>\n<p>Prek\u0117s kodas F57-SZAFA_ZESTAW_121-GF Simbolis ZM EAN Plotis 200 cm Gylis 66 cm Auk\u0161tis 240 cm Kolekcija \u201eFlex\u201c Spalva grafito Atspalvis pilkas Stilius modernus Med\u017eiaga laminatas Dur\u0173 skai\u010dius 4 dur\u0173 Stal\u010di\u0173 skai\u010dius 4 stal\u010diai Rankena su ranken\u0117l\u0117mis Ap\u0161vietimas pasirenkamas Gamintojas Juoda Raudona Balta Baldo tipas Spintos PVM mokestis 23% EAN 5906123847599<\/p>","protected":false},"excerpt":{"rendered":"<p>Flex Wardrobe &#8211; Comfort and Style. The Flex Wardrobe, with its impressive dimensions of 200 x 240 x 66 cm, is the definition of comfort and functionality in storage. Designed to accommodate a large number of clothes, accessories, and shoes, this four-door wardrobe combines solid construction with elegant design, ensuring stability and long-lasting use. The [&hellip;]<\/p>","protected":false},"featured_media":265898,"comment_status":"open","ping_status":"open","template":"","meta":[],"product_brand":[],"product_cat":[9200,1177],"product_tag":[],"class_list":{"0":"post-265897","1":"product","2":"type-product","3":"status-publish","4":"has-post-thumbnail","6":"product_cat-black-red-white","7":"product_cat-wardrobes","9":"first","10":"instock","11":"purchasable","12":"product-type-simple"},"_links":{"self":[{"href":"https:\/\/baldumarket.lt\/lt\/wp-json\/wp\/v2\/product\/265897","targetHints":{"allow":["GET"]}}],"collection":[{"href":"https:\/\/baldumarket.lt\/lt\/wp-json\/wp\/v2\/product"}],"about":[{"href":"https:\/\/baldumarket.lt\/lt\/wp-json\/wp\/v2\/types\/product"}],"replies":[{"embeddable":true,"href":"https:\/\/baldumarket.lt\/lt\/wp-json\/wp\/v2\/comments?post=265897"}],"wp:featuredmedia":[{"embeddable":true,"href":"https:\/\/baldumarket.lt\/lt\/wp-json\/wp\/v2\/media\/265898"}],"wp:attachment":[{"href":"https:\/\/baldumarket.lt\/lt\/wp-json\/wp\/v2\/media?parent=265897"}],"wp:term":[{"taxonomy":"product_brand","embeddable":true,"href":"https:\/\/baldumarket.lt\/lt\/wp-json\/wp\/v2\/product_brand?post=265897"},{"taxonomy":"product_cat","embeddable":true,"href":"https:\/\/baldumarket.lt\/lt\/wp-json\/wp\/v2\/product_cat?post=265897"},{"taxonomy":"product_tag","embeddable":true,"href":"https:\/\/baldumarket.lt\/lt\/wp-json\/wp\/v2\/product_tag?post=265897"}],"curies":[{"name":"wp","href":"https:\/\/api.w.org\/{rel}","templated":true}]}}