{"id":265894,"date":"2026-01-14T00:16:07","date_gmt":"2026-01-13T21:16:07","guid":{"rendered":"https:\/\/baldumarket.lt\/product\/szafa-czterodrzwiowa-flex-200-cm-bialy\/"},"modified":"2026-02-11T18:18:32","modified_gmt":"2026-02-11T15:18:32","slug":"szafa-czterodrzwiowa-flex-200-cm-bialy","status":"publish","type":"product","link":"https:\/\/baldumarket.lt\/lt\/product\/szafa-czterodrzwiowa-flex-200-cm-bialy\/","title":{"rendered":"FLEX keturi\u0173 dur\u0173 spinta, 200 cm, balta"},"content":{"rendered":"<p>\u201eFlex\u201c spinta \u2013 auk\u0161to lygio daikt\u0173 laikymo sistema. \u012esp\u016bding\u0173 200 x 240 x 66 cm matmen\u0173 \u201eFlex\u201c spinta \u2013 puikus sprendimas tiems, kurie vertina funkcionalum\u0105 ir stili\u0173. \u0160i keturi\u0173 dur\u0173 spinta, sukurta dideliam drabu\u017ei\u0173, aksesuar\u0173 ir bat\u0173 kiekiui, si\u016blo ne tik \u012fsp\u016bding\u0105 erdv\u0119, bet ir tvirt\u0105 konstrukcij\u0105, u\u017etikrinan\u010di\u0105 stabilum\u0105 ir ilgaam\u017ei\u0161kum\u0105. Spintos vidus yra puikiai sutvarkytas, tod\u0117l drabu\u017eiai ir kiti daiktai lengvai pasiekiami. Trys pakabinimo b\u0117geliai leid\u017eia laikyti mar\u0161kinius, striukes, kelnes ir sukneles, pa\u0161alinant rauk\u0161les ir glam\u017eym\u0105si, o tai savo ruo\u017etu taupo laik\u0105 lyginant. A\u0161tuonios erdvios lentynos spintos vir\u0161uje suteikia papildomos vietos patalynei, rank\u0161luos\u010diams ir sezoniniams drabu\u017eiams laikyti. Lentynas galima pritaikyti pagal j\u016bs\u0173 poreikius, i\u0161d\u0117stant konteinerius ar d\u0117\u017ees. Keturi erdv\u016bs stal\u010diai spintos apa\u010dioje leid\u017eia laikyti ma\u017eesnius daiktus, tokius kaip apatiniai drabu\u017eiai, kojin\u0117s ir aksesuarai. D\u0117l pilno i\u0161traukimo ir \u0161velnaus u\u017edarymo mechanizmo kasdienis naudojimas tampa itin patogus. De\u0161in\u0117je spintos pus\u0117je bat\u0173 lentynos i\u0161d\u0117stytos kampu, tod\u0117l juos lengva pasiekti ir taupoma vieta. Vir\u0161 \u0161i\u0173 lentyn\u0173 ir stal\u010di\u0173 yra penkios papildomos lentynos, puikiai tinkan\u010dios palaidin\u0117ms, mar\u0161kin\u0117liams ar d\u017einsams laikyti. Madingas \u0161ios spintos dizainas pasi\u017eymi esteti\u0161kai patraukliais baltais fasadais su r\u0117mu ir auksin\u0117mis ta\u0161kuotomis rankenomis, kurios skland\u017eiai dera prie modernaus interjero. Spintos vidus ir aksesuarai aptraukti prakti\u0161ka pilka drobe. Su \u0161ia erdvia \u201eFlex\u201c spinta galite lengvai sukurti daugiau erdv\u0117s ir tvarkos savo spintoje, koridoriuje ar miegamajame, m\u0117gaudamiesi kasdienio naudojimo patogumu.<\/p>\n<p>Prek\u0117s kodas F57-SZAFA_ZESTAW_120-BI Simbolis ZM EAN Plotis 200 cm Gylis 66 cm Auk\u0161tis 240 cm Kolekcija \u201eFlex\u201c Spalva balta Atspalvis baltas Stilius modernus Med\u017eiaga laminatas Dureli\u0173 skai\u010dius 4 dur\u0173 Stal\u010di\u0173 skai\u010dius 4 stal\u010diai Rankena su ranken\u0117l\u0117mis Ap\u0161vietimas pasirenkamas Gamintojas Juoda Raudona Balta Baldo tipas Spintos PVM mokestis 23% EAN 5906123847575<\/p>","protected":false},"excerpt":{"rendered":"<p>Flex Wardrobe &#8211; High-Standard Storage. The Flex Wardrobe, with its impressive dimensions of 200 x 240 x 66 cm, is the perfect solution for those who value functionality and style. Designed to accommodate a large number of clothes, accessories, and shoes, this four-door wardrobe not only offers impressive space but also a solid construction, ensuring [&hellip;]<\/p>","protected":false},"featured_media":265895,"comment_status":"open","ping_status":"open","template":"","meta":[],"product_brand":[],"product_cat":[9200,1177],"product_tag":[],"class_list":{"0":"post-265894","1":"product","2":"type-product","3":"status-publish","4":"has-post-thumbnail","6":"product_cat-black-red-white","7":"product_cat-wardrobes","9":"first","10":"instock","11":"purchasable","12":"product-type-simple"},"_links":{"self":[{"href":"https:\/\/baldumarket.lt\/lt\/wp-json\/wp\/v2\/product\/265894","targetHints":{"allow":["GET"]}}],"collection":[{"href":"https:\/\/baldumarket.lt\/lt\/wp-json\/wp\/v2\/product"}],"about":[{"href":"https:\/\/baldumarket.lt\/lt\/wp-json\/wp\/v2\/types\/product"}],"replies":[{"embeddable":true,"href":"https:\/\/baldumarket.lt\/lt\/wp-json\/wp\/v2\/comments?post=265894"}],"wp:featuredmedia":[{"embeddable":true,"href":"https:\/\/baldumarket.lt\/lt\/wp-json\/wp\/v2\/media\/265895"}],"wp:attachment":[{"href":"https:\/\/baldumarket.lt\/lt\/wp-json\/wp\/v2\/media?parent=265894"}],"wp:term":[{"taxonomy":"product_brand","embeddable":true,"href":"https:\/\/baldumarket.lt\/lt\/wp-json\/wp\/v2\/product_brand?post=265894"},{"taxonomy":"product_cat","embeddable":true,"href":"https:\/\/baldumarket.lt\/lt\/wp-json\/wp\/v2\/product_cat?post=265894"},{"taxonomy":"product_tag","embeddable":true,"href":"https:\/\/baldumarket.lt\/lt\/wp-json\/wp\/v2\/product_tag?post=265894"}],"curies":[{"name":"wp","href":"https:\/\/api.w.org\/{rel}","templated":true}]}}