{"id":265870,"date":"2026-01-14T00:15:47","date_gmt":"2026-01-13T21:15:47","guid":{"rendered":"https:\/\/baldumarket.lt\/product\/szafa-czterodrzwiowa-fabio-bialy-dab-artisan\/"},"modified":"2026-02-11T18:18:32","modified_gmt":"2026-02-11T15:18:32","slug":"szafa-czterodrzwiowa-fabio-bialy-dab-artisan","status":"publish","type":"product","link":"https:\/\/baldumarket.lt\/lt\/product\/szafa-czterodrzwiowa-fabio-bialy-dab-artisan\/","title":{"rendered":"FABIO keturi\u0173 dur\u0173 spinta, balta\/artisan \u0105\u017euolas"},"content":{"rendered":"<p>\u201eFabio\u201c spinta \u2013 paprasta elegancija ir i\u0161skirtinis funkcionalumas. \u201eFabio\u201c spinta yra daugiau nei baldas; ji derina modern\u0173 dizain\u0105 su prakti\u0161kais sprendimais, skirta tiems, kurie vertina paprastum\u0105 ir elegancij\u0105. Ji puikiai tiks miegamajame, persirengimo kambaryje ar prie\u0161kambaryje, suteikdama daug vietos daiktams susid\u0117ti. Dirbtinio \u0105\u017euolo ir matin\u0117s baltos spalvos derinys suteikia \u201eFabio\u201c spintai unikal\u0173 charakter\u012f. Paprastas, ta\u010diau ry\u0161kus spalv\u0173 derinys sukuria darni\u0105 ir mading\u0105 i\u0161vaizd\u0105, kuri skland\u017eiai dera su \u012fvairiais interjero dizainais. Stumdomos durys centre ir varstomos durys \u0161onuose yra ne tik dizaino elementas, bet ir prakti\u0161kas vietos taupymo sprendimas. U\u017e j\u0173 yra du pakabinimo b\u0117geliai, idealiai tinkantys mar\u0161kiniams, striuk\u0117ms, \u0161varkams ar keln\u0117ms laikyti, apsaugant juos nuo rauk\u0161li\u0173. Apa\u010dioje yra vietos rankin\u0117ms, kuprin\u0117ms ar batams, o vir\u0161uje yra lentynos re\u010diau naudojamiems daiktams. U\u017e varstom\u0173 dur\u0173, kair\u0117je ir de\u0161in\u0117je pus\u0117se, yra patalyn\u0117s skyrius. De\u0161imt zon\u0173 leid\u017eia tiksliai sur\u016b\u0161iuoti ir sutvarkyti visus garderobo daiktus \u2013 nuo d\u017eins\u0173 ir mar\u0161kin\u0117li\u0173 iki apatini\u0173 drabu\u017ei\u0173, kojini\u0173 ir megztini\u0173. Vir\u0161utin\u0117s lentynos leid\u017eia tvarkingai susid\u0117ti rank\u0161luos\u010dius ir patalyn\u0119. \u201eFabio\u201c spinta yra ne tik esteti\u0161kai patraukli, bet ir turi daug vietos daiktams susid\u0117ti. Ji padeda kontroliuoti netvark\u0105 ir kartu pagerina j\u016bs\u0173 nam\u0173 stili\u0173. Pasirinkdami \u201eFabio\u201c spint\u0105, renkat\u0117s paprastum\u0105, elegancij\u0105 ir funkcionalum\u0105. Atraskite, kaip daikt\u0173 laikymo sistema gali b\u016bti tokia pat stilinga, kaip ir likusi j\u016bs\u0173 interjero dalis.<\/p>\n<p>Prek\u0117s kodas F71-SZF4D-BI\/DASN Simbolis ZM EAN Plotis 215 cm Gylis 60 cm Auk\u0161tis 210 cm Kolekcija Fabio Spalva balta\/artisan \u0105\u017euolas Gaubtas \u0161viesi mediena Stilius modernus Med\u017eiaga laminatas Dur\u0173 skai\u010dius 4 dur\u0173 Stal\u010di\u0173 skai\u010dius be stal\u010di\u0173 Rankena be ranken\u0117li\u0173 Gamintojas Juoda Raudona Balta Baldo tipas Spintos PVM 23% EAN 5906123850995<\/p>","protected":false},"excerpt":{"rendered":"<p>\u201eFabio\u201c spinta \u2013 paprasta elegancija ir i\u0161skirtinis funkcionalumas. \u201eFabio\u201c spinta yra daugiau nei tiesiog baldas; ji derina modern\u0173 dizain\u0105 su prakti\u0161kais sprendimais, skirta tiems, kurie vertina paprastum\u0105 ir elegancij\u0105. Ji puikiai tiks miegamajame, persirengimo kambaryje ar prie\u0161kambaryje, suteikdama daug vietos daiktams susid\u0117ti. Dirbtinio \u0105\u017euolo [\u2026]<\/p>","protected":false},"featured_media":265871,"comment_status":"open","ping_status":"open","template":"","meta":[],"product_brand":[],"product_cat":[9200,1177],"product_tag":[],"class_list":{"0":"post-265870","1":"product","2":"type-product","3":"status-publish","4":"has-post-thumbnail","6":"product_cat-black-red-white","7":"product_cat-wardrobes","9":"first","10":"instock","11":"purchasable","12":"product-type-simple"},"_links":{"self":[{"href":"https:\/\/baldumarket.lt\/lt\/wp-json\/wp\/v2\/product\/265870","targetHints":{"allow":["GET"]}}],"collection":[{"href":"https:\/\/baldumarket.lt\/lt\/wp-json\/wp\/v2\/product"}],"about":[{"href":"https:\/\/baldumarket.lt\/lt\/wp-json\/wp\/v2\/types\/product"}],"replies":[{"embeddable":true,"href":"https:\/\/baldumarket.lt\/lt\/wp-json\/wp\/v2\/comments?post=265870"}],"wp:featuredmedia":[{"embeddable":true,"href":"https:\/\/baldumarket.lt\/lt\/wp-json\/wp\/v2\/media\/265871"}],"wp:attachment":[{"href":"https:\/\/baldumarket.lt\/lt\/wp-json\/wp\/v2\/media?parent=265870"}],"wp:term":[{"taxonomy":"product_brand","embeddable":true,"href":"https:\/\/baldumarket.lt\/lt\/wp-json\/wp\/v2\/product_brand?post=265870"},{"taxonomy":"product_cat","embeddable":true,"href":"https:\/\/baldumarket.lt\/lt\/wp-json\/wp\/v2\/product_cat?post=265870"},{"taxonomy":"product_tag","embeddable":true,"href":"https:\/\/baldumarket.lt\/lt\/wp-json\/wp\/v2\/product_tag?post=265870"}],"curies":[{"name":"wp","href":"https:\/\/api.w.org\/{rel}","templated":true}]}}