{"id":265836,"date":"2026-01-14T00:15:20","date_gmt":"2026-01-13T21:15:20","guid":{"rendered":"https:\/\/baldumarket.lt\/product\/stol-rozkladany-ramen-plus-mini-100-140-cm-dab-artisan-czarny\/"},"modified":"2026-02-11T18:18:33","modified_gmt":"2026-02-11T15:18:33","slug":"stol-rozkladany-ramen-plus-mini-100-140-cm-dab-artisan-czarny","status":"publish","type":"product","link":"https:\/\/baldumarket.lt\/lt\/product\/stol-rozkladany-ramen-plus-mini-100-140-cm-dab-artisan-czarny\/","title":{"rendered":"RAMEN PLUS MINI i\u0161traukiamas stalas, 100\u2013140 cm, dirbtinio \u0105\u017euolo\/juodos spalvos"},"content":{"rendered":"<p>\u201eRamen MINI\u201c stalas \u2013 funkcionalumas ir stilius j\u016bs\u0173 valgomajam. Patogumas ir funkcionalumas. \u201eRamen MINI\u201c stalas \u2013 puikus pasirinkimas tiems, kurie m\u0117gsta \u0161eimos pietus. D\u0117l reguliuojamo stalvir\u0161io ilgio galite lengvai pritaikyti jo dyd\u012f prie sve\u010di\u0173 skai\u010diaus. \u012ed\u0117klas po stalvir\u0161iu leid\u017eia greitai prailginti stal\u0105 iki 160 cm, taip sukuriant daugiau vietos patiekal\u0173 serviravimui ir susib\u016brimams. \u201eRamen MINI\u201c dizainas ir stilius \u017eavi savo paprastumu ir elegancija. D\u0117l universalaus dizaino jis puikiai tinka \u012fvairiems interjero stiliams \u2013 nuo klasikinio iki modernaus. \u0160is stalvir\u0161is, kur\u012f galima \u012fsigyti penki\u0173 spalv\u0173, der\u0117s prie j\u016bs\u0173 valgomojo stiliaus. Savyb\u0117s: Vandens pagrindo lakas ir laminuotas stalvir\u0161is \u2013 lengvai valomas. Vandens pagrindo lako r\u0117mas \u2013 ekologi\u0161kas. \u012ed\u0117klas po stalvir\u0161iu \u2013 prailginamas iki 160 cm. Reguliuojamas stalvir\u0161io ilgis \u2013 prisitaiko prie j\u016bs\u0173 poreiki\u0173. Universalus ir eleganti\u0161kas dizainas. Spalva: Artisan Oak\/Black. Matmenys: 75x75x100-140 cm. Santrauka: \u201eRamen MINI\u201c stalas apjungia funkcionalum\u0105, patvarum\u0105 ir eleganti\u0161k\u0105 i\u0161vaizd\u0105. Reguliuojamas stalvir\u0161is, patvarus pavir\u0161ius ir spalv\u0173 pasirinkimo galimyb\u0117s paver\u010dia j\u012f valgomojo kambario traukos centru, puikiai tinkan\u010diu kasdieniams patiekalams ir \u0161eimos susib\u016brimams.<\/p>\n<p>Prek\u0117s kodas DEC-STO-RAMEN_PLUS_MINI-DASN\/CA Ilgis 100\u2013140 cm Plotis 60 cm Auk\u0161tis 75 cm Kolekcija \u201eRamen\u201c Spalva: meni\u0161kas \u0105\u017euolas\/juoda Gaubtas: \u0161viesi mediena Stilius: modernus Med\u017eiaga: laminatas Stalvir\u0161is: laminatas R\u0117mas: laminatas Forma: sta\u010diakampis Prailginimas: i\u0161traukiamas Gamintojas: juoda Raudona Balta Bald\u0173 tipas: stalai PVM 23% EAN 5906123128568<\/p>","protected":false},"excerpt":{"rendered":"<p>\u201eRamen MINI\u201c stalas \u2013 funkcionalumas ir stilius j\u016bs\u0173 valgomajam. Patogumas ir funkcionalumas. \u201eRamen MINI\u201c stalas \u2013 puikus pasirinkimas tiems, kurie m\u0117gsta \u0161eimos pietus. D\u0117l reguliuojamo stalvir\u0161io ilgio jo dyd\u012f galite lengvai pritaikyti prie sve\u010di\u0173 skai\u010diaus. \u012ed\u0117klas po stalvir\u0161iu leid\u017eia greitai prailginti [\u2026]<\/p>","protected":false},"featured_media":265837,"comment_status":"open","ping_status":"open","template":"","meta":[],"product_brand":[],"product_cat":[9200,1934],"product_tag":[],"class_list":{"0":"post-265836","1":"product","2":"type-product","3":"status-publish","4":"has-post-thumbnail","6":"product_cat-black-red-white","7":"product_cat-tables","9":"first","10":"instock","11":"purchasable","12":"product-type-simple"},"_links":{"self":[{"href":"https:\/\/baldumarket.lt\/lt\/wp-json\/wp\/v2\/product\/265836","targetHints":{"allow":["GET"]}}],"collection":[{"href":"https:\/\/baldumarket.lt\/lt\/wp-json\/wp\/v2\/product"}],"about":[{"href":"https:\/\/baldumarket.lt\/lt\/wp-json\/wp\/v2\/types\/product"}],"replies":[{"embeddable":true,"href":"https:\/\/baldumarket.lt\/lt\/wp-json\/wp\/v2\/comments?post=265836"}],"wp:featuredmedia":[{"embeddable":true,"href":"https:\/\/baldumarket.lt\/lt\/wp-json\/wp\/v2\/media\/265837"}],"wp:attachment":[{"href":"https:\/\/baldumarket.lt\/lt\/wp-json\/wp\/v2\/media?parent=265836"}],"wp:term":[{"taxonomy":"product_brand","embeddable":true,"href":"https:\/\/baldumarket.lt\/lt\/wp-json\/wp\/v2\/product_brand?post=265836"},{"taxonomy":"product_cat","embeddable":true,"href":"https:\/\/baldumarket.lt\/lt\/wp-json\/wp\/v2\/product_cat?post=265836"},{"taxonomy":"product_tag","embeddable":true,"href":"https:\/\/baldumarket.lt\/lt\/wp-json\/wp\/v2\/product_tag?post=265836"}],"curies":[{"name":"wp","href":"https:\/\/api.w.org\/{rel}","templated":true}]}}