{"id":265812,"date":"2026-01-14T00:14:59","date_gmt":"2026-01-13T21:14:59","guid":{"rendered":"https:\/\/baldumarket.lt\/product\/stol-rozkladany-ramen-plus-midi-120-160-cm-czarny\/"},"modified":"2026-02-11T18:18:33","modified_gmt":"2026-02-11T15:18:33","slug":"stol-rozkladany-ramen-plus-midi-120-160-cm-czarny","status":"publish","type":"product","link":"https:\/\/baldumarket.lt\/lt\/product\/stol-rozkladany-ramen-plus-midi-120-160-cm-czarny\/","title":{"rendered":"RAMEN PLUS MIDI i\u0161traukiamas stalas, 120\u2013160 cm, juodas"},"content":{"rendered":"<p>\u201eRamen\u201c stalas \u2013 funkcionalumas ir stilius j\u016bs\u0173 valgomajame. Patogumas ir funkcionalumas. \u201eRamen\u201c stalas \u2013 puikus pasirinkimas tiems, kurie m\u0117gsta \u0161eimos pietus. Reguliuojamas stalvir\u0161io ilgis leid\u017eia lengvai pritaikyti jo dyd\u012f prie sve\u010di\u0173 skai\u010diaus. \u012ed\u0117klas po stalvir\u0161iu leid\u017eia greitai prailginti stal\u0105 iki 160 cm, taip sukuriant daugiau vietos patiekal\u0173 serviravimui ir susib\u016brimams. \u201eRamen\u201c dizainas ir stilius \u017eavi savo paprastumu ir elegancija. Universalus dizainas puikiai tinka \u012fvairiems interjero stiliams \u2013 nuo klasikinio iki modernaus. Galima rinktis i\u0161 penki\u0173 spalv\u0173, tod\u0117l stalvir\u0161is gali b\u016bti priderintas prie j\u016bs\u0173 valgomojo charakterio. Ypatingos savyb\u0117s: Vandens pagrindo lakas ir laminuotas stalvir\u0161is \u2013 lengvai valomi. Vandens pagrindo lako r\u0117mas \u2013 ekologi\u0161kas. \u012ed\u0117klas po stalvir\u0161iu \u2013 prailgina stal\u0105 iki 160 cm. Reguliuojamas stalvir\u0161io ilgis \u2013 prisitaiko prie j\u016bs\u0173 poreiki\u0173. Universalus ir eleganti\u0161kas dizainas. Spalva: Alpi\u0173 balta. Matmenys: 75x75x120-160 cm. Santrauka. \u201eRamen\u201c stalas apjungia funkcionalum\u0105, patvarum\u0105 ir eleganti\u0161k\u0105 i\u0161vaizd\u0105. Reguliuojamas stalvir\u0161is, patvarus pavir\u0161ius ir spalv\u0173 pasirinkimas paver\u010dia j\u012f valgomojo kambario traukos centru, puikiai tinkan\u010diu kasdieniams patiekalams ir \u0161eimos susib\u016brimams.<\/p>\n<p>Prek\u0117s kodas DEC-STO-RAMEN_PLUS_MIDI-CA Ilgis 120-160 cm Plotis 75 cm Auk\u0161tis 75 cm Kolekcija \u201eRamen\u201c Spalva juoda Atspalvis juodas Stilius modernus Med\u017eiaga laminatas Stalvir\u0161is laminatas R\u0117mas laminatas Forma sta\u010diakampis Prailginimas i\u0161traukiamas Gamintojas Juoda Raudona Balta Bald\u0173 tipas Stalai PVM 23% EAN 5906123128483<\/p>","protected":false},"excerpt":{"rendered":"<p>\u201eRamen\u201c stalas \u2013 funkcionalumas ir stilius j\u016bs\u0173 valgomajame. Patogumas ir funkcionalumas. \u201eRamen\u201c stalas \u2013 puikus pasirinkimas tiems, kurie m\u0117gsta \u0161eimos pietus. Reguliuojamas stalvir\u0161io ilgis leid\u017eia lengvai pritaikyti jo dyd\u012f prie sve\u010di\u0173 skai\u010diaus. \u012ed\u0117klas po stalvir\u0161iu leid\u017eia greitai prailginti stal\u0105 [\u2026]<\/p>","protected":false},"featured_media":265813,"comment_status":"open","ping_status":"open","template":"","meta":[],"product_brand":[],"product_cat":[9200,1934],"product_tag":[],"class_list":{"0":"post-265812","1":"product","2":"type-product","3":"status-publish","4":"has-post-thumbnail","6":"product_cat-black-red-white","7":"product_cat-tables","9":"first","10":"instock","11":"product-type-simple"},"_links":{"self":[{"href":"https:\/\/baldumarket.lt\/lt\/wp-json\/wp\/v2\/product\/265812","targetHints":{"allow":["GET"]}}],"collection":[{"href":"https:\/\/baldumarket.lt\/lt\/wp-json\/wp\/v2\/product"}],"about":[{"href":"https:\/\/baldumarket.lt\/lt\/wp-json\/wp\/v2\/types\/product"}],"replies":[{"embeddable":true,"href":"https:\/\/baldumarket.lt\/lt\/wp-json\/wp\/v2\/comments?post=265812"}],"wp:featuredmedia":[{"embeddable":true,"href":"https:\/\/baldumarket.lt\/lt\/wp-json\/wp\/v2\/media\/265813"}],"wp:attachment":[{"href":"https:\/\/baldumarket.lt\/lt\/wp-json\/wp\/v2\/media?parent=265812"}],"wp:term":[{"taxonomy":"product_brand","embeddable":true,"href":"https:\/\/baldumarket.lt\/lt\/wp-json\/wp\/v2\/product_brand?post=265812"},{"taxonomy":"product_cat","embeddable":true,"href":"https:\/\/baldumarket.lt\/lt\/wp-json\/wp\/v2\/product_cat?post=265812"},{"taxonomy":"product_tag","embeddable":true,"href":"https:\/\/baldumarket.lt\/lt\/wp-json\/wp\/v2\/product_tag?post=265812"}],"curies":[{"name":"wp","href":"https:\/\/api.w.org\/{rel}","templated":true}]}}