{"id":265796,"date":"2026-01-14T00:14:47","date_gmt":"2026-01-13T21:14:47","guid":{"rendered":"https:\/\/baldumarket.lt\/product\/stol-rozkladany-ostia-90-160-200-cm-dab-artisan-czarny-blask\/"},"modified":"2026-02-11T18:18:34","modified_gmt":"2026-02-11T15:18:34","slug":"stol-rozkladany-ostia-90-160-200-cm-dab-artisan-czarny-blask","status":"publish","type":"product","link":"https:\/\/baldumarket.lt\/lt\/product\/stol-rozkladany-ostia-90-160-200-cm-dab-artisan-czarny-blask\/","title":{"rendered":"OSTIA i\u0161skleid\u017eiamas stalas 90\/160-200 cm, meni\u0161ko \u0105\u017euolo imitacija\/blizgi juoda spalva"},"content":{"rendered":"<p>\u201eOstia\u201c stalas \u2013 valgomojo karalius. Jei ie\u0161kote baldo, kuris tapt\u0173 j\u016bs\u0173 valgomojo traukos centru ir suteikt\u0173 erdv\u0119 \u0161eimos susib\u016brimams prie piet\u0173, \u201eOstia\u201c stalas gali pateisinti j\u016bs\u0173 l\u016bkes\u010dius. \u201eOstia\u201c kolekcijoje derinamos paprastos linijos, ry\u0161kus korpusas ir dekoratyvin\u0117s detal\u0117s, suteikian\u010dios baldui tvirt\u0105 charakter\u012f. \u201eOstia\u201c stalas puikiai tinka valgomajam, svetainei arba erdvei, jungian\u010diai virtuv\u0119 ir svetain\u0119, sukuriant erdv\u0119 bendriems valgymams. Jo i\u0161traukiamas stalvir\u0161is, kurio ilgis 160 cm, o plotis 90 cm, gali b\u016bti prailgintas, taip sukuriant papildomas s\u0117dimas vietas dviem asmenims. \u201eOstia\u201c kolekcija taip pat i\u0161siskiria unikaliu spalv\u0173 pasirinkimu. Stalvir\u0161is ir kojos apdailintos dirbtinio \u0105\u017euolo mediena, kuri\u0105 perskiria juodo \u0105\u017euolo r\u0117mo juostel\u0117. \u0160is eleganti\u0161kas derinys atkartoja kitus kolekcijos elementus, sukurdamas darni\u0105 i\u0161vaizd\u0105. \u201eOstia\u201c stalas yra tvirtos konstrukcijos, su L formos kojomis, u\u017etikrinan\u010diomis stabilum\u0105 ir patogum\u0105. \u0160is stalas yra b\u016btinas valgomojo elementas, ta\u010diau jis taip pat gali rasti viet\u0105 svetain\u0117je. \u201eOstia\u201c kolekcija si\u016blo daugyb\u0119 i\u0161d\u0117stymo galimybi\u0173, tod\u0117l tikrai rasite tinkam\u0105 kompozicij\u0105 savo interjerui.<\/p>\n<p>Prek\u0117s kodas S467-STO\/7\/16-DASN\/CABL Simbolis ZM EAN Ilgis 160-200 cm Plotis 90 cm Auk\u0161tis 76,5 cm Kolekcija Ostia Spalva meni\u0161kas \u0105\u017euolas\/juoda blizgi Gaubtas \u0161viesi mediena Stilius modernus Med\u017eiaga laminatas Stalvir\u0161is laminatas R\u0117mas laminatas Forma sta\u010diakampis Prailginimas i\u0161traukiamas Gamintojas Juoda Raudona Balta Bald\u0173 tipas Stalai PVM 23% EAN 5906123705219<\/p>","protected":false},"excerpt":{"rendered":"<p>\u201eOstia\u201c stalas \u2013 valgomojo karalius. Jei ie\u0161kote baldo, kuris tapt\u0173 j\u016bs\u0173 valgomojo traukos centru ir suteikt\u0173 erdv\u0119 \u0161eimos susib\u016brimams prie valgio, \u201eOstia\u201c stalas gali pateisinti j\u016bs\u0173 l\u016bkes\u010dius. \u201eOstia\u201c kolekcijoje derinamos paprastos linijos, dr\u0105sus korpusas ir dekoratyv\u016bs [\u2026]<\/p>","protected":false},"featured_media":265797,"comment_status":"open","ping_status":"open","template":"","meta":[],"product_brand":[],"product_cat":[9200,1934],"product_tag":[],"class_list":{"0":"post-265796","1":"product","2":"type-product","3":"status-publish","4":"has-post-thumbnail","6":"product_cat-black-red-white","7":"product_cat-tables","9":"first","10":"instock","11":"purchasable","12":"product-type-simple"},"_links":{"self":[{"href":"https:\/\/baldumarket.lt\/lt\/wp-json\/wp\/v2\/product\/265796","targetHints":{"allow":["GET"]}}],"collection":[{"href":"https:\/\/baldumarket.lt\/lt\/wp-json\/wp\/v2\/product"}],"about":[{"href":"https:\/\/baldumarket.lt\/lt\/wp-json\/wp\/v2\/types\/product"}],"replies":[{"embeddable":true,"href":"https:\/\/baldumarket.lt\/lt\/wp-json\/wp\/v2\/comments?post=265796"}],"wp:featuredmedia":[{"embeddable":true,"href":"https:\/\/baldumarket.lt\/lt\/wp-json\/wp\/v2\/media\/265797"}],"wp:attachment":[{"href":"https:\/\/baldumarket.lt\/lt\/wp-json\/wp\/v2\/media?parent=265796"}],"wp:term":[{"taxonomy":"product_brand","embeddable":true,"href":"https:\/\/baldumarket.lt\/lt\/wp-json\/wp\/v2\/product_brand?post=265796"},{"taxonomy":"product_cat","embeddable":true,"href":"https:\/\/baldumarket.lt\/lt\/wp-json\/wp\/v2\/product_cat?post=265796"},{"taxonomy":"product_tag","embeddable":true,"href":"https:\/\/baldumarket.lt\/lt\/wp-json\/wp\/v2\/product_tag?post=265796"}],"curies":[{"name":"wp","href":"https:\/\/api.w.org\/{rel}","templated":true}]}}