{"id":265788,"date":"2026-01-14T00:14:41","date_gmt":"2026-01-13T21:14:41","guid":{"rendered":"https:\/\/baldumarket.lt\/product\/stol-rozkladany-hesen-90x160-200-cm-grafit-dab-artisan\/"},"modified":"2026-02-11T18:18:34","modified_gmt":"2026-02-11T15:18:34","slug":"stol-rozkladany-hesen-90x160-200-cm-grafit-dab-artisan","status":"publish","type":"product","link":"https:\/\/baldumarket.lt\/lt\/product\/stol-rozkladany-hesen-90x160-200-cm-grafit-dab-artisan\/","title":{"rendered":"HESEN i\u0161skleid\u017eiamas stalas 90\u00d7160-200 cm grafito spalvos\/artisan \u0105\u017euolo spalvos"},"content":{"rendered":"<p>\u201eHesen\u201c stalas \u2013 tobula vieta \u0161eimos pietums ir susib\u016brimams. Valgomasis negali b\u016bti praleistas, o \u201eHesen\u201c stalas yra kiekvieno vakar\u0117lio ir kasdienio valgio karalius. Paprastas dizainas ir nat\u016bral\u0173 med\u017eio ra\u0161t\u0105 imituojantis laminatas paver\u010dia j\u012f puikiu modernaus dizaino atstovu. Pusry\u010diai, piet\u016bs, vakarien\u0117s, stalo \u017eaidimai, galvos\u016bkiai, ilgi pokalbiai \u2013 gyvenimas sukasi aplink \u201eHesen\u201c stal\u0105, tod\u0117l gerai, kad jis didelis ir prakti\u0161kas. Net ir paprastos formos prie jo telpa 6 \u017emon\u0117s. Prailginus stalvir\u0161\u012f, sukuriamos 2 papildomos vietos \u0161eimai ir draugams. Tamsaus grafito korpusas derinamas su gra\u017eiu, lakuotu meni\u0161ko \u0105\u017euolo stalvir\u0161iu. \u0160is spalv\u0173 derinys taip pat daro stal\u0105 puikiai tinkant\u012f lofto stiliaus interjerui. Nor\u0117dami derinti \u201eHesen\u201c stal\u0105 su k\u0117d\u0117mis, galite rinktis modelius i\u0161 tos pa\u010dios bald\u0173 linijos arba ie\u0161koti kit\u0173 paprast\u0173 k\u0117d\u017ei\u0173 su mediniais elementais. Prailginamas stalas tiks ne tik valgomajame, bet ir svetain\u0117je, konferencij\u0173 sal\u0117je ar restorane. Tai puiki vieta bendriems pietums ir \u0161eimos susib\u016brimams.<\/p>\n<p>Prek\u0117s kodas S515-STO\/7\/16-GF\/DASN Simbolis ZM EAN Ilgis 160-200 cm Plotis 90 cm Auk\u0161tis 76 cm Kolekcija Hesen Spalva grafito\/artisan \u0105\u017euolo Atspalvis grafito Stilius Skandinavi\u0161kas Med\u017eiaga laminatas Stalvir\u0161is laminatas R\u0117mas laminatas Forma sta\u010diakampis Prailginimas i\u0161traukiamas Gamintojas Juoda Raudona Balta Bald\u0173 tipas Stalai PVM 23% EAN 5906123812689<\/p>","protected":false},"excerpt":{"rendered":"<p>\u201eHesen\u201c stalas \u2013 puiki vieta \u0161eimos pietums ir susib\u016brimams. Valgomasis negali b\u016bti praleistas, o \u201eHesen\u201c stalas yra kiekvieno vakar\u0117lio ir kasdienio valgio karalius. Paprastas dizainas ir nat\u016bralaus med\u017eio ra\u0161to imitacija paver\u010dia j\u012f puikiu modernaus dizaino atstovu. Pusry\u010diai, piet\u016bs, vakarien\u0117s, vai\u0161\u0117s [\u2026]<\/p>","protected":false},"featured_media":265789,"comment_status":"open","ping_status":"open","template":"","meta":[],"product_brand":[],"product_cat":[9200,1934],"product_tag":[],"class_list":{"0":"post-265788","1":"product","2":"type-product","3":"status-publish","4":"has-post-thumbnail","6":"product_cat-black-red-white","7":"product_cat-tables","9":"first","10":"instock","11":"purchasable","12":"product-type-simple"},"_links":{"self":[{"href":"https:\/\/baldumarket.lt\/lt\/wp-json\/wp\/v2\/product\/265788","targetHints":{"allow":["GET"]}}],"collection":[{"href":"https:\/\/baldumarket.lt\/lt\/wp-json\/wp\/v2\/product"}],"about":[{"href":"https:\/\/baldumarket.lt\/lt\/wp-json\/wp\/v2\/types\/product"}],"replies":[{"embeddable":true,"href":"https:\/\/baldumarket.lt\/lt\/wp-json\/wp\/v2\/comments?post=265788"}],"wp:featuredmedia":[{"embeddable":true,"href":"https:\/\/baldumarket.lt\/lt\/wp-json\/wp\/v2\/media\/265789"}],"wp:attachment":[{"href":"https:\/\/baldumarket.lt\/lt\/wp-json\/wp\/v2\/media?parent=265788"}],"wp:term":[{"taxonomy":"product_brand","embeddable":true,"href":"https:\/\/baldumarket.lt\/lt\/wp-json\/wp\/v2\/product_brand?post=265788"},{"taxonomy":"product_cat","embeddable":true,"href":"https:\/\/baldumarket.lt\/lt\/wp-json\/wp\/v2\/product_cat?post=265788"},{"taxonomy":"product_tag","embeddable":true,"href":"https:\/\/baldumarket.lt\/lt\/wp-json\/wp\/v2\/product_tag?post=265788"}],"curies":[{"name":"wp","href":"https:\/\/api.w.org\/{rel}","templated":true}]}}