{"id":265780,"date":"2026-01-14T00:14:35","date_gmt":"2026-01-13T21:14:35","guid":{"rendered":"https:\/\/baldumarket.lt\/product\/stol-rozkladany-gent-brussel-160-240-cm-dab-stirling\/"},"modified":"2026-02-11T18:18:34","modified_gmt":"2026-02-11T15:18:34","slug":"stol-rozkladany-gent-brussel-160-240-cm-dab-stirling","status":"publish","type":"product","link":"https:\/\/baldumarket.lt\/lt\/product\/stol-rozkladany-gent-brussel-160-240-cm-dab-stirling\/","title":{"rendered":"GENT Brussel i\u0161traukiamas stalas 160\u2013240 cm, \u0105\u017euolo spalvos"},"content":{"rendered":"<p>Stalas \u2013 nepakei\u010diamas valgomojo elementas. Valgomojo stalas yra vienas i\u0161 pagrindini\u0173 \u0161ios kolekcijos element\u0173, tikrai patenkinsiantis net ir reikliausi\u0173 vartotoj\u0173 l\u016bkes\u010dius. \u0160tai kod\u0117l verta j\u012f apsvarstyti: Universalus i\u0161traukiamas stalas: \u0161is stalas \u2013 tai baldas, puikiai atitinkantis \u012fvairius poreikius ir erdves. Modernus ir paprastas dizainas pasi\u017eymi i\u0161traukiama funkcija, leid\u017eian\u010dia stalvir\u0161io ilg\u012f reguliuoti pagal kambario dyd\u012f ir sve\u010di\u0173 skai\u010di\u0173. Galimi trys ilgio variantai, leid\u017eiantys stalvir\u0161\u012f prailginti iki 200 ir 240 cm, puikiai tinkantys didesniems \u0161eimos susib\u016brimams ar vakar\u0117liams. Sulankstytas stalvir\u0161is yra 160 cm ilgio, tod\u0117l j\u012f patogu naudoti kasdien. Stalvir\u0161is yra laminuotas, tod\u0117l yra atsparesnis \u012fbr\u0117\u017eimams ir kitiems mechaniniams pa\u017eeidimams. J\u012f galite naudoti kasdien, nesijaudindami d\u0117l baldo patvarumo. Stalas yra Stirling Oak ir Piana Oak medienos, abi su matomu ra\u0161tu ir lytimi, primenan\u010dia tikr\u0105 medien\u0105. \u0160ios universalios spalvos sukuria puik\u0173 fon\u0105 eleganti\u0161kiems stalo \u012frankiams ir aksesuarams, leisdamos derinti stal\u0105 prie likusio interjero. Stalo kojos yra patvarios ir stabilios, be to, jos yra ry\u0161kus dizaino elementas. \u0160is tvirtas pagrindas garantuoja stalo ilgaam\u017ei\u0161kum\u0105. Stalas puikiai dera su kitais \u201eGent\u201c kolekcijos baldais, tokiais kaip \u201eGent\u201c k\u0117d\u0117s ar madingai stilizuoti suolai. Tai leid\u017eia sukurti darni\u0105 ir harmoning\u0105 valgomojo ar bet kurio kito kambario, kuriame pastatysite \u0161\u012f stal\u0105, i\u0161vaizd\u0105. Stalas yra ne tik funkcionali valgomojo erdv\u0117, bet ir i\u0161skirtinis interjero dizaino elementas. D\u0117l savo universalumo ir auk\u0161tos kokyb\u0117s gamybos jis daugel\u012f met\u0173 tarnaus savo paskirt\u012f, i\u0161laikydamas modern\u0173 ir eleganti\u0161k\u0105 charakter\u012f. Tai b\u016btinas valgomojo elementas tiems, kurie vertina ir stili\u0173, ir funkcionalum\u0105.<\/p>\n<p>Prek\u0117s kodas S225-STO\/7\/16-DAST Simbolis ZM EAN Ilgis 160-200-240 cm Plotis 90 cm Auk\u0161tis 76 cm Kolekcija Gent Spalva stirling \u0105\u017euolas Atspalvis tamsi mediena Stilius modernus Med\u017eiaga laminatas Stalvir\u0161is laminatas R\u0117mas laminatas Forma sta\u010diakampis Prailginimas i\u0161traukiamas Gamintojas Juoda Raudona Balta Bald\u0173 tipas Stalai PVM mokestis 23% EAN 5906123922678<\/p>","protected":false},"excerpt":{"rendered":"<p>Stalas \u2013 nepakei\u010diamas valgomojo elementas. Valgomojo stalas yra vienas i\u0161 pagrindini\u0173 \u0161ios kolekcijos element\u0173, tikrai patenkinsiantis net ir reikliausi\u0173 vartotoj\u0173 l\u016bkes\u010dius. \u0160tai kod\u0117l verta j\u012f apsvarstyti: Universalus i\u0161skleid\u017eiamas stalas: \u0161is stalas yra baldas, puikiai atitinkantis \u012fvairius poreikius ir [\u2026]<\/p>","protected":false},"featured_media":265781,"comment_status":"open","ping_status":"open","template":"","meta":[],"product_brand":[],"product_cat":[9200,1934],"product_tag":[],"class_list":{"0":"post-265780","1":"product","2":"type-product","3":"status-publish","4":"has-post-thumbnail","6":"product_cat-black-red-white","7":"product_cat-tables","9":"first","10":"instock","11":"purchasable","12":"product-type-simple"},"_links":{"self":[{"href":"https:\/\/baldumarket.lt\/lt\/wp-json\/wp\/v2\/product\/265780","targetHints":{"allow":["GET"]}}],"collection":[{"href":"https:\/\/baldumarket.lt\/lt\/wp-json\/wp\/v2\/product"}],"about":[{"href":"https:\/\/baldumarket.lt\/lt\/wp-json\/wp\/v2\/types\/product"}],"replies":[{"embeddable":true,"href":"https:\/\/baldumarket.lt\/lt\/wp-json\/wp\/v2\/comments?post=265780"}],"wp:featuredmedia":[{"embeddable":true,"href":"https:\/\/baldumarket.lt\/lt\/wp-json\/wp\/v2\/media\/265781"}],"wp:attachment":[{"href":"https:\/\/baldumarket.lt\/lt\/wp-json\/wp\/v2\/media?parent=265780"}],"wp:term":[{"taxonomy":"product_brand","embeddable":true,"href":"https:\/\/baldumarket.lt\/lt\/wp-json\/wp\/v2\/product_brand?post=265780"},{"taxonomy":"product_cat","embeddable":true,"href":"https:\/\/baldumarket.lt\/lt\/wp-json\/wp\/v2\/product_cat?post=265780"},{"taxonomy":"product_tag","embeddable":true,"href":"https:\/\/baldumarket.lt\/lt\/wp-json\/wp\/v2\/product_tag?post=265780"}],"curies":[{"name":"wp","href":"https:\/\/api.w.org\/{rel}","templated":true}]}}