{"id":265773,"date":"2026-01-14T00:14:29","date_gmt":"2026-01-13T21:14:29","guid":{"rendered":"https:\/\/baldumarket.lt\/product\/stol-prostokatny-rozkladany-maren-130-180-cm-dab-artisan-czarny\/"},"modified":"2026-02-11T18:18:34","modified_gmt":"2026-02-11T15:18:34","slug":"stol-prostokatny-rozkladany-maren-130-180-cm-dab-artisan-czarny","status":"publish","type":"product","link":"https:\/\/baldumarket.lt\/lt\/product\/stol-prostokatny-rozkladany-maren-130-180-cm-dab-artisan-czarny\/","title":{"rendered":"MAREN sta\u010diakampis i\u0161traukiamas stalas, 130\u2013180 cm, meni\u0161ko \u0105\u017euolo\/juodos spalvos"},"content":{"rendered":"<p>Maren \u2013 i\u0161skleid\u017eiamas stalas ypatingoms progoms. Privalumai: \u2013 Laminatu dengtas stalvir\u0161is: atsparus pa\u017eeidimams laminuotas stalvir\u0161is padidina baldo ilgaam\u017ei\u0161kum\u0105, u\u017etikrindamas ilgalaik\u0119 estetik\u0105.<br \/>\n\u2013 Kompakti\u0161kas dydis: D\u0117l kompakti\u0161k\u0173 matmen\u0173 \u201eMaren\u201c stalas puikiai tinka ma\u017eoms erdv\u0117ms, nes leid\u017eia lanks\u010diai i\u0161d\u0117styti erdv\u0119.<br \/>\n\u2013 I\u0161traukiamas stalvir\u0161is iki 180 cm: i\u0161traukus stalvir\u0161\u012f iki \u012fsp\u016bdingo 180 cm ilgio, padid\u0117ja stalo naudingas pavir\u0161ius, puikiai tinkantis didesniems \u0161eimos susib\u016brimams ar \u0161vent\u0117ms.<br \/>\n\u2013 Universalus stilius: D\u0117l universalaus stiliaus \u201eMaren\u201c stalas lengvai prisitaiko prie \u012fvairi\u0173 interjero dizain\u0173, suteikdamas elegancijos ir funkcionalumo.<br \/>\n\u2013 Lieknos, dailios kojos: subtili\u0105 stalo i\u0161vaizd\u0105 pabr\u0117\u017eia lieknos, dailios kojos, suteikian\u010dios baldui lengvumo ir modernumo.<br \/>\n\u2013 Galima rinktis i\u0161 5 spalv\u0173 variant\u0173: platus spalv\u0173 pasirinkimas leid\u017eia priderinti \u201eMaren\u201c stal\u0105 prie individuali\u0173 pageidavim\u0173 ir kambario dekoro. \u2013 Specialiai pritaikytos k\u0117d\u0117s \u2013 Derinys su specialiomis \u201eAren\u201c k\u0117d\u0117mis gali sukurti darn\u0173 ir harmoning\u0105 valgomojo kambario i\u0161d\u0117stym\u0105, suteikiant visapusi\u0161k\u0105 dekor\u0105.<\/p>\n<p>Prek\u0117s kodas DEC-STO-MAREN_130\/90_R-DASN\/CA Simbolis ZM EAN Ilgis 130\u2013180 cm Plotis 90 cm Auk\u0161tis 77 cm Kolekcija Maren Spalva meni\u0161kas \u0105\u017euolas\/juoda Gaubtas \u0161viesi mediena Stilius modernus Med\u017eiaga mediena Stalvir\u0161is laminatas R\u0117mas mediena Forma sta\u010diakamp\u0117 I\u0161traukiama nei\u0161traukiama Gamintojas Juoda Raudona Balta Bald\u0173 tipas Stalai PVM 23% EAN 5906123124348<\/p>","protected":false},"excerpt":{"rendered":"<p>Maren &#8211; an extendable table for special occasions. Advantages: &#8211; Laminate-covered tabletop: The damage-resistant laminate tabletop increases the durability of the furniture, ensuring long-lasting aesthetics. &#8211; Compact size: Thanks to its compact dimensions, the Maren table is perfect for small spaces, allowing for flexible space arrangement. &#8211; Extendable tabletop up to 180 cm: Extending the [&hellip;]<\/p>","protected":false},"featured_media":265774,"comment_status":"open","ping_status":"open","template":"","meta":[],"product_brand":[],"product_cat":[9200,1934],"product_tag":[],"class_list":{"0":"post-265773","1":"product","2":"type-product","3":"status-publish","4":"has-post-thumbnail","6":"product_cat-black-red-white","7":"product_cat-tables","9":"first","10":"instock","11":"purchasable","12":"product-type-simple"},"_links":{"self":[{"href":"https:\/\/baldumarket.lt\/lt\/wp-json\/wp\/v2\/product\/265773","targetHints":{"allow":["GET"]}}],"collection":[{"href":"https:\/\/baldumarket.lt\/lt\/wp-json\/wp\/v2\/product"}],"about":[{"href":"https:\/\/baldumarket.lt\/lt\/wp-json\/wp\/v2\/types\/product"}],"replies":[{"embeddable":true,"href":"https:\/\/baldumarket.lt\/lt\/wp-json\/wp\/v2\/comments?post=265773"}],"wp:featuredmedia":[{"embeddable":true,"href":"https:\/\/baldumarket.lt\/lt\/wp-json\/wp\/v2\/media\/265774"}],"wp:attachment":[{"href":"https:\/\/baldumarket.lt\/lt\/wp-json\/wp\/v2\/media?parent=265773"}],"wp:term":[{"taxonomy":"product_brand","embeddable":true,"href":"https:\/\/baldumarket.lt\/lt\/wp-json\/wp\/v2\/product_brand?post=265773"},{"taxonomy":"product_cat","embeddable":true,"href":"https:\/\/baldumarket.lt\/lt\/wp-json\/wp\/v2\/product_cat?post=265773"},{"taxonomy":"product_tag","embeddable":true,"href":"https:\/\/baldumarket.lt\/lt\/wp-json\/wp\/v2\/product_tag?post=265773"}],"curies":[{"name":"wp","href":"https:\/\/api.w.org\/{rel}","templated":true}]}}