{"id":265769,"date":"2026-01-14T00:14:26","date_gmt":"2026-01-13T21:14:26","guid":{"rendered":"https:\/\/baldumarket.lt\/product\/stol-prostokatny-do-kuchni-sto-138-cm-bialy-alpejski\/"},"modified":"2026-02-11T18:18:34","modified_gmt":"2026-02-11T15:18:34","slug":"stol-prostokatny-do-kuchni-sto-138-cm-bialy-alpejski","status":"publish","type":"product","link":"https:\/\/baldumarket.lt\/lt\/product\/stol-prostokatny-do-kuchni-sto-138-cm-bialy-alpejski\/","title":{"rendered":"Sta\u010diakampis virtuv\u0117s stalas STO 138 cm, alpi\u0173 baltumo"},"content":{"rendered":"<p>STO\/138 BIS Subtilus \u0161io modelio dizainas leid\u017eia jam puikiai tilpti tiek \u012f \u012fprast\u0105 virtuv\u0119, tiek \u012f svetain\u0119.<\/p>\n<p>Prek\u0117s kodas D09031-STO\/138_BIS-BAL Simbolis ZM EAN Ilgis 137,5 cm Plotis 80 cm Auk\u0161tis 78 cm Kolekcija STO\/138 Spalva alpi\u0173 balta Atspalvis balta Stilius modernus Med\u017eiaga laminatas Stalvir\u0161is laminatas R\u0117mas laminatas Forma sta\u010diakampis I\u0161traukiamas nei\u0161traukiamas Gamintojas Juoda Raudona Balta Bald\u0173 tipas Stalai PVM 23% EAN 5906123092883<\/p>","protected":false},"excerpt":{"rendered":"<p>STO\/138 BISThe delicate design of this model allows it to fit perfectly into both a typical kitchen and a living room. Product code D09031-STO\/138_BIS-BAL Symbol ZM EAN Length 137.5 cm Width 80 cm Height 78 cm Collection STO\/138 Color alpine white Shade white Style modern Material laminate Tabletop laminate Frame laminate Shape rectangular Extending non-extending [&hellip;]<\/p>","protected":false},"featured_media":265770,"comment_status":"open","ping_status":"open","template":"","meta":[],"product_brand":[],"product_cat":[9200,1934],"product_tag":[],"class_list":{"0":"post-265769","1":"product","2":"type-product","3":"status-publish","4":"has-post-thumbnail","6":"product_cat-black-red-white","7":"product_cat-tables","9":"first","10":"instock","11":"purchasable","12":"product-type-simple"},"_links":{"self":[{"href":"https:\/\/baldumarket.lt\/lt\/wp-json\/wp\/v2\/product\/265769","targetHints":{"allow":["GET"]}}],"collection":[{"href":"https:\/\/baldumarket.lt\/lt\/wp-json\/wp\/v2\/product"}],"about":[{"href":"https:\/\/baldumarket.lt\/lt\/wp-json\/wp\/v2\/types\/product"}],"replies":[{"embeddable":true,"href":"https:\/\/baldumarket.lt\/lt\/wp-json\/wp\/v2\/comments?post=265769"}],"wp:featuredmedia":[{"embeddable":true,"href":"https:\/\/baldumarket.lt\/lt\/wp-json\/wp\/v2\/media\/265770"}],"wp:attachment":[{"href":"https:\/\/baldumarket.lt\/lt\/wp-json\/wp\/v2\/media?parent=265769"}],"wp:term":[{"taxonomy":"product_brand","embeddable":true,"href":"https:\/\/baldumarket.lt\/lt\/wp-json\/wp\/v2\/product_brand?post=265769"},{"taxonomy":"product_cat","embeddable":true,"href":"https:\/\/baldumarket.lt\/lt\/wp-json\/wp\/v2\/product_cat?post=265769"},{"taxonomy":"product_tag","embeddable":true,"href":"https:\/\/baldumarket.lt\/lt\/wp-json\/wp\/v2\/product_tag?post=265769"}],"curies":[{"name":"wp","href":"https:\/\/api.w.org\/{rel}","templated":true}]}}