{"id":265758,"date":"2026-01-14T00:14:16","date_gmt":"2026-01-13T21:14:16","guid":{"rendered":"https:\/\/baldumarket.lt\/product\/stol-do-kuchni-maren-80-cm-dab-wotan-czarny\/"},"modified":"2026-02-11T18:18:34","modified_gmt":"2026-02-11T15:18:34","slug":"stol-do-kuchni-maren-80-cm-dab-wotan-czarny","status":"publish","type":"product","link":"https:\/\/baldumarket.lt\/lt\/product\/stol-do-kuchni-maren-80-cm-dab-wotan-czarny\/","title":{"rendered":"MAREN virtuv\u0117s stalas, 80 cm, wotan \u0105\u017euolas\/juoda"},"content":{"rendered":"<p>Maren \u2013 stalas \u012fvairioms progoms. \u201eMaren\u201c stalas yra universalus baldas, puikiai tinkantis \u012fvairioms progoms. \u0160tai keletas savybi\u0173, kurios i\u0161skiria \u0161\u012f stal\u0105: \u2013 Laminuotas stalvir\u0161is: Atsparus mechaniniams pa\u017eeidimams, tod\u0117l stal\u0105 lengva pri\u017ei\u016br\u0117ti ir jis puikiai i\u0161silaiko.<br \/>\n\u2013 Kompakti\u0161kas dydis: idealiai tinka ma\u017eiems kambariams, tod\u0117l tai prakti\u0161kas sprendimas net ir ribotoje erdv\u0117je.<br \/>\n\u2013 Universalus stilius: D\u0117l savo dizaino \u201eMaren\u201c stalas lengvai prisitaiko prie \u012fvairi\u0173 interjero dizain\u0173, tod\u0117l tinka daugeliui dekoravimo stili\u0173.<br \/>\n\u2013 Lieknos, dailios kojel\u0117s: suteikia visai konstrukcijai subtilumo ir elegancijos, suteikdamos jai moderni\u0105 ir patraukli\u0105 i\u0161vaizd\u0105.<br \/>\n\u2013 Galima rinktis i\u0161 5 spalv\u0173 variant\u0173: platus spalv\u0173 pasirinkimas leid\u017eia pritaikyti stal\u0105 pagal individualius pageidavimus ir kambario stili\u0173. \u2013 Specialiai pritaikytos k\u0117d\u0117s \u2013 \u201eAren\u201c: jei norite visi\u0161kai apstatyti savo valgomojo erdv\u0119, specialios \u201eAren\u201c k\u0117d\u0117s gali b\u016bti puikus papildymas, sukuriantis darn\u0173 ir harmoning\u0105 dekor\u0105. \u201eMaren\u201c stalas yra puikus pasirinkimas tiems, kurie ie\u0161ko prakti\u0161ko, stilingo ir universalaus stalo savo gyvenamajai erdvei.<\/p>\n<p>Prek\u0117s kodas DEC-STO-MAREN_80\/80-DWO\/CA Simbolis ZM EAN Ilgis 80 cm Plotis 80 cm Auk\u0161tis 77 cm Kolekcija Maren Spalva wotan \u0105\u017euolas\/juoda Gaubtas \u0161viesi mediena Stilius modernus Med\u017eiaga mediena Stalvir\u0161is laminatas R\u0117mas mediena Forma kvadratin\u0117 I\u0161traukiama nei\u0161traukiama Gamintojas Juoda Raudona Balta Bald\u0173 tipas Stalai PVM 23% EAN 5906123124270<\/p>","protected":false},"excerpt":{"rendered":"<p>Maren \u2013 stalas \u012fvairioms progoms. \u201eMaren\u201c stalas yra universalus baldas, puikiai tinkantis \u012fvairioms progoms. \u0160tai keletas savybi\u0173, kurios i\u0161skiria \u0161\u012f stal\u0105: \u2013 Laminuotas stalvir\u0161is: Atsparus mechaniniams pa\u017eeidimams, tod\u0117l stal\u0105 lengva pri\u017ei\u016br\u0117ti ir jis puikiai i\u0161silaiko. [\u2026]<\/p>","protected":false},"featured_media":265759,"comment_status":"open","ping_status":"open","template":"","meta":[],"product_brand":[],"product_cat":[9200,1934],"product_tag":[],"class_list":{"0":"post-265758","1":"product","2":"type-product","3":"status-publish","4":"has-post-thumbnail","6":"product_cat-black-red-white","7":"product_cat-tables","9":"first","10":"instock","11":"purchasable","12":"product-type-simple"},"_links":{"self":[{"href":"https:\/\/baldumarket.lt\/lt\/wp-json\/wp\/v2\/product\/265758","targetHints":{"allow":["GET"]}}],"collection":[{"href":"https:\/\/baldumarket.lt\/lt\/wp-json\/wp\/v2\/product"}],"about":[{"href":"https:\/\/baldumarket.lt\/lt\/wp-json\/wp\/v2\/types\/product"}],"replies":[{"embeddable":true,"href":"https:\/\/baldumarket.lt\/lt\/wp-json\/wp\/v2\/comments?post=265758"}],"wp:featuredmedia":[{"embeddable":true,"href":"https:\/\/baldumarket.lt\/lt\/wp-json\/wp\/v2\/media\/265759"}],"wp:attachment":[{"href":"https:\/\/baldumarket.lt\/lt\/wp-json\/wp\/v2\/media?parent=265758"}],"wp:term":[{"taxonomy":"product_brand","embeddable":true,"href":"https:\/\/baldumarket.lt\/lt\/wp-json\/wp\/v2\/product_brand?post=265758"},{"taxonomy":"product_cat","embeddable":true,"href":"https:\/\/baldumarket.lt\/lt\/wp-json\/wp\/v2\/product_cat?post=265758"},{"taxonomy":"product_tag","embeddable":true,"href":"https:\/\/baldumarket.lt\/lt\/wp-json\/wp\/v2\/product_tag?post=265758"}],"curies":[{"name":"wp","href":"https:\/\/api.w.org\/{rel}","templated":true}]}}