{"id":265745,"date":"2026-01-14T00:14:01","date_gmt":"2026-01-13T21:14:01","guid":{"rendered":"https:\/\/baldumarket.lt\/product\/stelaz-podnoszony-ergo-space-ii-na-metalowej-ramie-180x200\/"},"modified":"2026-02-11T18:18:35","modified_gmt":"2026-02-11T15:18:35","slug":"stelaz-podnoszony-ergo-space-ii-na-metalowej-ramie-180x200","status":"publish","type":"product","link":"https:\/\/baldumarket.lt\/lt\/product\/stelaz-podnoszony-ergo-space-ii-na-metalowej-ramie-180x200\/","title":{"rendered":"\u201eErgo Space II\u201c k\u0117limo r\u0117mas ant 180\u00d7200 metalinio r\u0117mo"},"content":{"rendered":"<p>\u201eErgo Space II\u201c pak\u0117limo r\u0117mas \u2013 funkcionalumas ir patogumas viename. Komfortas ir funkcionalumas. \u201eErgo Space II\u201c 180 \u00d7 200 cm pak\u0117limo r\u0117mas yra prakti\u0161kas sprendimas, padidinantis kasdienio lovos naudojimo komfort\u0105. \u012erengtas dujiniais keltuvais, jis leid\u017eia lengvai pakelti \u010diu\u017ein\u012f ir greitai pasiekti erdv\u0173 patalyn\u0117s ar kit\u0173 pried\u0173 daiktad\u0117\u017e\u0119. Prakti\u0161ki sprendimai. \u201eErgo Space II\u201c turi tvirt\u0105 r\u0117m\u0105 ir daiktad\u0117\u017e\u0117s pagrind\u0105, tod\u0117l yra paruo\u0161tas surinkti rinkinys. \u0160is sprendimas suderinamas su \u201eCosala III\u201c, \u201eLones\u201c, \u201eNedin\u201c ir \u201eTripo\u201c lovomis. Dizainas ir stilius. R\u0117mas buvo sukurtas atsi\u017evelgiant \u012f patvarum\u0105 ir funkcionalum\u0105, kartu u\u017etikrinant naudojimo patogum\u0105. Modernus pak\u0117limo mechanizmas daro lov\u0105 dar prakti\u0161kesn\u0119, nepakenkiant estetiniam patrauklumui. Specialios savyb\u0117s: \u012eeina: dujinis pak\u0117limo r\u0117mas ir daiktad\u0117\u017e\u0117s pagrindas. Lengva prieiga prie daiktad\u0117\u017e\u0117s d\u0117ka dujinio mechanizmo. Galima \u012fsigyti penki\u0173 dyd\u017ei\u0173: 90 \u00d7 200, 120 \u00d7 200, 140 \u00d7 200, 160 \u00d7 200 ir 180 \u00d7 200 cm. Sukurta \u201eCosala III\u201c, \u201eLones\u201c, \u201eNedin\u201c ir \u201eTripo\u201c lovoms. Tvirta ir patvari konstrukcija. Matmenys: 180 \u00d7 200 cm. Santrauka: \u201eErgo Space II\u201c r\u0117mas yra pilnas komplektas su dujiniu pak\u0117limu ir daiktad\u0117\u017ee, kuris pagerina lovos funkcionalum\u0105. Lengva prieiga prie daiktad\u0117\u017e\u0117s ir platus dyd\u017ei\u0173 pasirinkimas daro j\u012f prakti\u0161ku pasirinkimu moderniems miegamiesiems.<\/p>\n<p>Prek\u0117s kodas JP87-AC-ERGO_SPACE_II-180X200-BGC-BK Ilgis 196 cm Plotis 179 cm Ergo kolekcija Gamintojas Juoda Raudona Balta Bald\u0173 tipas Lovos r\u0117mai PVM 23% EAN 5906123050357<\/p>","protected":false},"excerpt":{"rendered":"<p>\u201eErgo Space II\u201c pak\u0117limo r\u0117mas \u2013 funkcionalumas ir patogumas viename. Komfortas ir funkcionalumas. \u201eErgo Space II\u201c 180 \u00d7 200 cm pak\u0117limo r\u0117mas yra prakti\u0161kas sprendimas, padidinantis kasdienio lovos naudojimo komfort\u0105. \u012erengtas dujiniais keltuvais, jis leid\u017eia lengvai pakelti \u010diu\u017ein\u012f ir greitai pasiekti erdv\u0173 patalyn\u0117s ar [\u2026] daiktad\u0117\u017e\u0119.<\/p>","protected":false},"featured_media":265746,"comment_status":"open","ping_status":"open","template":"","meta":[],"product_brand":[],"product_cat":[9200,1043],"product_tag":[],"class_list":{"0":"post-265745","1":"product","2":"type-product","3":"status-publish","4":"has-post-thumbnail","6":"product_cat-black-red-white","7":"product_cat-extras","9":"first","10":"instock","11":"purchasable","12":"product-type-simple"},"_links":{"self":[{"href":"https:\/\/baldumarket.lt\/lt\/wp-json\/wp\/v2\/product\/265745","targetHints":{"allow":["GET"]}}],"collection":[{"href":"https:\/\/baldumarket.lt\/lt\/wp-json\/wp\/v2\/product"}],"about":[{"href":"https:\/\/baldumarket.lt\/lt\/wp-json\/wp\/v2\/types\/product"}],"replies":[{"embeddable":true,"href":"https:\/\/baldumarket.lt\/lt\/wp-json\/wp\/v2\/comments?post=265745"}],"wp:featuredmedia":[{"embeddable":true,"href":"https:\/\/baldumarket.lt\/lt\/wp-json\/wp\/v2\/media\/265746"}],"wp:attachment":[{"href":"https:\/\/baldumarket.lt\/lt\/wp-json\/wp\/v2\/media?parent=265745"}],"wp:term":[{"taxonomy":"product_brand","embeddable":true,"href":"https:\/\/baldumarket.lt\/lt\/wp-json\/wp\/v2\/product_brand?post=265745"},{"taxonomy":"product_cat","embeddable":true,"href":"https:\/\/baldumarket.lt\/lt\/wp-json\/wp\/v2\/product_cat?post=265745"},{"taxonomy":"product_tag","embeddable":true,"href":"https:\/\/baldumarket.lt\/lt\/wp-json\/wp\/v2\/product_tag?post=265745"}],"curies":[{"name":"wp","href":"https:\/\/api.w.org\/{rel}","templated":true}]}}