{"id":265733,"date":"2026-01-14T00:13:51","date_gmt":"2026-01-13T21:13:51","guid":{"rendered":"https:\/\/baldumarket.lt\/product\/stelaz-ergo-basic-120x200\/"},"modified":"2026-02-11T18:18:35","modified_gmt":"2026-02-11T15:18:35","slug":"stelaz-ergo-basic-120x200","status":"publish","type":"product","link":"https:\/\/baldumarket.lt\/lt\/product\/stelaz-ergo-basic-120x200\/","title":{"rendered":"Ergo Basic 120\u00d7200 r\u0117mai"},"content":{"rendered":"<p>\u201eErgo Basic\u201c 120 \u00d7 200 r\u0117mas: novatori\u0161kas sprendimas, kuris pagerins j\u016bs\u0173 miego komfort\u0105 ir u\u017etikrins sveik\u0105 nakties mieg\u0105. \u0160is unikalus r\u0117mas buvo sukurtas \u017emon\u0117ms, kurie vertina komfort\u0105 ir tinkam\u0105 k\u016bno atram\u0105 miego metu. \u201eErgo Basic\u201c r\u0117mas pagamintas i\u0161 auk\u0161tos kokyb\u0117s med\u017eiag\u0173, u\u017etikrinan\u010di\u0173 patvarum\u0105 ir patikimum\u0105. Tvirtas ber\u017eo medienos r\u0117mas garantuoja stabilum\u0105 ir ilg\u0105 gaminio tarnavimo laik\u0105. Tai rei\u0161kia, kad galite m\u0117gautis ramiu miegu daugel\u012f met\u0173. \u201eErgo Basic\u201c r\u0117mo matmenys yra 120 \u00d7 200, tod\u0117l jis puikiai tinka standartiniams tokio dyd\u017eio \u010diu\u017einiams. Tai puikus sprendimas, suteikiantis pakankamai erdv\u0117s miegui. \u201eErgo Basic\u201c sukurtas atsi\u017evelgiant \u012f tinkam\u0105 \u010diu\u017einio v\u0117dinim\u0105. Tai labai svarbu norint palaikyti higien\u0105 ir i\u0161vengti dr\u0117gm\u0117s bei dulki\u0173 erku\u010di\u0173 kaupimosi. R\u0117mas skatina oro cirkuliacij\u0105, o tai gali prisid\u0117ti prie geresn\u0117s miego kokyb\u0117s.<\/p>\n<p>Apibendrinant, \u201eErgo Basic 120\u00d7200\u201c r\u0117mas yra gaminys, kuriame derinamas patvarumas, lankstumas ir d\u0117mesys miego higienai. Su juo galite m\u0117gautis ramiu ir patogiu miegu, pritaikytu j\u016bs\u0173 poreikiams. Nesvarbu, ar jums reikia naujo \u010diu\u017einio r\u0117mo, ar planuojate \u012fsigyti visi\u0161kai nauj\u0105 lov\u0105, \u201eErgo Basic\u201c tikrai pateisins j\u016bs\u0173 l\u016bkes\u010dius ir pagerins j\u016bs\u0173 miego kokyb\u0119. Pagrindin\u0117s savyb\u0117s: \u2013 R\u0117mas pagamintas i\u0161 sluoksniais klijuotos medienos.<br \/>\n\u2013 \u012erengtas 34 spyruoklin\u0117mis ber\u017eo lentel\u0117mis, i\u0161d\u0117stytomis kas 5 cm.<br \/>\n\u2013 Suteikia \u010diu\u017einiui papildomo pamink\u0161tinimo.<br \/>\n\u2013 Galima \u012fsigyti \u012fvairi\u0173 dyd\u017ei\u0173: 90\/200 cm, 120\/200 cm, 140\/200 cm ir 160\/200 cm.<br \/>\n\u2013 R\u0117mo auk\u0161tis yra ma\u017edaug 3 cm.<br \/>\n\u2013 Produktas tiekiamas kaip savaranki\u0161kai surenkamas produktas.<br \/>\n\u2013 Kad b\u016bt\u0173 lengviau montuoti lovoje, r\u0117mo plotis suma\u017eintas ma\u017edaug 1 cm, o ilgis \u2013 ma\u017edaug 4 cm. \u2013 Did\u017eiausia r\u0117mo apkrova kiekvienai pusei yra 130 kg. Jei abejojate, ar \u201eErgo Basic\u201c r\u0117mas atitiks j\u016bs\u0173 l\u016bkes\u010dius, raginame perskaityti m\u016bs\u0173 vadov\u0105 skirtuke \u201e\u012ekv\u0117pimai\u201c, kuris pad\u0117s jums i\u0161sirinkti tinkam\u0105 variant\u0105.<\/p>\n<p>Prek\u0117s kodas L07-STEL_ENTRO_ERGO_BASIC-120X200-KOR01 Simbolis ZM EAN Baldo tipas Lovos r\u0117mai PVM mokestis 23%<\/p>","protected":false},"excerpt":{"rendered":"<p>\u201eErgo Basic 120\u00d7200\u201c r\u0117mas: novatori\u0161kas sprendimas, kuris pagerins j\u016bs\u0173 miego komfort\u0105 ir u\u017etikrins sveik\u0105 nakties mieg\u0105. \u0160is unikalus r\u0117mas buvo sukurtas \u017emon\u0117ms, kurie vertina komfort\u0105 ir tinkam\u0105 k\u016bno atram\u0105 miego metu. \u201eErgo Basic\u201c r\u0117mas pagamintas i\u0161 auk\u0161tos kokyb\u0117s med\u017eiag\u0173, u\u017etikrinan\u010di\u0173 patvarum\u0105 ir patikimum\u0105. Tvirtas ber\u017eo medienos r\u0117mas garantuoja stabilum\u0105 [\u2026]<\/p>","protected":false},"featured_media":0,"comment_status":"open","ping_status":"open","template":"","meta":[],"product_brand":[],"product_cat":[9200,1043],"product_tag":[],"class_list":{"0":"post-265733","1":"product","2":"type-product","3":"status-publish","5":"product_cat-black-red-white","6":"product_cat-extras","8":"first","9":"instock","10":"purchasable","11":"product-type-simple"},"_links":{"self":[{"href":"https:\/\/baldumarket.lt\/lt\/wp-json\/wp\/v2\/product\/265733","targetHints":{"allow":["GET"]}}],"collection":[{"href":"https:\/\/baldumarket.lt\/lt\/wp-json\/wp\/v2\/product"}],"about":[{"href":"https:\/\/baldumarket.lt\/lt\/wp-json\/wp\/v2\/types\/product"}],"replies":[{"embeddable":true,"href":"https:\/\/baldumarket.lt\/lt\/wp-json\/wp\/v2\/comments?post=265733"}],"wp:attachment":[{"href":"https:\/\/baldumarket.lt\/lt\/wp-json\/wp\/v2\/media?parent=265733"}],"wp:term":[{"taxonomy":"product_brand","embeddable":true,"href":"https:\/\/baldumarket.lt\/lt\/wp-json\/wp\/v2\/product_brand?post=265733"},{"taxonomy":"product_cat","embeddable":true,"href":"https:\/\/baldumarket.lt\/lt\/wp-json\/wp\/v2\/product_cat?post=265733"},{"taxonomy":"product_tag","embeddable":true,"href":"https:\/\/baldumarket.lt\/lt\/wp-json\/wp\/v2\/product_tag?post=265733"}],"curies":[{"name":"wp","href":"https:\/\/api.w.org\/{rel}","templated":true}]}}