{"id":265724,"date":"2026-01-14T00:13:44","date_gmt":"2026-01-13T21:13:44","guid":{"rendered":"https:\/\/baldumarket.lt\/product\/sofka-z-funkcja-spania-i-pojemnikiem-bunio-iii-manila-26-granatowy\/"},"modified":"2026-02-11T18:18:35","modified_gmt":"2026-02-11T15:18:35","slug":"sofka-z-funkcja-spania-i-pojemnikiem-bunio-iii-manila-26-granatowy","status":"publish","type":"product","link":"https:\/\/baldumarket.lt\/lt\/product\/sofka-z-funkcja-spania-i-pojemnikiem-bunio-iii-manila-26-granatowy\/","title":{"rendered":"Sofa su miegojimo funkcija ir daiktad\u0117\u017ee BUNIO III Manila 26 tamsiai m\u0117lyna"},"content":{"rendered":"<p>\u201eBunio\u201c sofa \u2013 tai patogi poilsio zona net ir ma\u017eoje erdv\u0117je. \u0160i ma\u017ea sofa-lova puikiai derina komfort\u0105 ir erdv\u0119 taupant\u012f dizain\u0105, tod\u0117l tai prakti\u0161kas baldas ma\u017eiems butams. Kompakti\u0161ki vos 98 x 88 cm matmenys leid\u017eia lengvai tilpti net ir ank\u0161tose erdv\u0117se. Ta\u010diau at\u0117jus vakarui ir prireikus papildomos vietos miegoti, \u201eBunio\u201c sofa pasirodo esanti itin prakti\u0161ka. Jos 80 x 189 cm miegamojo plotas yra pakankamai didelis, kad b\u016bt\u0173 galima patogiai i\u0161simiegoti. Be to, prie\u0161 i\u0161skleid\u017eiant sof\u0105 jos nereikia perkelti, tod\u0117l grindys lieka nepaliestos. \u201eBunio\u201c sofa pasi\u017eymi paprastu dizainu, kuris dera prie \u012fvairi\u0173 interjero stili\u0173, \u012fskaitant modern\u0173, minimalistin\u012f ir skandinavi\u0161k\u0105. Dekoratyvin\u0117s si\u016bl\u0117s ir dygsniai suteikia baldui harmoningo charakterio, suteikdami jam eleganti\u0161k\u0105 i\u0161vaizd\u0105. Komfort\u0105 \u201eBunio\u201c sofoje u\u017etikrina s\u0117dyn\u0117je ir \u010diu\u017einyje esan\u010dios \u201eBonnell\u201c spyruokl\u0117s, kurios yra sujungtos su putomis. Tai u\u017etikrina vienod\u0105 miego pavir\u0161i\u0173, ant kurio galite m\u0117gautis geru nakties miegu. Mink\u0161ta nugaros pagalv\u0117l\u0117 ir auk\u0161ti, pamink\u0161tinti porankiai paver\u010dia \u0161i\u0105 sof\u0105 puikia vieta atsipalaiduoti \u017ei\u016brint televizori\u0173 ar skaitant knyg\u0105. \u201eBunio\u201c sofa \u2013 tai sprendimas, kuris ne tik taupo viet\u0105, bet ir suteikia papildom\u0105 miegojimo viet\u0105 \u2013 nauding\u0105 savyb\u0119 bet kuriuose namuose. J\u0105 galite pastatyti \u012fvairiuose kambariuose, pavyzd\u017eiui, svetain\u0117je, jaunimo kambaryje ar sve\u010di\u0173 kambaryje, ir m\u0117gautis jos funkcionalumu bei komfortu. Pagrindin\u0117s savyb\u0117s: Sofa su miegojimo funkcija ir daiktad\u0117\u017ee \u00b7 Miegojimo mechanizmas ant ve\u017eim\u0117lio, paremtas guminiais ratukais \u2013 apsaugo grindis nuo pa\u017eeidim\u0173 i\u0161skleid\u017eiant \u00b7 \u201eBonnell\u201c spyruokl\u0117s s\u0117dyn\u0117je ir \u010diu\u017einyje \u2013 vienodas miegojimo pavir\u0161ius \u00b7 Ma\u017ei matmenys \u2013 didesn\u0117s galimyb\u0117s i\u0161d\u0117styti ma\u017eas erdves \u00b7 Daiktad\u0117\u017e\u0117 \u2013 didesn\u0117 talpa daiktams susid\u0117ti \u00b7 Auk\u0161ti ir mink\u0161ti porankiai \u2013 stabili ir patogi atrama \u00b7 Optimalus atlo\u0161o tvirtinimas \u2013 i\u0161skleid\u017eiant bald\u0105 nereikia atitraukti nuo sienos \u00b7 Baldiniu audiniu aptraukta nugara \u2013 didesn\u0117s i\u0161d\u0117stymo galimyb\u0117s<\/p>\n<p>Prek\u0117s kodas FL13-SO2-BUNIO_III-2FBK-G2-MANILA_26 Simbolis ZM EAN Plotis 147 cm Gylis 88 cm S\u0117dyn\u0117s gylis 46-64 cm Auk\u0161tis 86 cm S\u0117dyn\u0117s auk\u0161tis 32-45 cm Kolekcija Bunio Spalva Manila 26 Atspalvis tamsiai m\u0117lyna Stilius modernus Med\u017eiaga aksomas Miegamoji funkcija su miegojimo funkcija Miegamoji dalis 120\u00d7189 Indas su 1 indu Atsipalaidavimo funkcija be atsipalaidavimo funkcijos Reguliuojamas atlo\u0161as ne Galvos atrama be galvos atramos U\u017epildas: bonell spyruokl\u0117\/putplastis Gamintojas: juoda Raudona Balta Bald\u0173 tipas: sofos ir ku\u0161et\u0117s PVM mokestis 23% EAN 5906123108928<\/p>","protected":false},"excerpt":{"rendered":"<p>\u201eBunio\u201c sofa \u2013 tai patogi poilsio zona net ir ma\u017eoje erdv\u0117je. \u0160i ma\u017ea sofa-lova puikiai derina komfort\u0105 ir erdv\u0119 taupant\u012f dizain\u0105, tod\u0117l yra prakti\u0161kas baldas ma\u017eiems butams. Kompakti\u0161ki, vos 98 x 88 cm, matmenys leid\u017eia lengvai tilpti net ir ank\u0161tose erdv\u0117se. Ta\u010diau at\u0117jus vakarui [\u2026]<\/p>","protected":false},"featured_media":265725,"comment_status":"open","ping_status":"open","template":"","meta":[],"product_brand":[],"product_cat":[9200,560],"product_tag":[],"class_list":{"0":"post-265724","1":"product","2":"type-product","3":"status-publish","4":"has-post-thumbnail","6":"product_cat-black-red-white","7":"product_cat-sofas-and-couches","9":"first","10":"instock","11":"purchasable","12":"product-type-simple"},"_links":{"self":[{"href":"https:\/\/baldumarket.lt\/lt\/wp-json\/wp\/v2\/product\/265724","targetHints":{"allow":["GET"]}}],"collection":[{"href":"https:\/\/baldumarket.lt\/lt\/wp-json\/wp\/v2\/product"}],"about":[{"href":"https:\/\/baldumarket.lt\/lt\/wp-json\/wp\/v2\/types\/product"}],"replies":[{"embeddable":true,"href":"https:\/\/baldumarket.lt\/lt\/wp-json\/wp\/v2\/comments?post=265724"}],"wp:featuredmedia":[{"embeddable":true,"href":"https:\/\/baldumarket.lt\/lt\/wp-json\/wp\/v2\/media\/265725"}],"wp:attachment":[{"href":"https:\/\/baldumarket.lt\/lt\/wp-json\/wp\/v2\/media?parent=265724"}],"wp:term":[{"taxonomy":"product_brand","embeddable":true,"href":"https:\/\/baldumarket.lt\/lt\/wp-json\/wp\/v2\/product_brand?post=265724"},{"taxonomy":"product_cat","embeddable":true,"href":"https:\/\/baldumarket.lt\/lt\/wp-json\/wp\/v2\/product_cat?post=265724"},{"taxonomy":"product_tag","embeddable":true,"href":"https:\/\/baldumarket.lt\/lt\/wp-json\/wp\/v2\/product_tag?post=265724"}],"curies":[{"name":"wp","href":"https:\/\/api.w.org\/{rel}","templated":true}]}}