{"id":265715,"date":"2026-01-14T00:13:37","date_gmt":"2026-01-13T21:13:37","guid":{"rendered":"https:\/\/baldumarket.lt\/product\/sofa-z-funkcja-spania-i-pojemnikiem-verto-elma-13-szary\/"},"modified":"2026-02-11T18:18:35","modified_gmt":"2026-02-11T15:18:35","slug":"sofa-z-funkcja-spania-i-pojemnikiem-verto-elma-13-szary","status":"publish","type":"product","link":"https:\/\/baldumarket.lt\/lt\/product\/sofa-z-funkcja-spania-i-pojemnikiem-verto-elma-13-szary\/","title":{"rendered":"Sofa su miegojimo funkcija ir daiktad\u0117\u017ee VERTO Elma 13 pilka"},"content":{"rendered":"<p>\u201eVerto\u201c sofa \u2013 elegancija kompakti\u0161kame dizaine. Jei svajojate apie sof\u0105, kurioje der\u0117t\u0173 elegancija ir prakti\u0161kumas, \u201eVerto\u201c sofa kaip tik Jums. Tai ne tik baldas, bet ir stilingas kompakti\u0161ko dyd\u017eio akcentas, suteikiantis visi\u0161k\u0105 dizaino laisv\u0119 net ir ma\u017eose erdv\u0117se. Vienas i\u0161 pagrindini\u0173 element\u0173, suteikian\u010di\u0173 \u201eVerto\u201c sofai unikali\u0105 i\u0161vaizd\u0105, yra dekoratyvin\u0117s si\u016bl\u0117s ant atlo\u0161o pagalv\u0117li\u0173. \u0160ios detal\u0117s suteikia sofai i\u0161skirtinio \u017eavesio, minimalistiniam dizainui suteikdamos elegancijos. Sofa taip pat komplektuojama su dviem dekoratyvin\u0117mis pagalv\u0117l\u0117mis, kurios yra ir prakti\u0161kos, ir dekoratyvios. Pakeltos kojel\u0117s, pagamintos i\u0161 patvarios medienos, yra ne tik dizaino elementas, bet ir prakti\u0161kas sprendimas. Jos suteikia sofai lengvumo poj\u016bt\u012f ir kartu palengvina grind\u0173 \u0161var\u0105. Jos leid\u017eia lengvai pasiekti erdv\u0119 po sofa, tod\u0117l j\u0105 lengva ir efektyvu valyti. Siauri porankiai yra dar vienas \u201eVerto\u201c sofos privalumas. Viet\u0105 taupantis dizainas leid\u017eia panaudoti erdv\u0119 papildomiems baldams, pavyzd\u017eiui, kavos staliukui ar kavos staliukui. Tai prakti\u0161kas sprendimas tiems, kurie vertina funkcionalum\u0105 net ir ank\u0161tose erdv\u0117se. Svarbus \u201eVerto\u201c sofos privalumas \u2013 jos miegojimo funkcija \u201eDL\u201c. Paprastas ir patikimas mechanizmas leid\u017eia akimirksniu sukurti \u012fsp\u016bding\u0173 141 x 190 cm matmen\u0173 miegojimo pavir\u0161i\u0173. Per vis\u0105 \u010diu\u017einio pavir\u0161i\u0173 i\u0161d\u0117stytos \u201eBonnell\u201c spyruokl\u0117s u\u017etikrina patogi\u0105 ir vienod\u0105 poilsio viet\u0105. Be to, \u201eVerto\u201c sofa turi didel\u0119 patalyn\u0117s d\u0117\u017e\u0119, u\u017etikrinan\u010di\u0105 lengv\u0105 prieig\u0105 ir prakti\u0161k\u0105 tekstil\u0117s gamini\u0173 laikym\u0105. Be funkcionalumo, \u201eVerto\u201c sofa taip pat \u017eavi spalv\u0173 palete. Pasirinkite svajoni\u0173 spalv\u0105, pritaikykite sof\u0105 pagal savo pageidavimus ir m\u0117gaukit\u0117s funkcionaliu bei madingu interjeru. \u0160is baldas \u012frodo, kad net ir ma\u017eose erdv\u0117se galima pasiekti stiliaus ir funkcionalumo harmonij\u0105. Pagrindin\u0117s savyb\u0117s: Matmenys: 206 x 88 x 93 cm? \u012esp\u016bdingos \u012fdubos atlo\u0161o pagalv\u0117l\u0117se? Skland\u017eiai veikianti automatin\u0117 i\u0161skleidimo sistema? 141 x 190 cm miegojimo funkcija? Pakeltos kietmed\u017eio kojel\u0117s, kad b\u016bt\u0173 lengva valyti apa\u010di\u0105? Patalyn\u0117s skyrius papildomam daikt\u0173 laikymui? \u201eBonnell\u201c spyruokl\u0117s s\u0117dyn\u0117je ir \u010diu\u017einyje, kad gul\u0117jimo pavir\u0161ius b\u016bt\u0173 vienodas.<\/p>\n<p>Prek\u0117s kodas FL-SO3-VERTO-LX_3DL-G3-ASTI_23 Plotis 206 cm Gylis 93 cm S\u0117dyn\u0117s gylis 52-77 cm Auk\u0161tis 88 cm S\u0117dyn\u0117s auk\u0161tis 44 cm Kolekcija Verto Spalva Elma 13\/Asti 23 Atspalvis pilka Stilius modernus Med\u017eiaga audinys Miegamoji funkcija su miegojimo funkcija Miegamoji dalis 141\u00d7190 Indas su 1 indu Atsipalaidavimo funkcija be atsipalaidavimo funkcijos Reguliuojamas atlo\u0161as be Galvos atrama be galvos atramos U\u017epildas Bonell spyruokl\u0117\/putplastis Gamintojas Juoda Raudona Balta Bald\u0173 tipas Sofos ir ku\u0161et\u0117s PVM mokestis 23%<\/p>","protected":false},"excerpt":{"rendered":"<p>\u201eVerto\u201c sofa \u2013 elegancija kompakti\u0161kame dizaine. Jei svajojate apie sof\u0105, kurioje der\u0117t\u0173 elegancija ir prakti\u0161kumas, \u201eVerto\u201c sofa kaip tik Jums. Tai ne tik baldas, bet ir stilingas kompakti\u0161ko dyd\u017eio akcentas, suteikiantis visi\u0161k\u0105 dizaino laisv\u0119 net ir ma\u017eose erdv\u0117se. Vienas i\u0161 [\u2026]<\/p>","protected":false},"featured_media":0,"comment_status":"open","ping_status":"open","template":"","meta":[],"product_brand":[],"product_cat":[9200,560],"product_tag":[],"class_list":{"0":"post-265715","1":"product","2":"type-product","3":"status-publish","5":"product_cat-black-red-white","6":"product_cat-sofas-and-couches","8":"first","9":"instock","10":"purchasable","11":"product-type-simple"},"_links":{"self":[{"href":"https:\/\/baldumarket.lt\/lt\/wp-json\/wp\/v2\/product\/265715","targetHints":{"allow":["GET"]}}],"collection":[{"href":"https:\/\/baldumarket.lt\/lt\/wp-json\/wp\/v2\/product"}],"about":[{"href":"https:\/\/baldumarket.lt\/lt\/wp-json\/wp\/v2\/types\/product"}],"replies":[{"embeddable":true,"href":"https:\/\/baldumarket.lt\/lt\/wp-json\/wp\/v2\/comments?post=265715"}],"wp:attachment":[{"href":"https:\/\/baldumarket.lt\/lt\/wp-json\/wp\/v2\/media?parent=265715"}],"wp:term":[{"taxonomy":"product_brand","embeddable":true,"href":"https:\/\/baldumarket.lt\/lt\/wp-json\/wp\/v2\/product_brand?post=265715"},{"taxonomy":"product_cat","embeddable":true,"href":"https:\/\/baldumarket.lt\/lt\/wp-json\/wp\/v2\/product_cat?post=265715"},{"taxonomy":"product_tag","embeddable":true,"href":"https:\/\/baldumarket.lt\/lt\/wp-json\/wp\/v2\/product_tag?post=265715"}],"curies":[{"name":"wp","href":"https:\/\/api.w.org\/{rel}","templated":true}]}}