{"id":265703,"date":"2026-01-14T00:13:26","date_gmt":"2026-01-13T21:13:26","guid":{"rendered":"https:\/\/baldumarket.lt\/product\/sofa-z-funkcja-spania-i-duzym-pojemnikiem-royal-iv-poso-2-bezowy\/"},"modified":"2026-02-11T18:18:35","modified_gmt":"2026-02-11T15:18:35","slug":"sofa-z-funkcja-spania-i-duzym-pojemnikiem-royal-iv-poso-2-bezowy","status":"publish","type":"product","link":"https:\/\/baldumarket.lt\/lt\/product\/sofa-z-funkcja-spania-i-duzym-pojemnikiem-royal-iv-poso-2-bezowy\/","title":{"rendered":"Sofa su miegojimo funkcija ir didele daiktad\u0117\u017ee ROYAL IV Poso 2 sm\u0117lio spalvos"},"content":{"rendered":"<p>ROYAL IV \u2013 elegancija ir komfortas moderniame dizaine. Ie\u0161kote sofos, kuri ne tik \u017eav\u0117t\u0173 savo dyd\u017eiu, bet ir skland\u017eiai \u012fsiliet\u0173 \u012f modern\u0173 interjer\u0105? ROYAL IV MEGA LUX 3DL sofa-lova \u2013 tai atsakymas \u012f j\u016bs\u0173 l\u016bkes\u010dius. Tai ne tik baldas, tai tikras meno k\u016brinys, kuriame dera komfortas, elegancija ir funkcionalumas. Vienas i\u0161skirtiniausi\u0173 ROYAL IV MEGA LUX 3DL savybi\u0173 \u2013 dygsniuotos s\u0117dyn\u0117s ir atlo\u0161o pagalv\u0117l\u0117s. \u0160i detal\u0117 suteikia sofai unikal\u0173 charakter\u012f ir i\u0161skirtin\u0119 i\u0161vaizd\u0105 bet kokiame interjere. Dygsniavimas ne tik suteikia elegancijos, bet ir pabr\u0117\u017eia d\u0117mes\u012f detal\u0117ms. \u0160i sofa ne tik \u017eavi savo i\u0161vaizda, bet ir si\u016blo prakti\u0161kus sprendimus. \u0160e\u0161ios dekoratyvin\u0117s pagalv\u0117l\u0117s sukuria jauki\u0105, nam\u0173 atmosfer\u0105 ir kartu tarnauja kaip dekoratyvinis elementas. Tai puikus b\u016bdas suasmeninti sofos i\u0161vaizd\u0105 ir pritaikyti j\u0105 prie savo pageidavim\u0173. Miegojimo funkcija \u2013 dar vienas ROYAL IV MEGA LUX 3DL privalumas. D\u0117l sklandaus, pak\u0117limo mechanizmo sof\u0105 galima lengvai transformuoti \u012f patogi\u0105 lov\u0105. Tai puikus sprendimas sve\u010diams arba kai staiga prireikia papildomos miegojimo vietos. Erdvus patalyn\u0117s skyrius \u2013 dar viena prakti\u0161ka \u0161ios sofos savyb\u0117. Tiesiog pakelkite s\u0117dyn\u0119, kad patektum\u0117te \u012f erdvi\u0105 erdv\u0119, kurioje puikiai tilps visa reikalinga patalyn\u0117 ir kiti aksesuarai. S\u0117dyn\u0117s ir atlo\u0161o spyruokl\u0117s \u201eBonnell\u201c u\u017etikrina komfort\u0105. Be to, atlo\u0161o pagalv\u0117l\u0117s su ki\u0161en\u0117mis garantuoja patogi\u0105 atram\u0105 ir optimal\u0173 k\u016bno prigludim\u0105. \u0160i detal\u0117 paver\u010dia sofos naudojim\u0105 tikru malonumu. ROYAL IV MEGA LUX 3DL yra daugiau nei baldas. Tai investicija \u012f elegancij\u0105 ir komfort\u0105 j\u016bs\u0173 namuose. Jei svajojate apie sof\u0105, kuri atitikt\u0173 visus j\u016bs\u0173 l\u016bkes\u010dius, \u0161is pasirinkimas tikrai nenuvils. Pagrindin\u0117s savyb\u0117s: sofa su miegojimo funkcija ir patalyn\u0117s saugykla.<br \/>\n\u2013 Sklandus ir lengvai naudojamas automatinis mechanizmas lengvam sulankstymui. \u2013 S\u0117dyn\u0117 u\u017epildyta banguotomis spyruokl\u0117mis, \u201eBonnell\u201c spyruokl\u0117mis ir putomis.<br \/>\n\u2013 \u010ciu\u017einys u\u017epildytas \u201eBonnell\u201c spyruokl\u0117mis ir putplas\u010diu.<br \/>\n\u2013 Atlo\u0161as (pagalv\u0117l\u0117s) u\u017epildytas pjaustytomis putomis ir silikonu.<br \/>\n\u2013 Bonnell spyruokl\u0117s s\u0117dyn\u0117je ir atlo\u0161e.<br \/>\n\u2013 Didel\u0117 miegamoji erdv\u0117 \u2013 funkcionalumas ir patogumas.<br \/>\n\u2013 Lygi miegamoji zona.<br \/>\n\u2013 Didel\u0117 patalyn\u0117s d\u0117\u017e\u0117.<br \/>\n\u2013 Porankiai tvirtinami ant metalini\u0173 b\u0117geli\u0173 \u2013 greitas ir paprastas surinkimas.<br \/>\n\u2013 Ki\u0161enes u\u017epildanti atlo\u0161o pagalv\u0117li\u0173 sistema.<br \/>\n\u2013 Dygsniuotos s\u0117dyn\u0117s ir atlo\u0161o pagalv\u0117l\u0117s \u2013 esteti\u0161kai patrauklios.<\/p>\n<p>Prek\u0117s kodas FL-SO3-ROYAL_IV_MEGA-LX_3DL-G2-POSO_2 Plotis 247 cm Gylis 116 cm S\u0117dyn\u0117s gylis 78 cm Auk\u0161tis 96 cm S\u0117dyn\u0117s auk\u0161tis 44 cm Kolekcija Karali\u0161ka Spalva Paros 2\/Poso 105\/Poso 2 Atspalvis sm\u0117lio Stilius modernus Med\u017eiaga audinys Miegamoji funkcija su miegojimo funkcija Miegamoji dalis 158\u00d7195 Indas su 1 indu Atsipalaidavimo funkcija be atsipalaidavimo funkcijos Reguliuojamas atlo\u0161as be Galvos atrama be galvos atramos U\u017epildas Bonell spyruokl\u0117\/putplastis Gamintojas Juoda Raudona Balta Bald\u0173 tipas Sofos ir ku\u0161et\u0117s PVM mokestis 23%<\/p>","protected":false},"excerpt":{"rendered":"<p>ROYAL IV \u2013 elegancija ir komfortas moderniame dizaine. Ie\u0161kote sofos, kuri ne tik \u017eav\u0117t\u0173 savo dyd\u017eiu, bet ir skland\u017eiai der\u0117t\u0173 prie modernaus interjero? ROYAL IV MEGA LUX 3DL sofa-lova \u2013 tai atsakymas \u012f j\u016bs\u0173 l\u016bkes\u010dius. Tai ne tik baldas, tai tikras meno k\u016brinys [\u2026]<\/p>","protected":false},"featured_media":265704,"comment_status":"open","ping_status":"open","template":"","meta":[],"product_brand":[],"product_cat":[9200,560],"product_tag":[],"class_list":{"0":"post-265703","1":"product","2":"type-product","3":"status-publish","4":"has-post-thumbnail","6":"product_cat-black-red-white","7":"product_cat-sofas-and-couches","9":"first","10":"instock","11":"purchasable","12":"product-type-simple"},"_links":{"self":[{"href":"https:\/\/baldumarket.lt\/lt\/wp-json\/wp\/v2\/product\/265703","targetHints":{"allow":["GET"]}}],"collection":[{"href":"https:\/\/baldumarket.lt\/lt\/wp-json\/wp\/v2\/product"}],"about":[{"href":"https:\/\/baldumarket.lt\/lt\/wp-json\/wp\/v2\/types\/product"}],"replies":[{"embeddable":true,"href":"https:\/\/baldumarket.lt\/lt\/wp-json\/wp\/v2\/comments?post=265703"}],"wp:featuredmedia":[{"embeddable":true,"href":"https:\/\/baldumarket.lt\/lt\/wp-json\/wp\/v2\/media\/265704"}],"wp:attachment":[{"href":"https:\/\/baldumarket.lt\/lt\/wp-json\/wp\/v2\/media?parent=265703"}],"wp:term":[{"taxonomy":"product_brand","embeddable":true,"href":"https:\/\/baldumarket.lt\/lt\/wp-json\/wp\/v2\/product_brand?post=265703"},{"taxonomy":"product_cat","embeddable":true,"href":"https:\/\/baldumarket.lt\/lt\/wp-json\/wp\/v2\/product_cat?post=265703"},{"taxonomy":"product_tag","embeddable":true,"href":"https:\/\/baldumarket.lt\/lt\/wp-json\/wp\/v2\/product_tag?post=265703"}],"curies":[{"name":"wp","href":"https:\/\/api.w.org\/{rel}","templated":true}]}}