{"id":265695,"date":"2026-01-14T00:13:19","date_gmt":"2026-01-13T21:13:19","guid":{"rendered":"https:\/\/baldumarket.lt\/product\/sofa-trzyosobowa-z-funkcja-spania-i-pojemnikiem-vini-szara\/"},"modified":"2026-02-11T18:18:35","modified_gmt":"2026-02-11T15:18:35","slug":"sofa-trzyosobowa-z-funkcja-spania-i-pojemnikiem-vini-szara","status":"publish","type":"product","link":"https:\/\/baldumarket.lt\/lt\/product\/sofa-trzyosobowa-z-funkcja-spania-i-pojemnikiem-vini-szara\/","title":{"rendered":"Triviet\u0117 sofa su miegojimo funkcija ir daiktad\u0117\u017ee VINI pilka"},"content":{"rendered":"<p>\u201eVini\u201c sofa \u2013 modernus stilius ir visi\u0161kas komfortas. Komfortas ir funkcionalumas. Triviet\u0117 \u201eVini\u201c sofa derina elegancij\u0105 ir kasdienio naudojimo patogum\u0105. DL miegojimo mechanizmas leid\u017eia greitai j\u0105 transformuoti \u012f 165 x 198 cm lov\u0105. S\u0117dyn\u0117, u\u017epildyta putomis ir vingiuotomis bei \u201ebonell\u201c spyruokl\u0117mis, suteikia optimali\u0105 k\u016bno atram\u0105 ir ilgaam\u017ei\u0161kum\u0105. Praktin\u0117s savyb\u0117s. \u012emontuotas patalyn\u0117s skyrius leid\u017eia laikyti antklodes, pagalves ir apklotus, padedant palaikyti tvark\u0105 j\u016bs\u0173 svetain\u0117je. \u012e komplekt\u0105 \u012feina atlo\u0161as ir dekoratyvin\u0117s pagalv\u0117l\u0117s, kurios padidina komfort\u0105 ir pabr\u0117\u017eia eleganti\u0161k\u0105 bald\u0173 charakter\u012f. Dizainas ir stilius. Paprastos linijos, subtilios detal\u0117s ir originalus \u201eNaomi 3404\u201c audinys daro \u201eVini\u201c sof\u0105 puikiai tinkan\u010dia moderniam interjerui. Eleganti\u0161ka i\u0161vaizda ir kruop\u0161ti apdaila pavers j\u0105 bet kurios svetain\u0117s traukos centru. Specialios savyb\u0117s: Triviet\u0117 sofa su miegojimo funkcija; Miegamasis plotas: 165 \u00d7 198 cm; DLS tipo i\u0161skleidimo mechanizmas; S\u0117dyn\u0117: putplastis, zigzago ir bonell spyruokl\u0117s; Patalyn\u0117; \u012e komplekt\u0105 \u012feina atlo\u0161as ir dekoratyvin\u0117s pagalv\u0117l\u0117s; Apmu\u0161al\u0173 audinys: Naomi 3404; Eleganti\u0161kas, modernus dizainas. Apra\u0161ymas: \u201eVini\u201c sofa \u2013 stilingas ir funkcionalus baldas, kuriame derinamas patogumas, prakti\u0161ki sprendimai ir originali \u201eNaomi 3404\u201c audinio apdaila. Ji puikiai tiks kaip modernaus svetain\u0117s centrinis elementas.<\/p>\n<p>Prek\u0117s kodas FL-SO3-VINI-LX_3DL-G3-NAOMI_3404 Plotis 232 cm Gylis 115 cm S\u0117dyn\u0117s gylis 95 cm Auk\u0161tis 95 cm S\u0117dyn\u0117s auk\u0161tis 48 cm Kolekcija Vini Spalva Naomi 3404 Atspalvis pilkas Stilius modernus Med\u017eiaga audinys Miegamoji funkcija su miegojimo funkcija Miegamoji dalis 165\u00d7198 Indas su 1 indu Atsipalaidavimo funkcija be atsipalaidavimo funkcijos Reguliuojamas atlo\u0161as ne Galvos atrama be galvos atramos U\u017epildas zigzago\/bonelio spyruokl\u0117 Gamintojas Juoda Raudona Balta Bald\u0173 tipas Sofos ir ku\u0161et\u0117s PVM mokestis 23% EAN 5906123124195<\/p>","protected":false},"excerpt":{"rendered":"<p>\u201eVini\u201c sofa \u2013 modernus stilius ir visi\u0161kas komfortas. Patogumas ir funkcionalumas. Triviet\u0117 \u201eVini\u201c sofa derina elegancij\u0105 ir kasdienio naudojimo patogum\u0105. DL miegojimo mechanizmas leid\u017eia greitai j\u0105 transformuoti \u012f 165 x 198 cm lov\u0105. S\u0117dyn\u0117, u\u017epildyta putomis ir vingiuotomis bei \u201ebonell\u201c spyruokl\u0117mis, suteikia [\u2026]<\/p>","protected":false},"featured_media":265696,"comment_status":"open","ping_status":"open","template":"","meta":[],"product_brand":[],"product_cat":[9200,560],"product_tag":[],"class_list":{"0":"post-265695","1":"product","2":"type-product","3":"status-publish","4":"has-post-thumbnail","6":"product_cat-black-red-white","7":"product_cat-sofas-and-couches","9":"first","10":"instock","11":"purchasable","12":"product-type-simple"},"_links":{"self":[{"href":"https:\/\/baldumarket.lt\/lt\/wp-json\/wp\/v2\/product\/265695","targetHints":{"allow":["GET"]}}],"collection":[{"href":"https:\/\/baldumarket.lt\/lt\/wp-json\/wp\/v2\/product"}],"about":[{"href":"https:\/\/baldumarket.lt\/lt\/wp-json\/wp\/v2\/types\/product"}],"replies":[{"embeddable":true,"href":"https:\/\/baldumarket.lt\/lt\/wp-json\/wp\/v2\/comments?post=265695"}],"wp:featuredmedia":[{"embeddable":true,"href":"https:\/\/baldumarket.lt\/lt\/wp-json\/wp\/v2\/media\/265696"}],"wp:attachment":[{"href":"https:\/\/baldumarket.lt\/lt\/wp-json\/wp\/v2\/media?parent=265695"}],"wp:term":[{"taxonomy":"product_brand","embeddable":true,"href":"https:\/\/baldumarket.lt\/lt\/wp-json\/wp\/v2\/product_brand?post=265695"},{"taxonomy":"product_cat","embeddable":true,"href":"https:\/\/baldumarket.lt\/lt\/wp-json\/wp\/v2\/product_cat?post=265695"},{"taxonomy":"product_tag","embeddable":true,"href":"https:\/\/baldumarket.lt\/lt\/wp-json\/wp\/v2\/product_tag?post=265695"}],"curies":[{"name":"wp","href":"https:\/\/api.w.org\/{rel}","templated":true}]}}