{"id":265672,"date":"2026-01-14T00:12:48","date_gmt":"2026-01-13T21:12:48","guid":{"rendered":"https:\/\/baldumarket.lt\/product\/sofa-trzyosobowa-z-funkcja-spania-i-pojemnikiem-sentila-szara\/"},"modified":"2026-02-11T18:18:36","modified_gmt":"2026-02-11T15:18:36","slug":"sofa-trzyosobowa-z-funkcja-spania-i-pojemnikiem-sentila-szara","status":"publish","type":"product","link":"https:\/\/baldumarket.lt\/lt\/product\/sofa-trzyosobowa-z-funkcja-spania-i-pojemnikiem-sentila-szara\/","title":{"rendered":"SENTILA trij\u0173 viet\u0173 sofa su miegojimo funkcija ir daiktad\u0117\u017ee, pilka"},"content":{"rendered":"<p>\u201eSentila\u201c sofa \u2013 elegancija ir funkcionalumas viename. Patogumas ir prakti\u0161kumas. \u201eSentila\u201c sofa \u2013 tai stilingas baldas, kuriame eleganti\u0161kas dizainas derinamas su kasdieniu komfortu. S\u0117dimoji dalis, u\u017epildyta putomis ir \u201eBonnell\u201c spyruokl\u0117mis, bei atlo\u0161as, u\u017epildytas putomis ir silikonu, suteikia optimali\u0105 atram\u0105 ir komfort\u0105 net ir ilgai miegant. Dvi didel\u0117s atlo\u0161o pagalv\u0117l\u0117s prisitaiko prie j\u016bs\u0173 fig\u016bros, leisdamos visi\u0161kai atsipalaiduoti. Miegas ir daikt\u0173 laikymas: D\u0117l pak\u0117limo mechanizmo sofa greitai ir lengvai i\u0161siskleid\u017eia. 148 \u00d7 198 cm miegojimo pavir\u0161ius yra tolygiai u\u017epildytas, tod\u0117l sukuriama lygi ir patogi erdv\u0117 nakties poilsiui. Erdvus patalyn\u0117s skyrius leid\u017eia laikyti antklod\u0119, pagalves ar kitus tekstil\u0117s gaminius, o i\u0161skleidus \u2013 atlo\u0161o pagalv\u0117les. I\u0161vaizda ir detal\u0117s: Minimalistin\u0117 forma, paprastos linijos ir chromuotos kojel\u0117s suteikia sofai modern\u0173 charakter\u012f. \u201eElia 84\u201c audinys yra malonus liesti, patvarus ir lengvai valomas, tod\u0117l \u201eSentila\u201c sofa yra idealus pasirinkimas kasdieniam naudojimui. Savyb\u0117s: Sofa su miegojimo funkcija, 100 mm \u201eBonnell\u201c spyruokl\u0117s s\u0117dyn\u0117je ir \u010diu\u017einyje \u2013 patogus ir tolygus miegas, 148 x 198 cm miegamoji dalis, lengvai pasiekiama patalyn\u0117s skyrius, erdvus daiktad\u0117\u017e\u0117s skyrius \u2013 didesn\u0117 talpa, 100 mm \u201eBonnell\u201c spyruokl\u0117s s\u0117dyn\u0117je ir \u010diu\u017einyje \u2013 patogus ir tolygus miegas, 148 x 198 cm miegamoji dalis, 148 x 198 cm daiktad\u0117\u017e\u0117s skyrius su lengvai sulankstomu atlo\u0161u, 100 mm ki\u0161en\u0117s formos atlo\u0161o pagalv\u0117l\u0117s \u2013 patvarumas ir ergonomi\u0161kumas.<\/p>\n<p>Prek\u0117s kodas FL-SO3-SENTILA-LX_3DL-G3-ELIA_84 Plotis 198 cm Gylis 106 cm S\u0117dyn\u0117s gylis 62 cm Auk\u0161tis 91 cm S\u0117dyn\u0117s auk\u0161tis 46 cm Kolekcija Janet Spalva Elia 84 Atspalvis pilka Stilius modernus Med\u017eiaga audinys Miegamoji funkcija su miegojimo funkcija Miegamoji dalis 148\u00d7198 Indas su 1 indu Atsipalaidavimo funkcija be atsipalaidavimo funkcijos Reguliuojamas atlo\u0161as ne Galvos atrama be galvos atramos U\u017epildas bonell spyruokl\u0117\/putplastis Gamintojas Juoda Raudona Balta Bald\u0173 tipas Sofos ir ku\u0161et\u0117s PVM mokestis 23% EAN 5906123124225<\/p>","protected":false},"excerpt":{"rendered":"<p>\u201eSentila\u201c sofa \u2013 elegancija ir funkcionalumas viename. Patogumas ir prakti\u0161kumas. \u201eSentila\u201c sofa \u2013 tai stilingas baldas, kuriame eleganti\u0161kas dizainas dera su kasdieniu komfortu. S\u0117dyn\u0117, u\u017epildyta putomis ir \u201eBonnell\u201c spyruokl\u0117mis, ir atlo\u0161as, u\u017epildytas putomis ir silikonu, suteikia optimali\u0105 atram\u0105 ir komfort\u0105 net ir ilgo poilsio metu. [\u2026]<\/p>","protected":false},"featured_media":265673,"comment_status":"open","ping_status":"open","template":"","meta":[],"product_brand":[],"product_cat":[9200,560],"product_tag":[],"class_list":{"0":"post-265672","1":"product","2":"type-product","3":"status-publish","4":"has-post-thumbnail","6":"product_cat-black-red-white","7":"product_cat-sofas-and-couches","9":"first","10":"instock","11":"purchasable","12":"product-type-simple"},"_links":{"self":[{"href":"https:\/\/baldumarket.lt\/lt\/wp-json\/wp\/v2\/product\/265672","targetHints":{"allow":["GET"]}}],"collection":[{"href":"https:\/\/baldumarket.lt\/lt\/wp-json\/wp\/v2\/product"}],"about":[{"href":"https:\/\/baldumarket.lt\/lt\/wp-json\/wp\/v2\/types\/product"}],"replies":[{"embeddable":true,"href":"https:\/\/baldumarket.lt\/lt\/wp-json\/wp\/v2\/comments?post=265672"}],"wp:featuredmedia":[{"embeddable":true,"href":"https:\/\/baldumarket.lt\/lt\/wp-json\/wp\/v2\/media\/265673"}],"wp:attachment":[{"href":"https:\/\/baldumarket.lt\/lt\/wp-json\/wp\/v2\/media?parent=265672"}],"wp:term":[{"taxonomy":"product_brand","embeddable":true,"href":"https:\/\/baldumarket.lt\/lt\/wp-json\/wp\/v2\/product_brand?post=265672"},{"taxonomy":"product_cat","embeddable":true,"href":"https:\/\/baldumarket.lt\/lt\/wp-json\/wp\/v2\/product_cat?post=265672"},{"taxonomy":"product_tag","embeddable":true,"href":"https:\/\/baldumarket.lt\/lt\/wp-json\/wp\/v2\/product_tag?post=265672"}],"curies":[{"name":"wp","href":"https:\/\/api.w.org\/{rel}","templated":true}]}}