{"id":265664,"date":"2026-01-14T00:12:41","date_gmt":"2026-01-13T21:12:41","guid":{"rendered":"https:\/\/baldumarket.lt\/product\/sofa-trzyosobowa-z-funkcja-spania-i-pojemnikiem-sentila-czarna\/"},"modified":"2026-02-11T18:18:36","modified_gmt":"2026-02-11T15:18:36","slug":"sofa-trzyosobowa-z-funkcja-spania-i-pojemnikiem-sentila-czarna","status":"publish","type":"product","link":"https:\/\/baldumarket.lt\/lt\/product\/sofa-trzyosobowa-z-funkcja-spania-i-pojemnikiem-sentila-czarna\/","title":{"rendered":"SENTILA juoda trij\u0173 viet\u0173 sofa su miegojimo funkcija ir daiktad\u0117\u017ee"},"content":{"rendered":"<p>\u201eSentila\u201c sofa \u2013 stilinga poilsio erdv\u0117. Patogumas ir funkcionalumas. \u201eSentila\u201c sofa \u2013 tai eleganti\u0161kas, nesenstan\u010dio dizaino baldas, i\u0161siskiriantis paprastomis linijomis ir chromuotomis kojel\u0117mis. S\u0117dyn\u0117s dalis pagaminta i\u0161 putplas\u010dio ir \u201eBonnell\u201c spyruokli\u0173, o atlo\u0161as \u2013 i\u0161 putplas\u010dio ir silikono derinio. Dvi didel\u0117s atlo\u0161o pagalv\u0117l\u0117s su ki\u0161en\u0117mis u\u017etikrina ergonomi\u0161k\u0105 atram\u0105 ir komfort\u0105 ilgo poilsio metu. Praktin\u0117s savyb\u0117s: pak\u0117limo mechanizmas leid\u017eia greitai ir lengvai sulankstyti sof\u0105, sukuriant erdv\u0173 148 x 198 cm miegojimo plot\u0105. Vienodas s\u0117dyn\u0117s ir \u010diu\u017einio u\u017epildas u\u017etikrina lyg\u0173 miego pavir\u0161i\u0173. Didelis patalyn\u0117s skyrius leid\u017eia laikyti antklodes, pagalves ir kitus tekstil\u0117s gaminius, o austinis dir\u017eelis atlo\u0161e leid\u017eia lengvai sulankstyti. Dizainas ir apdaila: modern\u0173 sofos charakter\u012f pabr\u0117\u017eia chromuotos kojel\u0117s, kurios suteikia vizualinio lengvumo. Kruop\u0161\u010diai parinktas \u201eWind 99\u201c audinio apmu\u0161alas leid\u017eia \u201eSentila\u201c puikiai dera prie eleganti\u0161ko, modernaus interjero. Baldo ypatyb\u0117s: Sofa su miegojimo funkcija, Sulankstomas mechanizmas, Bonnell spyruokl\u0117s (100 mm auk\u0161\u010dio) s\u0117dyn\u0117je ir \u010diu\u017einyje, Didelis ir lygus miegojimo pavir\u0161ius \u2013 148 \u00d7 198 cm, Lengva prieiga prie didel\u0117s patalyn\u0117s d\u0117\u017e\u0117s, Juosta lengvam atlo\u0161o sulankstymui, Nugaros pagalv\u0117l\u0117s su ki\u0161en\u0117mis, Chromuotos kojel\u0117s, Audinys: Wind 99, Apibendrinimas: \u201eSentila\u201c sofa \u2013 tai elegancijos ir funkcionalumo derinys \u2013 patogi s\u0117dyn\u0117, didelis miegojimo pavir\u0161ius, patalyn\u0117s d\u0117\u017e\u0117 ir modernus dizainas su chromuotomis detal\u0117mis daro j\u0105 idealiu pasirinkimu svetainei.<\/p>\n<p>Prek\u0117s kodas FL-SO3-SENTILA-LX_3DL-G3-WIND_99 Plotis 198 cm Gylis 106 cm S\u0117dyn\u0117s gylis 62 cm Auk\u0161tis 91 cm S\u0117dyn\u0117s auk\u0161tis 46 cm Kolekcija Sentila Spalva Wind 99 Juoda U\u017euolaida Stilius modernus Med\u017eiaga audinys Miegamoji funkcija su miegojimo funkcija Miegamoji dalis 148\u00d7198 Indas su 1 indu Atsipalaidavimo funkcija be atsipalaidavimo funkcijos Reguliuojamas atlo\u0161as be Galvos atrama be galvos atramos U\u017epildas: bonell spyruokl\u0117\/putplastis Gamintojas: juoda Raudona Balta Bald\u0173 tipas: sofos ir ku\u0161et\u0117s PVM mokestis 23%<\/p>","protected":false},"excerpt":{"rendered":"<p>\u201eSentila\u201c sofa \u2013 stilinga poilsio erdv\u0117. Patogumas ir funkcionalumas. \u201eSentila\u201c sofa \u2013 tai eleganti\u0161kas, nesenstan\u010dio dizaino baldas, i\u0161siskiriantis paprastomis linijomis ir chromuotomis kojel\u0117mis. S\u0117dyn\u0117 pagaminta i\u0161 putplas\u010dio ir \u201eBonnell\u201c spyruokli\u0173, o atlo\u0161as \u2013 i\u0161 putplas\u010dio ir silikono derinio. Dvi didel\u0117s atlo\u0161o pagalv\u0117l\u0117s su ki\u0161en\u0117mis u\u017etikrina ergonomi\u0161k\u0105 [\u2026]<\/p>","protected":false},"featured_media":265665,"comment_status":"open","ping_status":"open","template":"","meta":[],"product_brand":[],"product_cat":[9200,560],"product_tag":[],"class_list":{"0":"post-265664","1":"product","2":"type-product","3":"status-publish","4":"has-post-thumbnail","6":"product_cat-black-red-white","7":"product_cat-sofas-and-couches","9":"first","10":"instock","11":"purchasable","12":"product-type-simple"},"_links":{"self":[{"href":"https:\/\/baldumarket.lt\/lt\/wp-json\/wp\/v2\/product\/265664","targetHints":{"allow":["GET"]}}],"collection":[{"href":"https:\/\/baldumarket.lt\/lt\/wp-json\/wp\/v2\/product"}],"about":[{"href":"https:\/\/baldumarket.lt\/lt\/wp-json\/wp\/v2\/types\/product"}],"replies":[{"embeddable":true,"href":"https:\/\/baldumarket.lt\/lt\/wp-json\/wp\/v2\/comments?post=265664"}],"wp:featuredmedia":[{"embeddable":true,"href":"https:\/\/baldumarket.lt\/lt\/wp-json\/wp\/v2\/media\/265665"}],"wp:attachment":[{"href":"https:\/\/baldumarket.lt\/lt\/wp-json\/wp\/v2\/media?parent=265664"}],"wp:term":[{"taxonomy":"product_brand","embeddable":true,"href":"https:\/\/baldumarket.lt\/lt\/wp-json\/wp\/v2\/product_brand?post=265664"},{"taxonomy":"product_cat","embeddable":true,"href":"https:\/\/baldumarket.lt\/lt\/wp-json\/wp\/v2\/product_cat?post=265664"},{"taxonomy":"product_tag","embeddable":true,"href":"https:\/\/baldumarket.lt\/lt\/wp-json\/wp\/v2\/product_tag?post=265664"}],"curies":[{"name":"wp","href":"https:\/\/api.w.org\/{rel}","templated":true}]}}