{"id":26565,"date":"2025-11-14T17:31:43","date_gmt":"2025-11-14T14:31:43","guid":{"rendered":"https:\/\/baldumarket.lt\/product\/sofia\/"},"modified":"2026-03-24T16:36:34","modified_gmt":"2026-03-24T13:36:34","slug":"sofia","status":"publish","type":"product","link":"https:\/\/baldumarket.lt\/lt\/product\/sofia\/","title":{"rendered":"Sofija"},"content":{"rendered":"<p>\u201eSofia\u201c \u2013 eleganti\u0161kas, \u012fdomus ir kvadratinis pufas, kuris d\u017eiugins savo i\u0161vaizda, \u012fdomiu dizainu ir funkcionalumu. \u0160io 45 x 45 x 40 cm dyd\u017eio baldo i\u0161skirtin\u0117s savyb\u0117s \u2013 galimyb\u0117 rinktis i\u0161 \u012fvairi\u0173 spalv\u0173 ir patogi, didel\u0117 s\u0117dyn\u0117, pagaminta i\u0161 auk\u0161tos kokyb\u0117s HR put\u0173. Tai u\u017etikrina maksimal\u0173 mink\u0161tum\u0105, lygum\u0105 ir komfort\u0105. \u0160\u012f bald\u0105 taip pat galima naudoti kaip stal\u0105 arba pakoj\u012f. Taip pat verta pamin\u0117ti original\u0173 dizain\u0105. \u201eSofia\u201c pufo dygsniavimas dengia vis\u0105 korpus\u0105 ir s\u0117dyn\u0119. \u0160is baldas gali b\u016bti puikus bet kokio interjero papildymas arba atskiras dizaino elementas. Tikrai verta tur\u0117ti savo namuose auk\u0161tos kokyb\u0117s puf\u0105, kuris tarnaus ilgus metus \u2013 ir \u201eSofia\u201c yra b\u016btent toks.<\/p>","protected":false},"excerpt":{"rendered":"<p>\u201eSofia\u201c \u2013 eleganti\u0161kas, \u012fdomus ir kvadratinis pufas, kuris d\u017eiugins savo i\u0161vaizda, \u012fdomiu dizainu ir funkcionalumu. \u0160io 45 x 45 x 40 cm dyd\u017eio baldo i\u0161skirtin\u0117s savyb\u0117s \u2013 galimyb\u0117 rinktis i\u0161 \u012fvairi\u0173 spalv\u0173 ir patogi, didel\u0117 s\u0117dyn\u0117, pagaminta i\u0161 auk\u0161tos kokyb\u0117s HR put\u0173. Tai u\u017etikrina maksimal\u0173 mink\u0161tum\u0105, lygum\u0105 ir komfort\u0105. [\u2026]<\/p>","protected":false},"featured_media":26566,"comment_status":"open","ping_status":"open","template":"","meta":[],"product_brand":[],"product_cat":[2012,9168,826],"product_tag":[],"class_list":{"0":"post-26565","1":"product","2":"type-product","3":"status-publish","4":"has-post-thumbnail","6":"product_cat-eltap","7":"product_cat-pufy-eltap","8":"product_cat-poufs","10":"first","11":"instock","12":"purchasable","13":"product-type-variable","14":"wvs-archive-product-wrapper"},"_links":{"self":[{"href":"https:\/\/baldumarket.lt\/lt\/wp-json\/wp\/v2\/product\/26565","targetHints":{"allow":["GET"]}}],"collection":[{"href":"https:\/\/baldumarket.lt\/lt\/wp-json\/wp\/v2\/product"}],"about":[{"href":"https:\/\/baldumarket.lt\/lt\/wp-json\/wp\/v2\/types\/product"}],"replies":[{"embeddable":true,"href":"https:\/\/baldumarket.lt\/lt\/wp-json\/wp\/v2\/comments?post=26565"}],"wp:featuredmedia":[{"embeddable":true,"href":"https:\/\/baldumarket.lt\/lt\/wp-json\/wp\/v2\/media\/26566"}],"wp:attachment":[{"href":"https:\/\/baldumarket.lt\/lt\/wp-json\/wp\/v2\/media?parent=26565"}],"wp:term":[{"taxonomy":"product_brand","embeddable":true,"href":"https:\/\/baldumarket.lt\/lt\/wp-json\/wp\/v2\/product_brand?post=26565"},{"taxonomy":"product_cat","embeddable":true,"href":"https:\/\/baldumarket.lt\/lt\/wp-json\/wp\/v2\/product_cat?post=26565"},{"taxonomy":"product_tag","embeddable":true,"href":"https:\/\/baldumarket.lt\/lt\/wp-json\/wp\/v2\/product_tag?post=26565"}],"curies":[{"name":"wp","href":"https:\/\/api.w.org\/{rel}","templated":true}]}}