{"id":265637,"date":"2026-01-14T00:12:15","date_gmt":"2026-01-13T21:12:15","guid":{"rendered":"https:\/\/baldumarket.lt\/product\/sofa-trzyosobowa-z-funkcja-spania-i-pojemnikiem-elizabeth-bezowa\/"},"modified":"2026-02-11T18:18:36","modified_gmt":"2026-02-11T15:18:36","slug":"sofa-trzyosobowa-z-funkcja-spania-i-pojemnikiem-elizabeth-bezowa","status":"publish","type":"product","link":"https:\/\/baldumarket.lt\/lt\/product\/sofa-trzyosobowa-z-funkcja-spania-i-pojemnikiem-elizabeth-bezowa\/","title":{"rendered":"Triviet\u0117 sofa su miegojimo funkcija ir daiktad\u0117\u017ee ELIZABETH sm\u0117lio spalvos"},"content":{"rendered":"<p>\u201eElizabeth\u201c sofa \u2013 klasikin\u0117 elegancija ir patogumas viename. Patogumas ir funkcionalumas. \u201eElizabeth\u201c sofa puikiai tinka tiems, kurie nori suderinti jauki\u0105 atmosfer\u0105 su kasdienio naudojimo patogumu. D\u0117l DL tipo atlo\u0161o mechanizmo vos per kelias akimirkas j\u0105 galite paversti erdvia 165 x 198 cm lova. Putplas\u010dio u\u017epildas kartu su banguotomis ir \u201ebonell\u201c spyruokl\u0117mis suteikia optimali\u0105 k\u016bno atram\u0105, u\u017etikrindamas komfort\u0105 tiek s\u0117dint, tiek miegant. Praktin\u0117s savyb\u0117s: patalyn\u0117s skyrius po s\u0117dyne leid\u017eia lengvai laikyti antklodes, pagalves ir apklotus. Keturi\u0173 dekoratyvini\u0173 pagalv\u0117li\u0173 komplektas padidina komfort\u0105 ir suteikia interjero dizainui i\u0161skirtinumo. Dizainas ir stilius: klasikin\u0119 \u201eElizabeth\u201c sofos form\u0105 pary\u0161kina mink\u0161tas \u201eRaven 22\u201c audinio apmu\u0161alas ir dekoratyvin\u0117s si\u016bl\u0117s. Apval\u016bs porankiai suteikia jai eleganti\u0161k\u0105 charakter\u012f, o didelis atlo\u0161as ir dekoratyvin\u0117s pagalv\u0117l\u0117s suteikia svetainei jaukumo ir \u0161ilumos. Savyb\u0117s: Triviet\u0117 sofa su miegojimo funkcija, Miegamasis plotas: 165 x 198 cm, DLS tipo atlo\u0161o mechanizmas, S\u0117dyn\u0117: porolonas, Bonnell spyruokl\u0117s ir banguotos spyruokl\u0117s, Patalyn\u0117, Keturios dekoratyvin\u0117s pagalv\u0117l\u0117s komplekte, Apval\u016bs porankiai, Apmu\u0161al\u0173 audinys: Raven 22, Dekoratyvin\u0117s si\u016bl\u0117s pabr\u0117\u017eia elegancij\u0105. Santrauka: \u201eElizabeth\u201c sofa \u2013 tai klasikin\u0117, triviet\u0117 sofa su miegojimo funkcija, kurioje dera elegancija, patogumas ir prakti\u0161kumas. D\u0117l tvirto u\u017epildo ir auk\u0161tos kokyb\u0117s \u201eRaven 22\u201c audinio ji taps dekoratyviniu elementu j\u016bs\u0173 svetain\u0117je ir kasdienio poilsio vieta.<\/p>\n<p>Prek\u0117s kodas FL-SO3-ELIZABETH-LX_3DL-G3-RAVEN_22 Plotis 251 cm Gylis 115 cm S\u0117dyn\u0117s gylis 95 cm Auk\u0161tis 95 cm S\u0117dyn\u0117s auk\u0161tis 48 cm Kolekcija Elizabeth Spalva Raven 22 Atspalvis sm\u0117lio Stilius modernus Med\u017eiaga audinys Miegamoji funkcija su miegojimo funkcija Miegamoji dalis 165\u00d7198 Indas su 1 indu Atsipalaidavimo funkcija be atsipalaidavimo funkcijos Reguliuojamas atlo\u0161as ne Galvos atrama be galvos atramos U\u017epildas zigzago\/bonelio spyruokl\u0117 Gamintojas Juoda Raudona Balta Bald\u0173 tipas Sofos ir ku\u0161et\u0117s PVM mokestis 23%<\/p>","protected":false},"excerpt":{"rendered":"<p>Sofa \u201eElizabeth\u201c \u2013 klasikin\u0117 elegancija ir patogumas viename. Patogumas ir funkcionalumas. Sofa \u201eElizabeth\u201c puikiai tinka tiems, kurie nori suderinti jauki\u0105 atmosfer\u0105 su kasdienio naudojimo patogumu. D\u0117l DL tipo atlo\u0161o mechanizmo j\u0105 galite paversti erdvia 165 x 198 cm lova vos per vien\u0105 minut\u0119.<\/p>","protected":false},"featured_media":265638,"comment_status":"open","ping_status":"open","template":"","meta":[],"product_brand":[],"product_cat":[9200,560],"product_tag":[],"class_list":{"0":"post-265637","1":"product","2":"type-product","3":"status-publish","4":"has-post-thumbnail","6":"product_cat-black-red-white","7":"product_cat-sofas-and-couches","9":"first","10":"instock","11":"purchasable","12":"product-type-simple"},"_links":{"self":[{"href":"https:\/\/baldumarket.lt\/lt\/wp-json\/wp\/v2\/product\/265637","targetHints":{"allow":["GET"]}}],"collection":[{"href":"https:\/\/baldumarket.lt\/lt\/wp-json\/wp\/v2\/product"}],"about":[{"href":"https:\/\/baldumarket.lt\/lt\/wp-json\/wp\/v2\/types\/product"}],"replies":[{"embeddable":true,"href":"https:\/\/baldumarket.lt\/lt\/wp-json\/wp\/v2\/comments?post=265637"}],"wp:featuredmedia":[{"embeddable":true,"href":"https:\/\/baldumarket.lt\/lt\/wp-json\/wp\/v2\/media\/265638"}],"wp:attachment":[{"href":"https:\/\/baldumarket.lt\/lt\/wp-json\/wp\/v2\/media?parent=265637"}],"wp:term":[{"taxonomy":"product_brand","embeddable":true,"href":"https:\/\/baldumarket.lt\/lt\/wp-json\/wp\/v2\/product_brand?post=265637"},{"taxonomy":"product_cat","embeddable":true,"href":"https:\/\/baldumarket.lt\/lt\/wp-json\/wp\/v2\/product_cat?post=265637"},{"taxonomy":"product_tag","embeddable":true,"href":"https:\/\/baldumarket.lt\/lt\/wp-json\/wp\/v2\/product_tag?post=265637"}],"curies":[{"name":"wp","href":"https:\/\/api.w.org\/{rel}","templated":true}]}}