{"id":265597,"date":"2026-01-14T00:11:42","date_gmt":"2026-01-13T21:11:42","guid":{"rendered":"https:\/\/baldumarket.lt\/product\/sofa-trzyosobowa-street-iv-lux-3dl-rozkladana-z-pojemnikiem-szara\/"},"modified":"2026-02-11T18:18:36","modified_gmt":"2026-02-11T15:18:36","slug":"sofa-trzyosobowa-street-iv-lux-3dl-rozkladana-z-pojemnikiem-szara","status":"publish","type":"product","link":"https:\/\/baldumarket.lt\/lt\/product\/sofa-trzyosobowa-street-iv-lux-3dl-rozkladana-z-pojemnikiem-szara\/","title":{"rendered":"Street IV LUX 3DL trij\u0173 viet\u0173 sofa su daiktad\u0117\u017ee, pilka"},"content":{"rendered":"<p>STREET IV LUX 3DL sofa \u2013 patvari ir ne\u012ftik\u0117tinai patogi. STREET IV LUX 3DL sofa-lova suteikia komfort\u0105 tiek dienos poilsiui, tiek nakties miegui. Sofa su lygiu miego pavir\u0161iumi, u\u017epildytu Bonnell spyruokl\u0117mis, garantuoja komfort\u0105, kur\u012f \u012fvertinsite kiekvien\u0105 dien\u0105. Tai puikus sprendimas tiems, kurie ie\u0161ko bald\u0173, kurie derina funkcionalum\u0105 ir komfort\u0105. Patogumas ir funkcionalumas: STREET IV LUX 3DL sofa turi ergonomi\u0161kas atlo\u0161o pagalv\u0117les su ki\u0161enin\u0117mis spyruokl\u0117mis, kurios u\u017etikrina puiki\u0105 nugaros atram\u0105. Tai leid\u017eia atlo\u0161ui prisitaikyti prie j\u016bs\u0173 k\u016bno formos, u\u017etikrinant komfort\u0105 tiek s\u0117dint, tiek ilsintis. Miegojimo pavir\u0161ius yra lygus, o Bonnell spyruokli\u0173 naudojimas s\u0117dyn\u0117je ir \u010diu\u017einyje garantuoja optimal\u0173 miego komfort\u0105. Praktin\u0117s savyb\u0117s: D\u0117l sklandaus automatinio mechanizmo sofa-lova greitai ir lengvai i\u0161skleid\u017eiama. Erdvus patalyn\u0117s skyrius leid\u017eia patogiai laikyti antklodes, pagalves ir kitus tekstil\u0117s gaminius, padedant palaikyti tvark\u0105 j\u016bs\u0173 svetain\u0117je. Atlo\u0161as tvirtinamas metaliniais slankikliais, kad b\u016bt\u0173 didesnis patvarumas ir stabilumas, o ki\u0161en\u0117mis u\u017epildyta pagalv\u0117li\u0173 sistema dar labiau padidina komfort\u0105. Dizainas ir stilius: STREET IV LUX 3DL sofa pasi\u017eymi i\u0161skirtine estetika d\u0117l dekoratyvini\u0173 si\u016bl\u0173 ir dvigubos adatos dygsnio, kurie atlieka ir dekoratyvin\u0119 funkcij\u0105, ir sutvirtina konstrukcij\u0105. Eleganti\u0161kas juodos spalvos \u201eEnyoj New 21\u201c audinio apmu\u0161alas suteikia sofai modern\u0173, minimalistin\u012f charakter\u012f. Satinin\u0117s apdailos plastikin\u0117s kojel\u0117s suteikia modernumo, o sofos atlo\u0161as aptrauktas baldiniu audiniu, tod\u0117l j\u0105 galima pastatyti bet kurioje kambario vietoje. Savyb\u0117s: sofa su miegojimo funkcija ir patalyn\u0117s d\u0117\u017ee. S\u0117dyn\u0117 ir \u010diu\u017einys u\u017epildyti \u201eBonnell\u201c spyruokl\u0117mis ir putomis. Ergonomi\u0161kos atlo\u0161o pagalv\u0117l\u0117s su ki\u0161eni\u0173 u\u017epildymo sistema. Lipnus mechanizmas, u\u017etikrinantis lengv\u0105 atlo\u0161im\u0105. Dekoratyviniai si\u016blai \u2013 dviej\u0173 adat\u0173 dygsniai. Didelis, lygus miegojimo pavir\u0161ius. Erdvi patalyn\u0117s d\u0117\u017e\u0117. Satinin\u0117s plastikin\u0117s kojel\u0117s. Sofos atlo\u0161as aptrauktas baldiniu audiniu. Santrauka: STREET IV LUX 3DL sofa sujungia patvarum\u0105, komfort\u0105 ir elegancij\u0105. Tur\u0117dama didel\u012f miegojimo pavir\u0161i\u0173, ergonomi\u0161kas pagalv\u0117les ir prakti\u0161k\u0105 patalyn\u0117s d\u0117\u017e\u0119, \u0161i sofa patenkins visus j\u016bs\u0173 funkcinius poreikius, kartu suteikdama j\u016bs\u0173 svetainei stiliaus ir modernumo. Idealus pasirinkimas ie\u0161kantiems patogumo ir prakti\u0161kumo viename balde.<\/p>\n<p>Prek\u0117s kodas FL-SO3-STREET_IV-LX_3DL-G2-ENJOY_NEW_21 Plotis 197 cm Gylis 98 cm S\u0117dyn\u0117s gylis 79 cm Auk\u0161tis 95 cm S\u0117dyn\u0117s auk\u0161tis 45 cm Kolekcija \u201eStreet\u201c Spalva \u201eEnjoy New 21\u201c Pilka Atspalvis Stilius modernus Med\u017eiaga audinys Miegamoji funkcija su miegojimo funkcija Miegamoji dalis 145 \u00d7 197 Indas su 1 indu Atsipalaidavimo funkcija be atsipalaidavimo funkcijos Reguliuojamas atlo\u0161as ne Galvos atrama be galvos atramos U\u017epildas: bonell spyruokl\u0117\/putplastis Gamintojas: juoda Raudona Balta Bald\u0173 tipas: sofos ir ku\u0161et\u0117s PVM mokestis 23% EAN 5906123039079<\/p>","protected":false},"excerpt":{"rendered":"<p>STREET IV LUX 3DL sofa \u2013 patvari ir ne\u012ftik\u0117tinai patogi. STREET IV LUX 3DL sofa-lova u\u017etikrina komfort\u0105 tiek dienos poilsiui, tiek nakties miegui. Sofa su plok\u0161\u010diu miego pavir\u0161iumi, u\u017epildytu Bonnell spyruokl\u0117mis, garantuoja komfort\u0105, kur\u012f \u012fvertinsite kiekvien\u0105 dien\u0105. Tai puikus sprendimas tiems, kurie ie\u0161ko bald\u0173, kurie apjungia [\u2026]<\/p>","protected":false},"featured_media":265598,"comment_status":"open","ping_status":"open","template":"","meta":[],"product_brand":[],"product_cat":[9200,560],"product_tag":[],"class_list":{"0":"post-265597","1":"product","2":"type-product","3":"status-publish","4":"has-post-thumbnail","6":"product_cat-black-red-white","7":"product_cat-sofas-and-couches","9":"first","10":"instock","11":"purchasable","12":"product-type-simple"},"_links":{"self":[{"href":"https:\/\/baldumarket.lt\/lt\/wp-json\/wp\/v2\/product\/265597","targetHints":{"allow":["GET"]}}],"collection":[{"href":"https:\/\/baldumarket.lt\/lt\/wp-json\/wp\/v2\/product"}],"about":[{"href":"https:\/\/baldumarket.lt\/lt\/wp-json\/wp\/v2\/types\/product"}],"replies":[{"embeddable":true,"href":"https:\/\/baldumarket.lt\/lt\/wp-json\/wp\/v2\/comments?post=265597"}],"wp:featuredmedia":[{"embeddable":true,"href":"https:\/\/baldumarket.lt\/lt\/wp-json\/wp\/v2\/media\/265598"}],"wp:attachment":[{"href":"https:\/\/baldumarket.lt\/lt\/wp-json\/wp\/v2\/media?parent=265597"}],"wp:term":[{"taxonomy":"product_brand","embeddable":true,"href":"https:\/\/baldumarket.lt\/lt\/wp-json\/wp\/v2\/product_brand?post=265597"},{"taxonomy":"product_cat","embeddable":true,"href":"https:\/\/baldumarket.lt\/lt\/wp-json\/wp\/v2\/product_cat?post=265597"},{"taxonomy":"product_tag","embeddable":true,"href":"https:\/\/baldumarket.lt\/lt\/wp-json\/wp\/v2\/product_tag?post=265597"}],"curies":[{"name":"wp","href":"https:\/\/api.w.org\/{rel}","templated":true}]}}