{"id":265558,"date":"2026-01-14T00:10:58","date_gmt":"2026-01-13T21:10:58","guid":{"rendered":"https:\/\/baldumarket.lt\/product\/sofa-trzyosobowa-sigma-rozkladana-z-pojemnikiem-na-nozkach-bezowa\/"},"modified":"2026-02-11T18:18:37","modified_gmt":"2026-02-11T15:18:37","slug":"sofa-trzyosobowa-sigma-rozkladana-z-pojemnikiem-na-nozkach-bezowa","status":"publish","type":"product","link":"https:\/\/baldumarket.lt\/lt\/product\/sofa-trzyosobowa-sigma-rozkladana-z-pojemnikiem-na-nozkach-bezowa\/","title":{"rendered":"Triviet\u0117 sofa Sigma su daiktad\u0117\u017ee ant koj\u0173, sm\u0117lio spalvos"},"content":{"rendered":"<p>\u201eSigma\u201c sofa \u2013 minimalizmas poilsio zonoje. \u201eSigma LUX 3DL\u201c sofa \u2013 tai paprasta, patogi ir moderni trij\u0173 viet\u0173 sofa, kurios minimalistinis dizainas puikiai dera prie \u012fvairi\u0173 interjero dizain\u0173. Idealiai tinka kaip pagrindinis svetain\u0117s zonos elementas, tai puikus sprendimas ma\u017eoms erdv\u0117ms, tokioms kaip studijos tipo apartamentai ar jaunimo kambariai. Funkcionalumas ir patogumas: D\u0117l i\u0161skleid\u017eiamos funkcijos \u201eSigma\u201c sofa greitai transformuojasi \u012f patogi\u0105 138 x 191 cm lov\u0105, tod\u0117l puikiai tinka kasdieniam naudojimui ar retkar\u010diais pernakvoti. S\u0117dimoje dalyje ir \u010diu\u017einyje naudojamos \u201eBonnell\u201c spyruokl\u0117s, u\u017etikrinan\u010dios vienod\u0105 ir patog\u0173 miegojimo pavir\u0161i\u0173. Pak\u0117limo pagrindu veikiantis i\u0161skleid\u017eiamo mechanizmo d\u0117ka sof\u0105 lengva ir greitai paversti lova, o siauri porankiai taupo viet\u0105, o tai ypa\u010d svarbu ma\u017eesn\u0117se erdv\u0117se. Praktin\u0117s savyb\u0117s: \u201eSigma\u201c sofoje yra patalyn\u0117s skyrius, kuriame galima laikyti antklodes, pagalves, rank\u0161luos\u010dius ar kitus daiktus, taip dar labiau padidinant bald\u0173 funkcionalum\u0105. Pakeltos kietmed\u017eio kojel\u0117s ne tik suteikia elegancijos, bet ir supaprastina valym\u0105, nes leid\u017eia lengvai pasiekti grindis neperkeliant sofos. Specialyb\u0117s: Sofa su miegojimo funkcija ir patalyn\u0117s saugykla. Pak\u0117limo mechanizmas leid\u017eia greitai ir lengvai paversti j\u0105 lova. Bonell spyruokl\u0117s s\u0117dyn\u0117je ir \u010diu\u017einyje u\u017etikrina vienod\u0105 ir patog\u0173 miegojimo pavir\u0161i\u0173. Patalyn\u0117s saugykla suteikia papildomos vietos daiktams susid\u0117ti. Siauri porankiai taupo viet\u0105. Kompakti\u0161kas dydis idealiai tinka ma\u017eoms erdv\u0117ms. Pakeltos kojel\u0117s palengvina valym\u0105. Dekoratyvin\u0117s kietmed\u017eio kojel\u0117s suteikia patvarumo ir stiling\u0105 i\u0161vaizd\u0105. \u201eOnega 2\u201c audinys suteikia eleganti\u0161k\u0105 ir modern\u0173 apmu\u0161al\u0105. Santrauka: \u201eSigma LUX 3DL\u201c sofa yra funkcionalus ir eleganti\u0161kas sprendimas ma\u017eesn\u0117ms erdv\u0117ms, si\u016blantis patogi\u0105 viet\u0105 atsipalaiduoti ir miegoti. D\u0117l Bonell spyruokli\u0173, patalyn\u0117s saugyklos ir pakelt\u0173 kojeli\u0173 \u0161i sofa yra patogi ir prakti\u0161ka, tuo pa\u010diu i\u0161laikant minimalistin\u012f stili\u0173, kuris puikiai dera prie modernaus interjero.<\/p>\n<p>Prek\u0117s kodas FL-SO3-SIGMA-LX_3DL-G3-ONEGA_2 Plotis 208 cm Gylis 90 cm S\u0117dyn\u0117s gylis 52-74 cm Auk\u0161tis 92 cm S\u0117dyn\u0117s auk\u0161tis 45 cm Kolekcija Sigma Spalva Onega 2 Atspalvis sm\u0117lio spalvos Skandinavi\u0161ko stiliaus Med\u017eiaga audinys Miegamoji funkcija su miegojimo funkcija Miegamoji dalis 138\u00d7191 Indas su 1 indu Atsipalaidavimo funkcija be atsipalaidavimo funkcijos Reguliuojamas atlo\u0161as be Galvos atrama be galvos atramos U\u017epildas: bonell spyruokl\u0117\/putplastis Gamintojas Juoda Raudona Balta Bald\u0173 tipas: Sofos ir ku\u0161et\u0117s PVM mokestis 23%<\/p>","protected":false},"excerpt":{"rendered":"<p>\u201eSigma\u201c sofa \u2013 minimalizmas poilsio zonoje. \u201eSigma LUX 3DL\u201c sofa yra paprasta, patogi ir moderni trij\u0173 viet\u0173 sofa, kurios minimalistinis dizainas puikiai dera prie \u012fvairi\u0173 interjero dizain\u0173. Idealiai tinka kaip pagrindinis svetain\u0117s elementas, tai puikus sprendimas ma\u017eoms erdv\u0117ms, tokioms kaip studijos tipo apartamentai ar jaunimo kambariai. Funkcionalumas [\u2026]<\/p>","protected":false},"featured_media":265559,"comment_status":"open","ping_status":"open","template":"","meta":[],"product_brand":[],"product_cat":[9200,560],"product_tag":[],"class_list":{"0":"post-265558","1":"product","2":"type-product","3":"status-publish","4":"has-post-thumbnail","6":"product_cat-black-red-white","7":"product_cat-sofas-and-couches","9":"first","10":"instock","11":"purchasable","12":"product-type-simple"},"_links":{"self":[{"href":"https:\/\/baldumarket.lt\/lt\/wp-json\/wp\/v2\/product\/265558","targetHints":{"allow":["GET"]}}],"collection":[{"href":"https:\/\/baldumarket.lt\/lt\/wp-json\/wp\/v2\/product"}],"about":[{"href":"https:\/\/baldumarket.lt\/lt\/wp-json\/wp\/v2\/types\/product"}],"replies":[{"embeddable":true,"href":"https:\/\/baldumarket.lt\/lt\/wp-json\/wp\/v2\/comments?post=265558"}],"wp:featuredmedia":[{"embeddable":true,"href":"https:\/\/baldumarket.lt\/lt\/wp-json\/wp\/v2\/media\/265559"}],"wp:attachment":[{"href":"https:\/\/baldumarket.lt\/lt\/wp-json\/wp\/v2\/media?parent=265558"}],"wp:term":[{"taxonomy":"product_brand","embeddable":true,"href":"https:\/\/baldumarket.lt\/lt\/wp-json\/wp\/v2\/product_brand?post=265558"},{"taxonomy":"product_cat","embeddable":true,"href":"https:\/\/baldumarket.lt\/lt\/wp-json\/wp\/v2\/product_cat?post=265558"},{"taxonomy":"product_tag","embeddable":true,"href":"https:\/\/baldumarket.lt\/lt\/wp-json\/wp\/v2\/product_tag?post=265558"}],"curies":[{"name":"wp","href":"https:\/\/api.w.org\/{rel}","templated":true}]}}