{"id":265526,"date":"2026-01-14T00:10:31","date_gmt":"2026-01-13T21:10:31","guid":{"rendered":"https:\/\/baldumarket.lt\/product\/sofa-trzyosobowa-rozkladana-z-pojemnikiem-kizo-turkusowa\/"},"modified":"2026-02-11T18:18:37","modified_gmt":"2026-02-11T15:18:37","slug":"sofa-trzyosobowa-rozkladana-z-pojemnikiem-kizo-turkusowa","status":"publish","type":"product","link":"https:\/\/baldumarket.lt\/lt\/product\/sofa-trzyosobowa-rozkladana-z-pojemnikiem-kizo-turkusowa\/","title":{"rendered":"KIZO turkio spalvos trij\u0173 viet\u0173 sofa-lova su daiktad\u0117\u017ee"},"content":{"rendered":"<p>Triviet\u0117 \u201eKizo\u201c sofa \u2013 modernus komfortas kasdieniam gyvenimui. Ie\u0161kote baldo, kuris j\u016bs\u0173 svetain\u0117je i\u0161siskirt\u0173 tiek i\u0161vaizda, tiek funkcionalumu? \u201eKizo\u201c sofa \u2013 tai atsakymas \u012f modernaus interjero poreikius \u2013 joje dera madingas turkio spalvos audinys, paprasta, tvirta forma ir prakti\u0161ki kasdieniai sprendimai. Patogumas ir funkcionalumas: \u201eKizo\u201c sofa suteikia komforto tiek kasdieniam poilsiui, tiek nakties miegui. S\u0117dyn\u0117 ir atlo\u0161as u\u017epildyti PU putomis ir vingiuotomis spyruokl\u0117mis, kurios suteikia elastingumo, tinkamos atramos ir ilgaam\u017ei\u0161kumo. 152 x 194 cm miegamoji dalis yra pakankamai didel\u0117, kad joje patogiai miegot\u0173 du \u017emon\u0117s per nakt\u012f. Praktin\u0117s savyb\u0117s: \u201eKizo\u201c modelis apr\u016bpintas DL mechanizmu, kuris leid\u017eia greitai ir lengvai i\u0161skleisti bald\u0105. Po s\u0117dyne yra papildomas patalyn\u0117s skyrius \u2013 puikiai tinkantis antklod\u0117ms, pagalv\u0117ms ar lovaties\u0117ms laikyti. Metalin\u0117s kojel\u0117s ne tik suteikia lengvumo, bet ir palengvina valym\u0105 po sofa. Dizainas ir stilius: \u201eKizo\u201c sofa aptraukta \u201eOver The Horizon 77\u201c \u0161eniliniu audiniu, tamsiai turkio spalvos. Audinys pasi\u017eymi subtilia tekst\u016bra ir malonia liesti apdaila, pabr\u0117\u017eian\u010dia modern\u0173 baldo charakter\u012f. Kontrastingos \u0161viesios dekoratyvin\u0117s pagalv\u0117l\u0117s suteikia stiliaus ir vizualin\u0117s pusiausvyros. Specialios savyb\u0117s: Matmenys: 252 x 104 x 88 cm Miegamasis plotas: 152 x 194 cm Miegojimo funkcija: DL automatinis mechanizmas, palengvinantis i\u0161skleidim\u0105 Patalynei skirta laikymo vieta U\u017epildas: zigzago spyruokl\u0117s + PUT putplastis Audinys: \u201eOver The Horizon 77\u201c \u2013 turkio spalvos \u0161enilinis Juodos metalin\u0117s kojel\u0117s Pridedamos dekoratyvin\u0117s pagalv\u0117l\u0117s Apibendrinimas: \u201eKizo\u201c sofa \u2013 modernus ir funkcionalus sprendimas j\u016bs\u0173 svetainei. Turkio spalvos audinys traukia ak\u012f, o d\u0117l praktini\u0173 savybi\u0173 jis puikiai tinka tiek dienai, tiek nak\u010diai. Pasir\u016bpinkite stiliumi ir komfortu savo interjere \u2013 rinkit\u0117s \u201eKizo\u201c sof\u0105.<\/p>\n<p>Prek\u0117s kodas FL-SO3-KIZO-LX_3DL-G4-OVER_77 Plotis 252 cm Gylis 104 cm S\u0117dyn\u0117s gylis 85 cm Auk\u0161tis 88 cm S\u0117dyn\u0117s auk\u0161tis 45 cm Kolekcija \u201eKizo\u201c Spalva Vir\u0161 77 Atspalvis turkio Stilius modernus Med\u017eiaga audinys Miegamoji funkcija su miegojimo funkcija Miegamoji dalis 152\u00d7194 Indas su 1 indu Atsipalaidavimo funkcija be atsipalaidavimo funkcijos Reguliuojamas atlo\u0161as ne Galvos atrama be galvos atramos U\u017epildas zigzago spyruokl\u0117\/putplastis Gamintojas Juoda Raudona Balta Bald\u0173 tipas Sofos ir ku\u0161et\u0117s PVM 23% EAN 5906123128353<\/p>","protected":false},"excerpt":{"rendered":"<p>Triviet\u0117 \u201eKizo\u201c sofa \u2013 modernus komfortas kasdieniam gyvenimui. Ie\u0161kote baldo, kuris j\u016bs\u0173 svetain\u0117je i\u0161siskirt\u0173 tiek i\u0161vaizda, tiek funkcionalumu? \u201eKizo\u201c sofa \u2013 tai atsakymas \u012f modernaus interjero poreikius \u2013 joje dera madingas turkio spalvos audinys, paprasta, tvirta forma ir prakti\u0161kumas kasdieniame gyvenime. [\u2026]<\/p>","protected":false},"featured_media":265527,"comment_status":"open","ping_status":"open","template":"","meta":[],"product_brand":[],"product_cat":[9200,560],"product_tag":[],"class_list":{"0":"post-265526","1":"product","2":"type-product","3":"status-publish","4":"has-post-thumbnail","6":"product_cat-black-red-white","7":"product_cat-sofas-and-couches","9":"first","10":"instock","11":"purchasable","12":"product-type-simple"},"_links":{"self":[{"href":"https:\/\/baldumarket.lt\/lt\/wp-json\/wp\/v2\/product\/265526","targetHints":{"allow":["GET"]}}],"collection":[{"href":"https:\/\/baldumarket.lt\/lt\/wp-json\/wp\/v2\/product"}],"about":[{"href":"https:\/\/baldumarket.lt\/lt\/wp-json\/wp\/v2\/types\/product"}],"replies":[{"embeddable":true,"href":"https:\/\/baldumarket.lt\/lt\/wp-json\/wp\/v2\/comments?post=265526"}],"wp:featuredmedia":[{"embeddable":true,"href":"https:\/\/baldumarket.lt\/lt\/wp-json\/wp\/v2\/media\/265527"}],"wp:attachment":[{"href":"https:\/\/baldumarket.lt\/lt\/wp-json\/wp\/v2\/media?parent=265526"}],"wp:term":[{"taxonomy":"product_brand","embeddable":true,"href":"https:\/\/baldumarket.lt\/lt\/wp-json\/wp\/v2\/product_brand?post=265526"},{"taxonomy":"product_cat","embeddable":true,"href":"https:\/\/baldumarket.lt\/lt\/wp-json\/wp\/v2\/product_cat?post=265526"},{"taxonomy":"product_tag","embeddable":true,"href":"https:\/\/baldumarket.lt\/lt\/wp-json\/wp\/v2\/product_tag?post=265526"}],"curies":[{"name":"wp","href":"https:\/\/api.w.org\/{rel}","templated":true}]}}