{"id":265502,"date":"2026-01-14T00:10:11","date_gmt":"2026-01-13T21:10:11","guid":{"rendered":"https:\/\/baldumarket.lt\/product\/sofa-trzyosobowa-royal-v-mega-rozkladana-z-pojemnikiem-plecionka-bezowa\/"},"modified":"2026-02-11T18:18:37","modified_gmt":"2026-02-11T15:18:37","slug":"sofa-trzyosobowa-royal-v-mega-rozkladana-z-pojemnikiem-plecionka-bezowa","status":"publish","type":"product","link":"https:\/\/baldumarket.lt\/lt\/product\/sofa-trzyosobowa-royal-v-mega-rozkladana-z-pojemnikiem-plecionka-bezowa\/","title":{"rendered":"\u201eRoyal V Mega\u201c trij\u0173 viet\u0173 sofa su daiktad\u0117\u017ee, sm\u0117lio spalvos pynimas"},"content":{"rendered":"<p>Moderni ROYAL V MEGA LUX sofa \u2013 didelis ir eleganti\u0161kas baldas. ROYAL V MEGA LUX 3DL sofa-lova \u2013 puikus sprendimas ie\u0161kantiems didelio, patogaus ir eleganti\u0161ko baldo, kuris suteikt\u0173 prabangos j\u0173 interjerui. D\u0117l dygsniuot\u0173 s\u0117dyn\u0117s ir atlo\u0161o pagalv\u0117li\u0173 sofa atrodo ne\u012ftik\u0117tinai stilingai ir u\u017etikrina auk\u0161t\u0105 komfort\u0105. Tai puikus pasirinkimas erdvioms svetain\u0117ms, kur ji taps poilsio ir susib\u016brim\u0173 su \u0161eima bei draugais traukos centru. Patogumas ir funkcionalumas: ROYAL V MEGA LUX 3DL sofa turi miegojimo funkcij\u0105, tod\u0117l tai prakti\u0161kas sprendimas tiek kasdieniam naudojimui, tiek sve\u010diams. Miegojimo pavir\u0161ius tolygiai u\u017epildytas \u201eBonnell\u201c spyruokl\u0117mis s\u0117dyn\u0117je ir atlo\u0161e, u\u017etikrinant vienod\u0105 ir patogi\u0105 miegojimo erdv\u0119. Be to, put\u0173 ir \u201eBonnell\u201c spyruokli\u0173 u\u017epildas \u010diu\u017einyje ir atlo\u0161e garantuoja optimali\u0105 k\u016bno atram\u0105 miego metu. Didelis patalyn\u0117s skyrius leid\u017eia patogiai laikyti patalyn\u0119, antklodes ir pagalves, tod\u0117l lengva visk\u0105 sutvarkyti. Modernios savyb\u0117s: Sofa greitai ir lengvai i\u0161siskleid\u017eia d\u0117l automatinio mechanizmo, kur\u012f padeda keltuvai. D\u0117l to sof\u0105 lengva paversti lova, o stumdomi porankiai ant metalini\u0173 b\u0117geli\u0173 leid\u017eia greitai ir lengvai surinkti. Ki\u0161en\u0117se prisi\u016btos atlo\u0161o pagalv\u0117l\u0117s, pagamintos i\u0161 pjaustyto putplas\u010dio ir silikono, prisitaiko prie nugaros formos, u\u017etikrindamos optimal\u0173 komfort\u0105 poilsio metu. Dizainas ir stilius: dygsniuotos s\u0117dyn\u0117s ir atlo\u0161o pagalv\u0117l\u0117s suteikia ROYAL V MEGA LUX sofai eleganti\u0161k\u0105 ir moderni\u0105 i\u0161vaizd\u0105, kuri papildys \u012fvairius interjero stilius. \u201ePuente 06\u201c audinys suteikia j\u016bs\u0173 interjerui subtilaus, rafinuoto akcento, o \u0161e\u0161ios papildomos dekoratyvin\u0117s pagalv\u0117l\u0117s \u2013 jaukumo. Plastikin\u0117s kojel\u0117s u\u017etikrina stabilum\u0105 ir ilgaam\u017ei\u0161kum\u0105, tuo pa\u010diu diskreti\u0161kai \u012fsiliejant \u012f bendr\u0105 dizain\u0105. Baldo ypatyb\u0117s: Sofa su miegojimo funkcija ir didele patalyn\u0117s d\u0117\u017ee: Automatinis i\u0161skleidimo laikiklis \u2013 lengvas i\u0161skleidimo b\u016bdas: S\u0117dyn\u0117s u\u017epildas: banguotos spyruokl\u0117s, bonell spyruokl\u0117s ir putplastis \u2013 patogumas ir ilgaam\u017ei\u0161kumas: \u010ciu\u017einio u\u017epildas: bonell spyruokl\u0117s ir putplastis \u2013 tolygus atramos miegant b\u016bdas: Atlo\u0161o (pagalv\u0117li\u0173) u\u017epildas: pjaustytas putplastis ir silikonas \u2013 patogumas ir reguliavimas pagal nugar\u0105: Didelis miegojimo pavir\u0161ius \u2013 funkcionalumas ir patogumas: Lygus, patogus miegojimo pavir\u0161ius: Ki\u0161enini\u0173 atlo\u0161o pagalv\u0117li\u0173 u\u017epildymo sistema: Dygsniuotos s\u0117dyn\u0117s ir atlo\u0161o pagalv\u0117l\u0117s \u2013 estetika ir elegancija: Porankiai, tvirtinami ant metalini\u0173 b\u0117geli\u0173 \u2013 lengvas surinkimas: Plastikin\u0117s kojel\u0117s \u2013 patvarumas ir stabilumas: Puente 06 audinys \u2013 moderni, eleganti\u0161ka i\u0161vaizda: Apibendrinimas: ROYAL V MEGA LUX 3DL sofa \u2013 tai modernaus dizaino, funkcionalumo ir elegancijos derinys. D\u0117l patogios miegojimo funkcijos, didel\u0117s patalyn\u0117s vietos ir estetini\u0173 detali\u0173, toki\u0173 kaip dygsniuota s\u0117dyn\u0117 ir pagalv\u0117l\u0117s, \u0161i sofa bus puikus pasirinkimas bet kuriai svetainei, suteiksianti interjerui prabangios ir jaukios atmosferos.<\/p>\n<p>Prek\u0117s kodas FL-SO3-ROYAL_V_MEGA_O-LX_3DL-G1~00167189 Plotis 247 cm Gylis 116 cm S\u0117dyn\u0117s gylis 74 cm Auk\u0161tis 96 cm S\u0117dyn\u0117s auk\u0161tis 44 cm Kolekcija Karali\u0161ka Spalva Puente 06 Atspalvis sm\u0117lio Stilius modernus Med\u017eiaga audinys Miegamoji funkcija su miegojimo funkcija Miegamoji dalis 158\u00d7195 Indas su 1 indu Atsipalaidavimo funkcija be atsipalaidavimo funkcijos Reguliuojamas atlo\u0161as ne Galvos atrama be galvos atramos U\u017epildas zigzago\/bonelio spyruokl\u0117 Gamintojas Juoda Raudona Balta Bald\u0173 tipas Sofos ir ku\u0161et\u0117s PVM 23% EAN 5906123050296<\/p>","protected":false},"excerpt":{"rendered":"<p>Moderni ROYAL V MEGA LUX sofa \u2013 didelis ir eleganti\u0161kas baldas. ROYAL V MEGA LUX 3DL sofa-lova \u2013 puikus sprendimas ie\u0161kantiems didelio, patogaus ir eleganti\u0161ko baldo, kuris suteiks j\u0173 interjerui prabangos. D\u0117l dygsniuotos s\u0117dyn\u0117s ir atlo\u0161o [\u2026]<\/p>","protected":false},"featured_media":265503,"comment_status":"open","ping_status":"open","template":"","meta":[],"product_brand":[],"product_cat":[9200,560],"product_tag":[],"class_list":{"0":"post-265502","1":"product","2":"type-product","3":"status-publish","4":"has-post-thumbnail","6":"product_cat-black-red-white","7":"product_cat-sofas-and-couches","9":"first","10":"instock","11":"purchasable","12":"product-type-simple"},"_links":{"self":[{"href":"https:\/\/baldumarket.lt\/lt\/wp-json\/wp\/v2\/product\/265502","targetHints":{"allow":["GET"]}}],"collection":[{"href":"https:\/\/baldumarket.lt\/lt\/wp-json\/wp\/v2\/product"}],"about":[{"href":"https:\/\/baldumarket.lt\/lt\/wp-json\/wp\/v2\/types\/product"}],"replies":[{"embeddable":true,"href":"https:\/\/baldumarket.lt\/lt\/wp-json\/wp\/v2\/comments?post=265502"}],"wp:featuredmedia":[{"embeddable":true,"href":"https:\/\/baldumarket.lt\/lt\/wp-json\/wp\/v2\/media\/265503"}],"wp:attachment":[{"href":"https:\/\/baldumarket.lt\/lt\/wp-json\/wp\/v2\/media?parent=265502"}],"wp:term":[{"taxonomy":"product_brand","embeddable":true,"href":"https:\/\/baldumarket.lt\/lt\/wp-json\/wp\/v2\/product_brand?post=265502"},{"taxonomy":"product_cat","embeddable":true,"href":"https:\/\/baldumarket.lt\/lt\/wp-json\/wp\/v2\/product_cat?post=265502"},{"taxonomy":"product_tag","embeddable":true,"href":"https:\/\/baldumarket.lt\/lt\/wp-json\/wp\/v2\/product_tag?post=265502"}],"curies":[{"name":"wp","href":"https:\/\/api.w.org\/{rel}","templated":true}]}}