{"id":265479,"date":"2026-01-14T00:09:49","date_gmt":"2026-01-13T21:09:49","guid":{"rendered":"https:\/\/baldumarket.lt\/product\/sofa-trzyosobowa-na-nozkach-torent-rozkladana-z-pojemnikiem-welurowa-bezowa\/"},"modified":"2026-02-11T18:18:37","modified_gmt":"2026-02-11T15:18:37","slug":"sofa-trzyosobowa-na-nozkach-torent-rozkladana-z-pojemnikiem-welurowa-bezowa","status":"publish","type":"product","link":"https:\/\/baldumarket.lt\/lt\/product\/sofa-trzyosobowa-na-nozkach-torent-rozkladana-z-pojemnikiem-welurowa-bezowa\/","title":{"rendered":"Torent trij\u0173 viet\u0173 sofa ant koj\u0173, sulenkstoma su daiktad\u0117\u017ee, sm\u0117lio spalvos aksomas"},"content":{"rendered":"<p>TORENT sofa \u2013 daugyb\u0117 privalum\u0173 ma\u017eame dydyje. TORENT sofa \u2013 tai puikus komforto ir funkcionalumo derinys, idealiai tinkantis moderniam interjerui. D\u0117l kompakti\u0161k\u0173 matmen\u0173 ji tinka tiek ma\u017eesn\u0117ms, tiek didesn\u0117ms svetain\u0117ms, u\u017etikrinant komfort\u0105 ir prakti\u0161kum\u0105 kasdieniam naudojimui. Patogumas ir funkcionalumas: TORENT sofos s\u0117dyn\u0117je ir \u010diu\u017einyje yra \u201ebonell\u201c spyruokl\u0117s, u\u017etikrinan\u010dios vienod\u0105 miego pavir\u0161i\u0173 ir sveik\u0105 bei ram\u0173 mieg\u0105. DL mechanizmas leid\u017eia greitai ir patogiai i\u0161skleisti sof\u0105, tod\u0117l ji idealiai tinka tiek kasdieniam naudojimui, tiek sve\u010diams. Miegamosios dalies matmenys \u2013 144 x 196 cm, tod\u0117l patogiai gali s\u0117d\u0117ti du \u017emon\u0117s. Praktin\u0117s savyb\u0117s: didelis patalyn\u0117s skyrius yra papildomas TORENT sofos privalumas, leid\u017eiantis laikyti patalyn\u0119, rank\u0161luos\u010dius, drabu\u017eius ar kitus daiktus, padedant palaikyti tvark\u0105 svetain\u0117je. Dir\u017eelis, leid\u017eiantis lengvai sulankstyti atlo\u0161\u0105, nuimamos nugaros pagalv\u0117l\u0117s ir pamink\u0161tinti porankiai u\u017etikrina auk\u0161t\u0105 komfort\u0105. Sofa sukurta atsi\u017evelgiant \u012f kasdien\u012f naudojim\u0105, u\u017etikrinant komfort\u0105 visiems namuose. Dizainas ir stilius: Dekoratyvin\u0117s si\u016bl\u0117s ir rai\u0161teliai ant atlo\u0161o pagalv\u0117li\u0173 pagerina TORENT sofos estetik\u0105, suteikdami jai elegancijos ir modernaus charakterio. Dekoratyvin\u0117s kietmed\u017eio kojel\u0117s yra ne tik stilingos, bet ir u\u017etikrina patvarum\u0105 bei lengv\u0105 valym\u0105 d\u0117l padidinto sofos auk\u0161\u010dio. Du eleganti\u0161ki komplekte esantys voleliai ne tik suteikia \u017eavesio, bet ir suteikia papildomo komforto atsipalaiduojant. Sofa aptraukta madingo \u017ealio atspalvio \u201eVogue 2\u201c audiniu, kuris interjerui suteikia gaivumo ir elegancijos. Ypatingos savyb\u0117s: Kompakti\u0161ki matmenys: 220 x 95 x 98 cm, Miegamoji erdv\u0117: 144 x 196 cm, Patalyn\u0117 \u2013 papildoma daiktad\u0117\u017e\u0117, \u201eBonnell\u201c spyruokl\u0117s s\u0117dyn\u0117je ir \u010diu\u017einyje \u2013 miegojimo komfortas, Mink\u0161ti porankiai \u2013 patogi atrama, Dekoratyvin\u0117s si\u016bl\u0117s ir \u012fdubos ant atlo\u0161o pagalv\u0117li\u0173 \u2013 estetika ir patvarumas, Pridedamos dvi eleganti\u0161kos pagalv\u0117l\u0117s, Dekoratyvin\u0117s medin\u0117s kojel\u0117s i\u0161 kietmed\u017eio. Santrauka: TORENT sofa yra puikus pasirinkimas tiems, kurie ie\u0161ko baldo, kuris kompakti\u0161koje formoje derint\u0173 funkcionalum\u0105 ir elegancij\u0105. Su miegojimo funkcija, didele patalyn\u0117s laikymo vieta ir moderniu dizainu, \u0161i sofa patenkins visus j\u016bs\u0173 praktinius poreikius ir suteiks bet kokiam interjerui stiliaus bei rafinuotumo.<\/p>\n<p>Prek\u0117s kodas FL-SO3-TORENT-LX_3DL-G3-VOGUE_2 Plotis 220 cm Gylis 98 cm S\u0117dyn\u0117s gylis 54-79 cm Auk\u0161tis 95 cm S\u0117dyn\u0117s auk\u0161tis 49 cm Kolekcija Torent Spalva Vogue 2 Atspalvis sm\u0117lio Skandinavi\u0161ko stiliaus Med\u017eiaga audinys Miegamoji funkcija su miegojimo funkcija Miegamoji dalis 144\u00d7196 Indas su 1 indu Atsipalaidavimo funkcija be atsipalaidavimo funkcijos Reguliuojamas atlo\u0161as be Galvos atrama be galvos atramos U\u017epildas Bonell spyruokl\u0117\/putplastis Gamintojas Juoda Raudona Balta Bald\u0173 tipas Sofos ir ku\u0161et\u0117s PVM mokestis 23%<\/p>","protected":false},"excerpt":{"rendered":"<p>TORENT sofa \u2013 daugyb\u0117 privalum\u0173 ma\u017eame dydyje. TORENT sofa \u2013 tai puikus komforto ir funkcionalumo derinys, idealiai tinkantis moderniam interjerui. D\u0117l kompakti\u0161k\u0173 matmen\u0173 ji tinka tiek ma\u017eesn\u0117ms, tiek didesn\u0117ms svetain\u0117ms, u\u017etikrinant komfort\u0105 ir prakti\u0161kum\u0105 kasdieniam naudojimui. Patogumas ir funkcionalumas: TORENT sofa turi \u201ebonell\u201c spyruokles [\u2026]<\/p>","protected":false},"featured_media":265480,"comment_status":"open","ping_status":"open","template":"","meta":[],"product_brand":[],"product_cat":[9200,560],"product_tag":[],"class_list":{"0":"post-265479","1":"product","2":"type-product","3":"status-publish","4":"has-post-thumbnail","6":"product_cat-black-red-white","7":"product_cat-sofas-and-couches","9":"first","10":"instock","11":"purchasable","12":"product-type-simple"},"_links":{"self":[{"href":"https:\/\/baldumarket.lt\/lt\/wp-json\/wp\/v2\/product\/265479","targetHints":{"allow":["GET"]}}],"collection":[{"href":"https:\/\/baldumarket.lt\/lt\/wp-json\/wp\/v2\/product"}],"about":[{"href":"https:\/\/baldumarket.lt\/lt\/wp-json\/wp\/v2\/types\/product"}],"replies":[{"embeddable":true,"href":"https:\/\/baldumarket.lt\/lt\/wp-json\/wp\/v2\/comments?post=265479"}],"wp:featuredmedia":[{"embeddable":true,"href":"https:\/\/baldumarket.lt\/lt\/wp-json\/wp\/v2\/media\/265480"}],"wp:attachment":[{"href":"https:\/\/baldumarket.lt\/lt\/wp-json\/wp\/v2\/media?parent=265479"}],"wp:term":[{"taxonomy":"product_brand","embeddable":true,"href":"https:\/\/baldumarket.lt\/lt\/wp-json\/wp\/v2\/product_brand?post=265479"},{"taxonomy":"product_cat","embeddable":true,"href":"https:\/\/baldumarket.lt\/lt\/wp-json\/wp\/v2\/product_cat?post=265479"},{"taxonomy":"product_tag","embeddable":true,"href":"https:\/\/baldumarket.lt\/lt\/wp-json\/wp\/v2\/product_tag?post=265479"}],"curies":[{"name":"wp","href":"https:\/\/api.w.org\/{rel}","templated":true}]}}