{"id":265471,"date":"2026-01-14T00:09:43","date_gmt":"2026-01-13T21:09:43","guid":{"rendered":"https:\/\/baldumarket.lt\/product\/sofa-trzyosobowa-na-nozkach-santana-rozkladana-z-pojemnikiem-szara\/"},"modified":"2026-02-11T18:18:38","modified_gmt":"2026-02-11T15:18:38","slug":"sofa-trzyosobowa-na-nozkach-santana-rozkladana-z-pojemnikiem-szara","status":"publish","type":"product","link":"https:\/\/baldumarket.lt\/lt\/product\/sofa-trzyosobowa-na-nozkach-santana-rozkladana-z-pojemnikiem-szara\/","title":{"rendered":"SANTANA trij\u0173 viet\u0173 sofa ant koj\u0173, sulankstoma, su daiktad\u0117\u017ee, pilka"},"content":{"rendered":"<p>\u201eSantana\u201c sofa \u2013 komfortas ir elegancija j\u016bs\u0173 svetain\u0117je. Komfortas ir funkcionalumas. Triviet\u0117 \u201eSantana\u201c sofa puikiai tinka kaip \u0161eimos poilsio zonos centrinis elementas. D\u0117l DL mechanizmo j\u0105 galite greitai transformuoti \u012f 153 \u00d7 191 cm lov\u0105, kurioje patogiai miegos dviese. S\u0117dyn\u0117, u\u017epildyta putomis ir vingiuotomis spyruokl\u0117mis, prisitaiko prie j\u016bs\u0173 k\u016bno, u\u017etikrindama komfort\u0105 ir ilgaam\u017ei\u0161kum\u0105 ilgus metus. Praktin\u0117s savyb\u0117s: \u012fmontuotas patalyn\u0117s skyrius leid\u017eia laikyti antklodes, pagalves ir apklotus, tod\u0117l j\u016bs\u0173 svetain\u0117 bus tvarkinga. Pakeltos medin\u0117s kojel\u0117s leid\u017eia lengvai valyti po sofa, o audiniu aptrauktas atlo\u0161as leid\u017eia j\u0105 pastatyti bet kurioje kambario vietoje. Dizainas ir stilius: \u201eNano 11\u201c audinio apmu\u0161alai yra mink\u0161ti, malon\u016bs liesti ir sukuria jauki\u0105 atmosfer\u0105. Nesenstantis sofos dizainas, kur\u012f papildo didel\u0117s atlo\u0161o pagalv\u0117l\u0117s, dvi dekoratyvin\u0117s pagalv\u0117l\u0117s ir mink\u0161ti porankiai, daro \u201eSantana\u201c puikiai tinkan\u010di\u0105 tiek moderniam, tiek klasikiniam interjerui. Savyb\u0117s: Triviet\u0117 sofa su miegojimo funkcija, Miegamasis plotas: 153 x 191 cm, DLS tipo atlo\u0161o mechanizmas, S\u0117dyn\u0117: putplastis ir vingiuotos spyruokl\u0117s, Didelis skyrius patalynei, Mink\u0161tas apmu\u0161alas \u2013 Nano 11 audinys, Pridedamos dvi dekoratyvin\u0117s pagalv\u0117l\u0117s, Pakeltos medin\u0117s kojel\u0117s, Sofos atlo\u0161as aptrauktas audiniu, Kompakti\u0161ki matmenys: 238 x 108 x 99 cm. Santrauka: \u201eSantana\u201c sofa \u2013 eleganti\u0161kas ir prakti\u0161kas svetain\u0117s baldas, derinantis kasdienio naudojimo patogum\u0105 su miegojimo funkcija. D\u0117l mink\u0161to Nano 11 audinio, patalyn\u0117s skyrelio ir nesenstan\u010dio dizaino ji taps dekoratyviniu elementu j\u016bs\u0173 interjere.<\/p>\n<p>Prek\u0117s kodas FL-SO3-SANTANA-LX_3DL-G1-NANO_11 Plotis 238 cm Gylis 108 cm S\u0117dyn\u0117s gylis 63 cm Auk\u0161tis 99 cm S\u0117dyn\u0117s auk\u0161tis 44 cm Kolekcija Santana Spalva Nano 11 Grafito atspalvis Stilius modernus Med\u017eiaga pintas Miegamoji funkcija su miegojimo funkcija Miegamoji dalis 153\u00d7191 Indas su 1 indu Atsipalaidavimo funkcija be atsipalaidavimo funkcijos Reguliuojamas atlo\u0161as ne Galvos atrama be galvos atramos U\u017epildas zigzago spyruokl\u0117\/putplastis Gamintojas Juoda Raudona Balta Bald\u0173 tipas Sofos ir ku\u0161et\u0117s PVM mokestis 23%<\/p>","protected":false},"excerpt":{"rendered":"<p>\u201eSantana\u201c sofa \u2013 komfortas ir elegancija j\u016bs\u0173 svetain\u0117je. Komfortas ir funkcionalumas. Triviet\u0117 \u201eSantana\u201c sofa puikiai tinka kaip \u0161eimos poilsio zonos centrinis elementas. DL mechanizmo d\u0117ka j\u0105 galite greitai transformuoti \u012f 153 \u00d7 191 cm lov\u0105, kurioje patogiai miegos du \u017emon\u0117s. S\u0117dyn\u0117, pripildyta [\u2026]<\/p>","protected":false},"featured_media":265472,"comment_status":"open","ping_status":"open","template":"","meta":[],"product_brand":[],"product_cat":[9200,560],"product_tag":[],"class_list":{"0":"post-265471","1":"product","2":"type-product","3":"status-publish","4":"has-post-thumbnail","6":"product_cat-black-red-white","7":"product_cat-sofas-and-couches","9":"first","10":"instock","11":"purchasable","12":"product-type-simple"},"_links":{"self":[{"href":"https:\/\/baldumarket.lt\/lt\/wp-json\/wp\/v2\/product\/265471","targetHints":{"allow":["GET"]}}],"collection":[{"href":"https:\/\/baldumarket.lt\/lt\/wp-json\/wp\/v2\/product"}],"about":[{"href":"https:\/\/baldumarket.lt\/lt\/wp-json\/wp\/v2\/types\/product"}],"replies":[{"embeddable":true,"href":"https:\/\/baldumarket.lt\/lt\/wp-json\/wp\/v2\/comments?post=265471"}],"wp:featuredmedia":[{"embeddable":true,"href":"https:\/\/baldumarket.lt\/lt\/wp-json\/wp\/v2\/media\/265472"}],"wp:attachment":[{"href":"https:\/\/baldumarket.lt\/lt\/wp-json\/wp\/v2\/media?parent=265471"}],"wp:term":[{"taxonomy":"product_brand","embeddable":true,"href":"https:\/\/baldumarket.lt\/lt\/wp-json\/wp\/v2\/product_brand?post=265471"},{"taxonomy":"product_cat","embeddable":true,"href":"https:\/\/baldumarket.lt\/lt\/wp-json\/wp\/v2\/product_cat?post=265471"},{"taxonomy":"product_tag","embeddable":true,"href":"https:\/\/baldumarket.lt\/lt\/wp-json\/wp\/v2\/product_tag?post=265471"}],"curies":[{"name":"wp","href":"https:\/\/api.w.org\/{rel}","templated":true}]}}