{"id":265447,"date":"2026-01-14T00:09:23","date_gmt":"2026-01-13T21:09:23","guid":{"rendered":"https:\/\/baldumarket.lt\/product\/sofa-trzyosobowa-leon-rozkladana-z-pojemnikiem-zielona\/"},"modified":"2026-02-11T18:18:38","modified_gmt":"2026-02-11T15:18:38","slug":"sofa-trzyosobowa-leon-rozkladana-z-pojemnikiem-zielona","status":"publish","type":"product","link":"https:\/\/baldumarket.lt\/lt\/product\/sofa-trzyosobowa-leon-rozkladana-z-pojemnikiem-zielona\/","title":{"rendered":"LEON trij\u0173 viet\u0173 sofa-lova su daiktad\u0117\u017ee, \u017ealia"},"content":{"rendered":"<p>LEON sofa \u2013 ry\u0161kus stilius kompakti\u0161koje formoje. Patogumas ir funkcionalumas. LEON sofa puikiai tinka tiems, kurie vertina modern\u0173 dizain\u0105 ir prakti\u0161kus sprendimus. Kompakti\u0161ki 191 x 92 x 89 cm matmenys daro j\u0105 puikiu svetain\u0117s, sve\u010di\u0173 kambario ar jaunimo kambario papildymu. S\u0117dyn\u0117 ir \u010diu\u017einys su \u201eBonnell\u201c spyruokl\u0117mis suteikia lyg\u0173, patog\u0173 138 x 191 cm miegojimo pavir\u0161i\u0173. Lengvas i\u0161skleidimas ir papildoma daikt\u0173 laikymo vieta. Automatinis i\u0161skleidimo mechanizmas leid\u017eia greitai ir lengvai paversti sof\u0105 lova. \u012emontuota daiktad\u0117\u017e\u0117 leid\u017eia laikyti patalyn\u0119, antklodes ir kitus tekstil\u0117s gaminius, taip padedant palaikyti tvark\u0105 kambaryje. Dizainas ir apdaila. Sta\u010diakamp\u0117s atlo\u0161o pagalv\u0117l\u0117s suteikia stabili\u0105 nugaros atram\u0105, o dekoratyvin\u0117s medin\u0117s kojel\u0117s suteikia LEON sofai lengvumo ir elegancijos. \u201ePoso 47\u201c audinio apmu\u0161alai pabr\u0117\u017eia modern\u0173 sofos charakter\u012f, tod\u0117l ji tampa patraukliu bet kokio interjero papildymu. Savyb\u0117s: Kompakti\u0161ki matmenys \u2013 191 x 92 x 89 cm; \u010ciu\u017einio \u201eBonnell\u201c spyruokl\u0117s \u2013 vienodas 138 \u00d7 191 cm miegojimo pavir\u0161ius; Automatinis i\u0161skleidimo mechanizmas \u2013 greitas ir paprastas valdymas; Patalyn\u0117 \u2013 prakti\u0161ka daiktad\u0117\u017e\u0117; 2 sta\u010diakamp\u0117s ir 2 poranki\u0173 pagalv\u0117l\u0117s; Dekoratyvin\u0117s medin\u0117s kojel\u0117s; Audinys: \u201ePoso 47\u201c. Apibendrinimas: LEON sofa \u2013 tai puikus modernaus dizaino, funkcionalumo ir patogumo derinys. Kompakti\u0161kas dydis, lengvas i\u0161skleidimo b\u016bdas ir prakti\u0161ka daiktad\u0117\u017e\u0117 daro j\u0105 puikiu baldu kasdieniam naudojimui bet kurioje erdv\u0117je.<\/p>\n<p>Prek\u0117s kodas FL-SO3-LEON-LX_3DL-G2-POSO_47 Plotis 191 cm Gylis 89 cm S\u0117dyn\u0117s gylis 50 cm Auk\u0161tis 92 cm S\u0117dyn\u0117s auk\u0161tis 44 cm Kolekcija Leon Spalva Poso 47 Atspalvis \u017ealia Stilius modernus Med\u017eiaga audinys Miegamoji funkcija su miegojimo funkcija Miegamoji dalis 138\u00d7191 Indas su 1 indu Atsipalaidavimo funkcija be atsipalaidavimo funkcijos Reguliuojamas atlo\u0161as be Galvos atrama be galvos atramos U\u017epildas: bonell spyruokl\u0117\/putplastis Gamintojas: juoda Raudona Balta Bald\u0173 tipas: sofos ir ku\u0161et\u0117s PVM mokestis 23%<\/p>","protected":false},"excerpt":{"rendered":"<p>LEON sofa \u2013 \u012fsp\u016bdingas stilius kompakti\u0161koje formoje. Patogumas ir funkcionalumas. LEON sofa puikiai tinka tiems, kurie vertina modern\u0173 dizain\u0105 ir prakti\u0161kus sprendimus. Kompakti\u0161ki 191 x 92 x 89 cm matmenys puikiai tinka svetainei, sve\u010di\u0173 kambariui ar jaunimo kambariui. S\u0117dyn\u0117 ir \u010diu\u017einys, [\u2026]<\/p>","protected":false},"featured_media":265448,"comment_status":"open","ping_status":"open","template":"","meta":[],"product_brand":[],"product_cat":[9200,560],"product_tag":[],"class_list":{"0":"post-265447","1":"product","2":"type-product","3":"status-publish","4":"has-post-thumbnail","6":"product_cat-black-red-white","7":"product_cat-sofas-and-couches","9":"first","10":"instock","11":"purchasable","12":"product-type-simple"},"_links":{"self":[{"href":"https:\/\/baldumarket.lt\/lt\/wp-json\/wp\/v2\/product\/265447","targetHints":{"allow":["GET"]}}],"collection":[{"href":"https:\/\/baldumarket.lt\/lt\/wp-json\/wp\/v2\/product"}],"about":[{"href":"https:\/\/baldumarket.lt\/lt\/wp-json\/wp\/v2\/types\/product"}],"replies":[{"embeddable":true,"href":"https:\/\/baldumarket.lt\/lt\/wp-json\/wp\/v2\/comments?post=265447"}],"wp:featuredmedia":[{"embeddable":true,"href":"https:\/\/baldumarket.lt\/lt\/wp-json\/wp\/v2\/media\/265448"}],"wp:attachment":[{"href":"https:\/\/baldumarket.lt\/lt\/wp-json\/wp\/v2\/media?parent=265447"}],"wp:term":[{"taxonomy":"product_brand","embeddable":true,"href":"https:\/\/baldumarket.lt\/lt\/wp-json\/wp\/v2\/product_brand?post=265447"},{"taxonomy":"product_cat","embeddable":true,"href":"https:\/\/baldumarket.lt\/lt\/wp-json\/wp\/v2\/product_cat?post=265447"},{"taxonomy":"product_tag","embeddable":true,"href":"https:\/\/baldumarket.lt\/lt\/wp-json\/wp\/v2\/product_tag?post=265447"}],"curies":[{"name":"wp","href":"https:\/\/api.w.org\/{rel}","templated":true}]}}