{"id":265441,"date":"2026-01-14T00:09:18","date_gmt":"2026-01-13T21:09:18","guid":{"rendered":"https:\/\/baldumarket.lt\/product\/sofa-trzyosobowa-leon-rozkladana-z-pojemnikiem-szara\/"},"modified":"2026-02-11T18:18:38","modified_gmt":"2026-02-11T15:18:38","slug":"sofa-trzyosobowa-leon-rozkladana-z-pojemnikiem-szara","status":"publish","type":"product","link":"https:\/\/baldumarket.lt\/lt\/product\/sofa-trzyosobowa-leon-rozkladana-z-pojemnikiem-szara\/","title":{"rendered":"Leon trij\u0173 viet\u0173 sofa-lova su daiktad\u0117\u017ee, pilka"},"content":{"rendered":"<p>LEON sofa \u2013 ry\u0161kus stilius kompakti\u0161koje formoje. Ie\u0161kote baldo, kuris \u017eav\u0117t\u0173 savo lengvumu, modernumu ir subtilumu? LEON sofa pateisins \u0161iuos l\u016bkes\u010dius, u\u017etikrindama komfort\u0105 ir funkcionalum\u0105, nepaisant kompakti\u0161k\u0173 matmen\u0173. Tai puikus pasirinkimas, jei jums reikia prakti\u0161ko, bet stilingo baldo savo svetainei. Su\u017einokite, kod\u0117l verta investuoti \u012f LEON sof\u0105. Patogumas ir funkcionalumas: LEON sofa buvo sukurta galvojant apie kasdien\u012f komfort\u0105. D\u0117l \u201eBonnell\u201c spyruokli\u0173 tiek s\u0117dyn\u0117je, tiek \u010diu\u017einyje ji u\u017etikrina patog\u0173 poils\u012f ir atkuriam\u0105j\u012f mieg\u0105. Automatinis i\u0161skleidimo mechanizmas leid\u017eia greitai transformuoti sof\u0105 \u012f 138 x 191 cm lov\u0105, tod\u0117l ji idealiai tinka, kai reikia papildomos miegojimo vietos. Praktin\u0117s savyb\u0117s: LEON sofa turi prakti\u0161k\u0105 patalyn\u0117s skyri\u0173, kuriame galite laikyti antklodes, apklotus ar sezoninius drabu\u017eius, taip pad\u0117dami palaikyti tvark\u0105 svetain\u0117je. I\u0161skleidimo mechanizmas yra paprastas ir patogus, tod\u0117l sofa idealiai tinka kasdieniam naudojimui. Sta\u010diakamp\u0117s pagalv\u0117l\u0117s suteikia nugaros atram\u0105, kuri yra b\u016btina atsipalaiduojant, o papildomos poranki\u0173 pagalv\u0117l\u0117s padidina komfort\u0105. Dizainas ir stilius: Modern\u0173 LEON sofos dizain\u0105 pabr\u0117\u017eia sta\u010diakamp\u0117s pagalv\u0117l\u0117s ir dekoratyvin\u0117s medin\u0117s kojel\u0117s, kurios suteikia elegancijos ir patvarumo. \u201ePoso 60\u201c audinys suteikia sofai eleganti\u0161k\u0105, minimalistin\u0119 i\u0161vaizd\u0105, puikiai papildan\u010di\u0105 modern\u0173 interjer\u0105. Medin\u0117s kojel\u0117s suteikia stabilumo ir pabr\u0117\u017eia stiling\u0105 baldo charakter\u012f. Ypatingos savyb\u0117s: Kompakti\u0161ki matmenys: 191 x 92 x 89 cm; \u010ciu\u017einyje esan\u010dios \u201eBonnell\u201c spyruokl\u0117s \u2013 vienodas miegojimo pavir\u0161ius, kurio matmenys 138 x 191 cm; Automatinis i\u0161skleidimo mechanizmas; Patalyn\u0117 \u2013 papildoma daiktad\u0117\u017e\u0117; Pridedamos 2 sta\u010diakamp\u0117s ir 2 poranki\u0173 pagalv\u0117l\u0117s; Dekoratyvin\u0117s medin\u0117s kojel\u0117s. Santrauka: LEON sofa derina modern\u0173 dizain\u0105, komfort\u0105 ir funkcionalum\u0105, tod\u0117l tai puikus pasirinkimas ma\u017eesn\u0117ms erdv\u0117ms. D\u0117l kompakti\u0161k\u0173 matmen\u0173, automatinio sulankstymo mechanizmo ir prakti\u0161ko daiktad\u0117\u017e\u0117s skyriaus \u0161i sofa yra ne tik stilinga, bet ir ne\u012ftik\u0117tinai prakti\u0161ka. Medin\u0117s kojel\u0117s ir eleganti\u0161kas \u201ePoso 60\u201c audinio apmu\u0161alas paver\u010dia LEON sof\u0105 \u012fsp\u016bdingu ir patvariu bet kokio interjero papildymu.<\/p>\n<p>Prek\u0117s kodas FL-SO3-LEON_O-LX_3DL-G2-POSO_60 Plotis 191 cm Gylis 89 cm S\u0117dyn\u0117s gylis 50-74 cm Auk\u0161tis 92 cm S\u0117dyn\u0117s auk\u0161tis 44 cm Kolekcija Leon Spalva Poso 60 Pilka\/Paros 6 Pilka Pilka Atspalvis Stilius modernus Med\u017eiaga velvetas\/aksomas Miegamoji funkcija su miegojimo funkcija Miegamoji dalis 138\u00d7191 Indas su 1 indu Atsipalaidavimo funkcija be atsipalaidavimo funkcijos Reguliuojamas atlo\u0161as ne Galvos atrama be galvos atramos U\u017epildas bonell spyruokl\u0117\/putplastis Gamintojas Juoda Raudona Balta Bald\u0173 tipas Sofos ir ku\u0161et\u0117s PVM 23% EAN 5906123038874<\/p>","protected":false},"excerpt":{"rendered":"<p>LEON sofa \u2013 \u012fsp\u016bdingas stilius kompakti\u0161koje formoje. Ie\u0161kote baldo, kuris \u017eav\u0117t\u0173 savo lengvumu, modernumu ir subtilumu? LEON sofa atitiks \u0161iuos l\u016bkes\u010dius, u\u017etikrindama komfort\u0105 ir funkcionalum\u0105, nepaisant kompakti\u0161k\u0173 matmen\u0173. Tai puikus pasirinkimas, jei jums reikia prakti\u0161ko, bet stilingo baldo savo [\u2026]<\/p>","protected":false},"featured_media":265442,"comment_status":"open","ping_status":"open","template":"","meta":[],"product_brand":[],"product_cat":[9200,560],"product_tag":[],"class_list":{"0":"post-265441","1":"product","2":"type-product","3":"status-publish","4":"has-post-thumbnail","6":"product_cat-black-red-white","7":"product_cat-sofas-and-couches","9":"first","10":"instock","11":"purchasable","12":"product-type-simple"},"_links":{"self":[{"href":"https:\/\/baldumarket.lt\/lt\/wp-json\/wp\/v2\/product\/265441","targetHints":{"allow":["GET"]}}],"collection":[{"href":"https:\/\/baldumarket.lt\/lt\/wp-json\/wp\/v2\/product"}],"about":[{"href":"https:\/\/baldumarket.lt\/lt\/wp-json\/wp\/v2\/types\/product"}],"replies":[{"embeddable":true,"href":"https:\/\/baldumarket.lt\/lt\/wp-json\/wp\/v2\/comments?post=265441"}],"wp:featuredmedia":[{"embeddable":true,"href":"https:\/\/baldumarket.lt\/lt\/wp-json\/wp\/v2\/media\/265442"}],"wp:attachment":[{"href":"https:\/\/baldumarket.lt\/lt\/wp-json\/wp\/v2\/media?parent=265441"}],"wp:term":[{"taxonomy":"product_brand","embeddable":true,"href":"https:\/\/baldumarket.lt\/lt\/wp-json\/wp\/v2\/product_brand?post=265441"},{"taxonomy":"product_cat","embeddable":true,"href":"https:\/\/baldumarket.lt\/lt\/wp-json\/wp\/v2\/product_cat?post=265441"},{"taxonomy":"product_tag","embeddable":true,"href":"https:\/\/baldumarket.lt\/lt\/wp-json\/wp\/v2\/product_tag?post=265441"}],"curies":[{"name":"wp","href":"https:\/\/api.w.org\/{rel}","templated":true}]}}