{"id":265398,"date":"2026-01-14T00:08:41","date_gmt":"2026-01-13T21:08:41","guid":{"rendered":"https:\/\/baldumarket.lt\/product\/sofa-trzyosobowa-kami-rozkladana-z-pojemnikiem-szenilowa-bezowa\/"},"modified":"2026-02-11T18:18:39","modified_gmt":"2026-02-11T15:18:39","slug":"sofa-trzyosobowa-kami-rozkladana-z-pojemnikiem-szenilowa-bezowa","status":"publish","type":"product","link":"https:\/\/baldumarket.lt\/lt\/product\/sofa-trzyosobowa-kami-rozkladana-z-pojemnikiem-szenilowa-bezowa\/","title":{"rendered":"KAMI trij\u0173 viet\u0173 sofa su i\u0161lankstomu daiktad\u0117\u017ee, \u0161enilin\u0117 sm\u0117lio spalva"},"content":{"rendered":"<p>\u201eKami\u201c sofa \u2013 modernus dizainas ir kasdienis komfortas. Komfortas ir funkcionalumas. Triviet\u0117 \u201eKami\u201c sofa sukurta patogiam s\u0117d\u0117jimui ir miegui. S\u0117dyn\u0117, u\u017epildyta putomis, zigzago ir \u201eBonnell\u201c spyruokl\u0117mis, suteikia optimali\u0105 k\u016bno atram\u0105. Miegojimo funkcija greitai transformuoja sof\u0105 \u012f 160 \u00d7 197 cm lov\u0105, o mink\u0161tas atlo\u0161as ir dekoratyvin\u0117s pagalv\u0117l\u0117s padidina komfort\u0105. Praktin\u0117s savyb\u0117s. \u012emontuotas patalyn\u0117s skyrius leid\u017eia lengvai laikyti antklodes, pagalves ir apklotus, tod\u0117l j\u016bs\u0173 svetain\u0117 bus tvarkinga. DL mechanizmas leid\u017eia greitai ir lengvai i\u0161skleisti sof\u0105, o tai ypa\u010d naudinga kasdieniam naudojimui. Dizainas ir stilius. Aptraukta \u201eTrenza 08\u201c audiniu \u2013 mink\u0161tu, patvariu ir maloniu liesti \u2013 suteikia sofai eleganti\u0161k\u0105 i\u0161vaizd\u0105 ir \u0161ilumos bei jaukumo bet kokiam interjerui. Minimalistinis dizainas, paprastos linijos ir subtilios detal\u0117s paver\u010dia j\u0105 puikiu baldu moderniam interjerui. Savyb\u0117s: Triviet\u0117 sofa su miegojimo funkcija; Miegamasis plotas: 160 x 197 cm; U\u017epildas: putplastis, zigzago ir bonell spyruokl\u0117s; DL tipo atlo\u0161o mechanizmas; Patalynei skirta vieta; Mink\u0161tas atlo\u0161as ir dekoratyvin\u0117s pagalv\u0117l\u0117s yra komplekte; Apmu\u0161al\u0173 audinys: Trenza 08; Modernus ir minimalistinis dizainas; Santrauka: \u201eKami\u201c sofa sujungia modern\u0173 dizain\u0105, komfort\u0105 ir funkcionalum\u0105. Su miegojimo funkcija, patalyn\u0117s d\u0117\u017ee ir eleganti\u0161ku apmu\u0161alu i\u0161 \u201eTrenza 08\u201c audinio, ji puikiai tiks bet kurioje \u0161iuolaiki\u0161koje svetain\u0117je.<\/p>\n<p>Prek\u0117s kodas FL-SO3-KAMI-LX_3DL-G4-TRENZA_08 Plotis 250 cm Gylis 129 cm S\u0117dyn\u0117s gylis 104 cm Auk\u0161tis 89 cm S\u0117dyn\u0117s auk\u0161tis 44 cm Kolekcija Kami Spalva Trenza 08 Atspalvis sm\u0117lio Stilius modernus Med\u017eiaga audinys Miegamoji funkcija su miegojimo funkcija Miegamoji dalis 160\u00d7197 Indas su 1 indu Atsipalaidavimo funkcija be atsipalaidavimo funkcijos Reguliuojamas atlo\u0161as ne Galvos atrama be galvos atramos U\u017epildas zigzago\/bonelio spyruokl\u0117 Gamintojas Juoda Raudona Balta Bald\u0173 tipas Sofos ir ku\u0161et\u0117s PVM mokestis 23%<\/p>","protected":false},"excerpt":{"rendered":"<p>The Kami Sofa \u2013 Modern Design and Everyday Comfort. Comfort and Functionality. The Kami sofa is a three-seater designed for comfort both while sitting and sleeping. The seat, filled with foam and zigzag and Bonnell springs, provides optimal body support. The sleep function quickly transforms the sofa into a 160&#215;197 cm bed, while soft backrest [&hellip;]<\/p>","protected":false},"featured_media":265399,"comment_status":"open","ping_status":"open","template":"","meta":[],"product_brand":[],"product_cat":[9200,560],"product_tag":[],"class_list":{"0":"post-265398","1":"product","2":"type-product","3":"status-publish","4":"has-post-thumbnail","6":"product_cat-black-red-white","7":"product_cat-sofas-and-couches","9":"first","10":"instock","11":"purchasable","12":"product-type-simple"},"_links":{"self":[{"href":"https:\/\/baldumarket.lt\/lt\/wp-json\/wp\/v2\/product\/265398","targetHints":{"allow":["GET"]}}],"collection":[{"href":"https:\/\/baldumarket.lt\/lt\/wp-json\/wp\/v2\/product"}],"about":[{"href":"https:\/\/baldumarket.lt\/lt\/wp-json\/wp\/v2\/types\/product"}],"replies":[{"embeddable":true,"href":"https:\/\/baldumarket.lt\/lt\/wp-json\/wp\/v2\/comments?post=265398"}],"wp:featuredmedia":[{"embeddable":true,"href":"https:\/\/baldumarket.lt\/lt\/wp-json\/wp\/v2\/media\/265399"}],"wp:attachment":[{"href":"https:\/\/baldumarket.lt\/lt\/wp-json\/wp\/v2\/media?parent=265398"}],"wp:term":[{"taxonomy":"product_brand","embeddable":true,"href":"https:\/\/baldumarket.lt\/lt\/wp-json\/wp\/v2\/product_brand?post=265398"},{"taxonomy":"product_cat","embeddable":true,"href":"https:\/\/baldumarket.lt\/lt\/wp-json\/wp\/v2\/product_cat?post=265398"},{"taxonomy":"product_tag","embeddable":true,"href":"https:\/\/baldumarket.lt\/lt\/wp-json\/wp\/v2\/product_tag?post=265398"}],"curies":[{"name":"wp","href":"https:\/\/api.w.org\/{rel}","templated":true}]}}