{"id":265387,"date":"2026-01-14T00:08:32","date_gmt":"2026-01-13T21:08:32","guid":{"rendered":"https:\/\/baldumarket.lt\/product\/sofa-trzyosobowa-garcia-rozkladana-z-pojemnikiem-mietowa-2\/"},"modified":"2026-02-11T18:18:39","modified_gmt":"2026-02-11T15:18:39","slug":"sofa-trzyosobowa-garcia-rozkladana-z-pojemnikiem-mietowa-2","status":"publish","type":"product","link":"https:\/\/baldumarket.lt\/lt\/product\/sofa-trzyosobowa-garcia-rozkladana-z-pojemnikiem-mietowa-2\/","title":{"rendered":"GARCIA trij\u0173 viet\u0173 sofa su daiktad\u0117\u017ee, m\u0117tin\u0117"},"content":{"rendered":"<p>\u201eGarcia\u201c sofa \u2013 nesenstantis komfortas ir funkcionalumas. Komfortas ir funkcionalumas. \u201eGarcia\u201c sofa sujungia paprast\u0105 form\u0105 ir auk\u0161t\u0105 komforto lyg\u012f. Putplas\u010dio u\u017epildas ir vingiuotos spyruokl\u0117s s\u0117dyn\u0117je ir \u010diu\u017einyje suteikia lyg\u0173, stabil\u0173 150 \u00d7 195 cm miegojimo pavir\u0161i\u0173. Pagilinta s\u0117dyn\u0117 leid\u017eia kiekvienam \u0161eimos nariui ar sve\u010diui patogiai atsipalaiduoti. Praktin\u0117s savyb\u0117s. Lengvai naudojamas mechanizmas leid\u017eia sofai skland\u017eiai ir efektyviai i\u0161siskleisti, tod\u0117l ja lengva naudotis vaikams ir senjorams. Didel\u0117 daiktad\u0117\u017e\u0117 po s\u0117dyne tilps patalyn\u0117, antklod\u0117s, sezoniniai drabu\u017eiai ir kiti tekstil\u0117s gaminiai, padedantys palaikyti tvark\u0105 namuose. Dizainas ir stilius. Nesenstanti \u201eGarcia\u201c sofos i\u0161vaizda tinka \u012fvairiems interjerams \u2013 nuo modernaus iki klasikinio. Ties\u016bs porankiai suteikia universalumo, o \u201ePoso 47\u201c audinio apmu\u0161alai \u2013 elegancijos ir lengvai dera su kitais dekoro elementais. Savyb\u0117s: Matmenys: 233 x 92 x 108 cm Miegamoji erdv\u0117: 150 \u00d7 195 cm Sulankstomas mechanizmas Banguotos spyruokl\u0117s s\u0117dyn\u0117je ir \u010diu\u017einyje Didel\u0117 patalyn\u0117s laikymo vieta Pagilinta s\u0117dyn\u0117 Ties\u016bs porankiai Nesenstantis dizainas Apmu\u0161al\u0173 audinys: Poso 47 Apibendrinimas \u201eGarcia\u201c sofa \u2013 prakti\u0161kas ir patogus baldas, i\u0161liekantis madingas. D\u0117l tvirtos konstrukcijos, miegojimo funkcijos, vietos daiktams susid\u0117ti ir klasikinio stiliaus ji tarnaus jums daugel\u012f met\u0173, i\u0161laikydama savo nesenstant\u012f \u017eaves\u012f.<\/p>\n<p>Prek\u0117s kodas FL-SO3-GARCIA-LX_3DL-FMIX70-G2-POSO_47 Plotis 233 cm Gylis 108 cm S\u0117dyn\u0117s gylis 63 cm Auk\u0161tis 92 cm S\u0117dyn\u0117s auk\u0161tis 45 cm Kolekcija Garcia Spalva Poso 47 Atspalvis \u017ealia Stilius modernus Med\u017eiaga audinys Miegamoji funkcija su miegojimo funkcija Miegamoji dalis 150\u00d7195 Indas su 1 indu Atsipalaidavimo funkcija be atsipalaidavimo funkcijos Reguliuojamas atlo\u0161as ne Galvos atrama be galvos atramos U\u017epildas zigzago spyruokl\u0117\/putplastis Gamintojas Juoda Raudona Balta Bald\u0173 tipas Sofos ir ku\u0161et\u0117s PVM 23% EAN 5906123138710<\/p>","protected":false},"excerpt":{"rendered":"<p>Garcia Sofa \u2013 Timeless Comfort and Functionality. Comfort and Functionality. The Garcia sofa combines a simple form with a high level of comfort. Foam filling and sinuous springs in the seat and mattress provide a level, stable sleeping surface measuring 150&#215;195 cm. The deepened seat allows every family member or guest to relax comfortably. Practical [&hellip;]<\/p>","protected":false},"featured_media":265388,"comment_status":"open","ping_status":"open","template":"","meta":[],"product_brand":[],"product_cat":[9200,560],"product_tag":[],"class_list":{"0":"post-265387","1":"product","2":"type-product","3":"status-publish","4":"has-post-thumbnail","6":"product_cat-black-red-white","7":"product_cat-sofas-and-couches","9":"first","10":"instock","11":"purchasable","12":"product-type-simple"},"_links":{"self":[{"href":"https:\/\/baldumarket.lt\/lt\/wp-json\/wp\/v2\/product\/265387","targetHints":{"allow":["GET"]}}],"collection":[{"href":"https:\/\/baldumarket.lt\/lt\/wp-json\/wp\/v2\/product"}],"about":[{"href":"https:\/\/baldumarket.lt\/lt\/wp-json\/wp\/v2\/types\/product"}],"replies":[{"embeddable":true,"href":"https:\/\/baldumarket.lt\/lt\/wp-json\/wp\/v2\/comments?post=265387"}],"wp:featuredmedia":[{"embeddable":true,"href":"https:\/\/baldumarket.lt\/lt\/wp-json\/wp\/v2\/media\/265388"}],"wp:attachment":[{"href":"https:\/\/baldumarket.lt\/lt\/wp-json\/wp\/v2\/media?parent=265387"}],"wp:term":[{"taxonomy":"product_brand","embeddable":true,"href":"https:\/\/baldumarket.lt\/lt\/wp-json\/wp\/v2\/product_brand?post=265387"},{"taxonomy":"product_cat","embeddable":true,"href":"https:\/\/baldumarket.lt\/lt\/wp-json\/wp\/v2\/product_cat?post=265387"},{"taxonomy":"product_tag","embeddable":true,"href":"https:\/\/baldumarket.lt\/lt\/wp-json\/wp\/v2\/product_tag?post=265387"}],"curies":[{"name":"wp","href":"https:\/\/api.w.org\/{rel}","templated":true}]}}