{"id":265383,"date":"2026-01-14T00:08:28","date_gmt":"2026-01-13T21:08:28","guid":{"rendered":"https:\/\/baldumarket.lt\/product\/sofa-trzyosobowa-garcia-rozkladana-z-pojemnikiem-mietowa\/"},"modified":"2026-02-11T18:18:39","modified_gmt":"2026-02-11T15:18:39","slug":"sofa-trzyosobowa-garcia-rozkladana-z-pojemnikiem-mietowa","status":"publish","type":"product","link":"https:\/\/baldumarket.lt\/lt\/product\/sofa-trzyosobowa-garcia-rozkladana-z-pojemnikiem-mietowa\/","title":{"rendered":"Garcia trij\u0173 viet\u0173 sofa-lova su daiktad\u0117\u017ee, m\u0117tin\u0117"},"content":{"rendered":"<p>\u201eGarcia\u201c sofa \u2013 baldas, kuris niekada nei\u0161eina i\u0161 mados. \u201eGarcia\u201c sofa \u2013 puikus pasirinkimas tiems, kurie vertina paprastas, nesenstan\u010dias formas, kurios niekada nei\u0161eina i\u0161 mados. D\u0117l universalaus dizaino sofa puikiai tinka tiek erdviai, moderniai svetainei, tiek ma\u017eesniam kambariui, u\u017etikrindama komfort\u0105 ir funkcionalum\u0105. Patogumas ir patogumas: \u201eGarcia\u201c sofos s\u0117dyn\u0117 ir \u010diu\u017einys u\u017epildyti putplas\u010diu ir zigzago spyruokl\u0117mis, u\u017etikrinan\u010diomis vienod\u0105, patog\u0173 150 \u00d7 195 cm miego pavir\u0161i\u0173. Tai u\u017etikrina patog\u0173, atramin\u012f ir jauk\u0173 mieg\u0105 kiekvien\u0105 nakt\u012f. Pagilinta s\u0117dyn\u0117 padidina komfort\u0105, leisdama visiems nam\u0173 \u016bkio nariams ir sve\u010diams patogiai s\u0117d\u0117ti. Miegojimo funkcija ir prakti\u0161kumas: \u201eGarcia\u201c sofa turi skland\u0173, efektyv\u0173 i\u0161skleidimo mechanizm\u0105, tod\u0117l ja lengva naudotis, ypa\u010d vaikams ir pagyvenusiems \u017emon\u0117ms. \u0160is mechanizmas leid\u017eia greitai transformuoti sof\u0105 \u012f patogi\u0105 lov\u0105, tod\u0117l ji idealiai tinka kasdieniam miegui ar sve\u010diams. Be to, sofoje yra didelis patalyn\u0117s skyrius, kuriame galima laikyti antklodes, sezoninius drabu\u017eius ar rank\u0161luos\u010dius, tod\u0117l nam\u0173 tvarkymas tampa lengvesnis. Dizainas ir stilius: \u201eGarcia\u201c sofa pasi\u017eymi nesenstan\u010diu dizainu, kuris papildys \u012fvairius interjero stilius. Paprasti porankiai ne tik suteikia sofai elegancijos, bet ir si\u016blo patogi\u0105 viet\u0105 atsilo\u0161ti, padidindami komfort\u0105 \u017ei\u016brint televizori\u0173 ar ilsintis. \u201ePosso 47\u201c audinys pabr\u0117\u017eia jos eleganti\u0161k\u0105 ir patvar\u0173 charakter\u012f. Savyb\u0117s: Sofos matmenys: 233 x 92 x 108 cm; Miegamasis plotas: 150 x 195 cm; Mechanizmas, palaikantis i\u0161skleidimo proces\u0105; Banguotos spyruokl\u0117s s\u0117dyn\u0117je ir \u010diu\u017einyje \u2013 patogus, vienodas miegojimo pavir\u0161ius; Didelis patalyn\u0117s skyrius \u2013 papildoma daikt\u0173 laikymo vieta; Nesenstantis dizainas \u2013 universali forma, tinkanti \u012fvairiems interjerams; Paprasti, patog\u016bs porankiai; Santrauka: \u201eGarcia\u201c sofa derina komfort\u0105, funkcionalum\u0105 ir nesenstant\u012f stili\u0173. D\u0117l paprasto i\u0161lankstymo mechanizmo, didel\u0117s miegojimo erdv\u0117s ir prakti\u0161k\u0173 sprendim\u0173, toki\u0173 kaip patalyn\u0117s d\u0117\u017e\u0117, \u201eGarcia\u201c sofa puikiai tiks bet kokiame interjere ir u\u017etikrins kasdien\u012f komfort\u0105.<\/p>\n<p>Prek\u0117s kodas FL-SO3-GARCIA_O-LX_3DL-G2-POSO_47 Plotis 233 cm Gylis 108 cm S\u0117dyn\u0117s gylis 63 cm Auk\u0161tis 92 cm S\u0117dyn\u0117s auk\u0161tis 45 cm Kolekcija Garcia Spalva Poso 47 Atspalvis \u017ealia Stilius modernus Med\u017eiaga velvetas Miegamoji funkcija su miegojimo funkcija Miegamoji dalis 150\u00d7195 Indas su 1 indu Atsipalaidavimo funkcija be atsipalaidavimo funkcijos Reguliuojamas atlo\u0161as: ne Galvos atrama be galvos atramos U\u017epildas: zigzago spyruokl\u0117\/putplastis Gamintojas: juoda Raudona Balta Bald\u0173 tipas: sofos ir ku\u0161et\u0117s PVM mokestis 23%<\/p>","protected":false},"excerpt":{"rendered":"<p>\u201eGarcia\u201c sofa \u2013 baldas, kuris niekada nei\u0161eina i\u0161 mados. \u201eGarcia\u201c sofa \u2013 puikus pasirinkimas tiems, kurie vertina paprastas, nesenstan\u010dias formas, kurios niekada nei\u0161eina i\u0161 mados. D\u0117l savo universalaus dizaino sofa puikiai tinka tiek erdviai, moderniai svetainei, tiek ma\u017eesniam kambariui, u\u017etikrindama komfort\u0105 ir [\u2026]<\/p>","protected":false},"featured_media":265384,"comment_status":"open","ping_status":"open","template":"","meta":[],"product_brand":[],"product_cat":[9200,560],"product_tag":[],"class_list":{"0":"post-265383","1":"product","2":"type-product","3":"status-publish","4":"has-post-thumbnail","6":"product_cat-black-red-white","7":"product_cat-sofas-and-couches","9":"first","10":"instock","11":"purchasable","12":"product-type-simple"},"_links":{"self":[{"href":"https:\/\/baldumarket.lt\/lt\/wp-json\/wp\/v2\/product\/265383","targetHints":{"allow":["GET"]}}],"collection":[{"href":"https:\/\/baldumarket.lt\/lt\/wp-json\/wp\/v2\/product"}],"about":[{"href":"https:\/\/baldumarket.lt\/lt\/wp-json\/wp\/v2\/types\/product"}],"replies":[{"embeddable":true,"href":"https:\/\/baldumarket.lt\/lt\/wp-json\/wp\/v2\/comments?post=265383"}],"wp:featuredmedia":[{"embeddable":true,"href":"https:\/\/baldumarket.lt\/lt\/wp-json\/wp\/v2\/media\/265384"}],"wp:attachment":[{"href":"https:\/\/baldumarket.lt\/lt\/wp-json\/wp\/v2\/media?parent=265383"}],"wp:term":[{"taxonomy":"product_brand","embeddable":true,"href":"https:\/\/baldumarket.lt\/lt\/wp-json\/wp\/v2\/product_brand?post=265383"},{"taxonomy":"product_cat","embeddable":true,"href":"https:\/\/baldumarket.lt\/lt\/wp-json\/wp\/v2\/product_cat?post=265383"},{"taxonomy":"product_tag","embeddable":true,"href":"https:\/\/baldumarket.lt\/lt\/wp-json\/wp\/v2\/product_tag?post=265383"}],"curies":[{"name":"wp","href":"https:\/\/api.w.org\/{rel}","templated":true}]}}