{"id":265359,"date":"2026-01-14T00:08:08","date_gmt":"2026-01-13T21:08:08","guid":{"rendered":"https:\/\/baldumarket.lt\/product\/sofa-rozkladana-z-pojemnikiem-torent-vogue-16-szary\/"},"modified":"2026-02-11T18:18:39","modified_gmt":"2026-02-11T15:18:39","slug":"sofa-rozkladana-z-pojemnikiem-torent-vogue-16-szary","status":"publish","type":"product","link":"https:\/\/baldumarket.lt\/lt\/product\/sofa-rozkladana-z-pojemnikiem-torent-vogue-16-szary\/","title":{"rendered":"TORENT Vogue 16 pilka sofa-lova su daiktad\u0117\u017ee"},"content":{"rendered":"<p>\u201eVerto\u201c sofa \u2013 elegancija ma\u017euose dyd\u017eiuose. Jei svajojate apie eleganti\u0161k\u0105 bald\u0105, kuris puikiai tikt\u0173 net ir ma\u017eose erdv\u0117se, \u201eVerto\u201c sofa yra puikus pasirinkimas. Tai ne tik baldas; tai tikras estetikos ir funkcionalumo harmonijos apibr\u0117\u017eimas, skirtas tiems, kurie vertina elegancij\u0105 kompakti\u0161koje erdv\u0117je. Vienas i\u0161skirtiniausi\u0173 \u201eVerto\u201c sofos bruo\u017e\u0173 \u2013 dekoratyvin\u0117s si\u016bl\u0117s ant atlo\u0161o pagalv\u0117li\u0173. \u0160ios detal\u0117s suteikia sofai unikal\u0173 charakter\u012f ir sukuria harmoning\u0105 visum\u0105. Komplekte taip pat yra dvi dekoratyvin\u0117s pagalv\u0117l\u0117s, kurios dar labiau pagerina sofos i\u0161vaizd\u0105. Pakeltos kojel\u0117s, pagamintos i\u0161 patvarios medienos, yra ne tik esteti\u0161kai patrauklios, bet ir prakti\u0161kos. Jos suteikia sofai lengvumo poj\u016bt\u012f ir palengvina valym\u0105 po apa\u010dia. Siauri porankiai yra puikus sprendimas tiems, kurie vertina vietos taupym\u0105. Papildom\u0105 erdv\u0119 galite panaudoti kavos staliukui arba ma\u017eam kavos staliukui pastatyti. Pagrindinis \u201eVerto\u201c sofos privalumas \u2013 miegojimo funkcija \u201eDL\u201c. Ji veikia lengvai ir patikimai, leisdama lengvai susikurti \u012fsp\u016bding\u0173 141 x 190 cm matmen\u0173 miegojimo pavir\u0161i\u0173. Per vis\u0105 \u010diu\u017einio pavir\u0161i\u0173 i\u0161d\u0117stytos \u201eBonnell\u201c spyruokl\u0117s garantuoja vienod\u0105 ir patogi\u0105 poilsio viet\u0105. Be to, \u201eVerto\u201c sofa turi didel\u0119 patalyn\u0117s d\u0117\u017e\u0119, kurioje lengva ir patogu laikyti papildomus tekstil\u0117s gaminius. Pasirinkdami \u201eVerto\u201c sofos spalv\u0105, galite j\u0105 pritaikyti pagal savo pageidavimus, sukurdami stiling\u0105 ir funkcional\u0173 interjer\u0105. \u0160is baldas \u012frodo, kad net ir ma\u017eose erdv\u0117se galite sukurti eleganti\u0161k\u0105 ir patogi\u0105 viet\u0105. Pagrindin\u0117s savyb\u0117s: Matmenys: 206 x 88 x 93 cm? Patrauklios i\u0161traukiamos atlo\u0161o pagalv\u0117l\u0117s? Sklandus automatinis mechanizmas, padedantis i\u0161skleisti sof\u0105? Miegojimo funkcija, kurios matmenys 141 x 190 cm? Pakeltos kietmed\u017eio kojel\u0117s \u2013 lengva valyti po sofa? Patalyn\u0117s d\u0117\u017e\u0117 \u2013 papildoma daiktad\u0117\u017e\u0117? \u201eBonnell\u201c spyruokl\u0117s s\u0117dyn\u0117je ir \u010diu\u017einyje \u2013 vienodas gul\u0117jimo pavir\u0161ius.<\/p>\n<p>Prek\u0117s kodas FL-SO3-TORENT-LX_3DL-G3-VOGUE_16 Plotis 220 cm Gylis 98 cm S\u0117dyn\u0117s gylis 54-79 cm Auk\u0161tis 95 cm S\u0117dyn\u0117s auk\u0161tis 49 cm Kolekcija Torent Spalva Vogue 16 Atspalvis pilka Stilius modernus Med\u017eiaga audinys Miegamoji funkcija su miegojimo funkcija Miegamoji dalis 144\u00d7196 Indas su 1 indu Atsipalaidavimo funkcija be atsipalaidavimo funkcijos Reguliuojamas atlo\u0161as be Galvos atrama be galvos atramos U\u017epildas: bonell spyruokl\u0117\/putplastis Gamintojas Juoda Raudona Balta Bald\u0173 tipas: Sofos ir ku\u0161et\u0117s PVM mokestis 23%<\/p>","protected":false},"excerpt":{"rendered":"<p>\u201eVerto\u201c sofa \u2013 elegancija ma\u017euose dyd\u017eiuose. Jei svajojate apie eleganti\u0161k\u0105 bald\u0105, kuris puikiai tilpt\u0173 net ir ma\u017eoje erdv\u0117je, \u201eVerto\u201c sofa yra puikus pasirinkimas. Tai ne tik baldas; tai tikras estetikos ir funkcionalumo harmonijos apibr\u0117\u017eimas, skirtas tiems, kurie vertina elegancij\u0105 [\u2026]<\/p>","protected":false},"featured_media":265360,"comment_status":"open","ping_status":"open","template":"","meta":[],"product_brand":[],"product_cat":[9200,560],"product_tag":[],"class_list":{"0":"post-265359","1":"product","2":"type-product","3":"status-publish","4":"has-post-thumbnail","6":"product_cat-black-red-white","7":"product_cat-sofas-and-couches","9":"first","10":"instock","11":"purchasable","12":"product-type-simple"},"_links":{"self":[{"href":"https:\/\/baldumarket.lt\/lt\/wp-json\/wp\/v2\/product\/265359","targetHints":{"allow":["GET"]}}],"collection":[{"href":"https:\/\/baldumarket.lt\/lt\/wp-json\/wp\/v2\/product"}],"about":[{"href":"https:\/\/baldumarket.lt\/lt\/wp-json\/wp\/v2\/types\/product"}],"replies":[{"embeddable":true,"href":"https:\/\/baldumarket.lt\/lt\/wp-json\/wp\/v2\/comments?post=265359"}],"wp:featuredmedia":[{"embeddable":true,"href":"https:\/\/baldumarket.lt\/lt\/wp-json\/wp\/v2\/media\/265360"}],"wp:attachment":[{"href":"https:\/\/baldumarket.lt\/lt\/wp-json\/wp\/v2\/media?parent=265359"}],"wp:term":[{"taxonomy":"product_brand","embeddable":true,"href":"https:\/\/baldumarket.lt\/lt\/wp-json\/wp\/v2\/product_brand?post=265359"},{"taxonomy":"product_cat","embeddable":true,"href":"https:\/\/baldumarket.lt\/lt\/wp-json\/wp\/v2\/product_cat?post=265359"},{"taxonomy":"product_tag","embeddable":true,"href":"https:\/\/baldumarket.lt\/lt\/wp-json\/wp\/v2\/product_tag?post=265359"}],"curies":[{"name":"wp","href":"https:\/\/api.w.org\/{rel}","templated":true}]}}