{"id":265351,"date":"2026-01-14T00:08:00","date_gmt":"2026-01-13T21:08:00","guid":{"rendered":"https:\/\/baldumarket.lt\/product\/sofa-rozkladana-z-pojemnikiem-kamari-element-07-brazowy\/"},"modified":"2026-02-11T18:18:39","modified_gmt":"2026-02-11T15:18:39","slug":"sofa-rozkladana-z-pojemnikiem-kamari-element-07-brazowy","status":"publish","type":"product","link":"https:\/\/baldumarket.lt\/lt\/product\/sofa-rozkladana-z-pojemnikiem-kamari-element-07-brazowy\/","title":{"rendered":"KAMARI Element 07 ruda sofa-lova su daiktad\u0117\u017ee"},"content":{"rendered":"<p>\u201eKamari\u201c sofa \u2013 j\u016bs\u0173 komfortas dien\u0105 ir nakt\u012f. Jei ie\u0161kote tobulo sprendimo savo svetainei, kuris ne tik suteikt\u0173 \u017eavesio j\u016bs\u0173 interjerui, bet ir leist\u0173 patogiai i\u0161simiegoti nakt\u012f, \u201eKamari\u201c sofa-lova yra puikus pasirinkimas. \u0160tai kod\u0117l tur\u0117tum\u0117te apsvarstyti \u0161\u012f unikal\u0173 bald\u0105. Pagrindinis \u201eKamari\u201c sofos privalumas yra jos universalumas. Tai ne tik patogi vieta atsipalaiduoti dien\u0105, bet ir funkcionalus miegamasis nakt\u012f. Su \u0161ia sofa galite m\u0117gautis ramiu vakaru su m\u0117gstama knyga ar serialu ir giliu, ramiu miegu nakt\u012f. Tai puikus sprendimas, ypa\u010d jei j\u016bs\u0173 svetain\u0117 atlieka kelias funkcijas. Jei j\u016bs\u0173 bute vietos nedaug, nesijaudinkite! Kompakti\u0161ki \u201eKamari\u201c sofos matmenys \u2013 235 x 108 cm \u2013 puikiai tinka net ir ma\u017eesniuose kambariuose. Jums nereikia aukoti komforto d\u0117l erdv\u0117s. D\u0117l vingiuot\u0173 spyruokli\u0173 ir putplas\u010dio s\u0117dyn\u0117je ir atlo\u0161e \u0161i sofa si\u016blo neprilygstam\u0105 komfort\u0105. Mink\u0161tumas ir komfortas \u010dia yra prioritetas, tod\u0117l laikas, praleistas ant jos, yra tikras malonumas. Miegamasis pavir\u0161ius, kurio matmenys vienodi \u2013 150 x 195 cm, nusipelno ypatingo d\u0117mesio. B\u016btent \u010dia galite m\u0117gautis ramiu nakties miegu. Pak\u0117limo mechanizmas per akimirk\u0105 paver\u010dia \u0161i\u0105 trij\u0173 viet\u0173 sof\u0105 erdvia lova. Tai leid\u017eia jums suteikti patogi\u0105 miegojimo viet\u0105 sve\u010diams arba tiesiog m\u0117gautis savo miego komfortu. Svarbi ir bald\u0173 estetika. Simetri\u0161ka, dekoratyvi \u201eKamari\u201c sofos forma jus prad\u017eiugins i\u0161 pirmo \u017evilgsnio. Mink\u0161tos atlo\u0161o pagalv\u0117l\u0117s ir dvi dekoratyvin\u0117s pagalv\u0117l\u0117s ne tik atrodo gra\u017eiai, bet ir yra prakti\u0161kos. Jos suteikia nugaros atram\u0105, kuri itin svarbi ilgam poilsiui. Tuo tarpu porankiai garantuoja stabili\u0105 rank\u0173 atram\u0105. Dekoratyvin\u0117s si\u016bl\u0117s ir juodos metalin\u0117s kojel\u0117s suteikia sofai elegancijos ir modernumo. Galiausiai, \u201eKamari\u201c sofos privalumas yra jos erdvumas. Didel\u0117 daiktad\u0117\u017e\u0117 leid\u017eia laikyti antklod\u0119, pagalv\u0119 ir kitus tekstil\u0117s gaminius, tod\u0117l j\u016bs\u0173 svetain\u0117 bus tvarkinga. \u0160i papildoma daiktad\u0117\u017e\u0117 visada praver\u010dia. \u201eKamari\u201c sofa derina komfort\u0105, funkcionalum\u0105 ir estetik\u0105. Nesvarbu, ar jums reikia vietos atsipalaiduoti dien\u0105, ar patogios lovos nakt\u012f, \u0161i sofa pateisins j\u016bs\u0173 l\u016bkes\u010dius. D\u0117l kompakti\u0161ko dyd\u017eio ji puikiai tinka \u012fvairiems interjero dizainams, o auk\u0161tos kokyb\u0117s konstrukcija garantuoja, kad ji tarnaus ilgus metus. Tai investicija \u012f j\u016bs\u0173 komfort\u0105 ir gyvenimo b\u016bd\u0105. Pagrindin\u0117s savyb\u0117s: zigzago spyruokl\u0117s s\u0117dyn\u0117je ir \u010diu\u017einyje \u2013 vienodas miego pavir\u0161ius \u00b7 patalyn\u0117s skyrius \u2013 didesn\u0117 talpa \u00b7 dekoratyvin\u0117s vienos adatos si\u016bl\u0117s \u2013 harmoninga ir esteti\u0161ka i\u0161vaizda \u00b7 pakeltos kojel\u0117s \u2013 lengvesnis pri\u0117jimas prie grind\u0173 valymo metu \u00b7 dekoratyvios metalin\u0117s kojel\u0117s \u2013 didesnis patvarumas ir tvirtumas naudojimo metu. Komplekt\u0105 sudaro 2 dekoratyvin\u0117s pagalv\u0117l\u0117s.<\/p>\n<p>Prek\u0117s kodas FL-SO3-KAMARI-LX_3DL-G2-ELEMENT_07 Plotis 235 cm Gylis 108 cm S\u0117dyn\u0117s gylis 63-87 cm Auk\u0161tis 93 cm S\u0117dyn\u0117s auk\u0161tis 47 cm Kolekcija Kamari Spalva Elementas 07 Atspalvis ruda Stilius modernus Med\u017eiaga audinys Miegamoji funkcija su miegojimo funkcija Miegamoji dalis 150\u00d7195 Indas su 1 indu Atsipalaidavimo funkcija be atsipalaidavimo funkcijos Reguliuojamas atlo\u0161as ne Galvos atrama be galvos atramos U\u017epildas zigzago spyruokl\u0117\/putplastis Gamintojas Juoda Raudona Balta Bald\u0173 tipas Sofos ir ku\u0161et\u0117s PVM mokestis 23%<\/p>","protected":false},"excerpt":{"rendered":"<p>\u201eKamari\u201c sofa \u2013 j\u016bs\u0173 komfortas dien\u0105 ir nakt\u012f. Jei ie\u0161kote tobulo sprendimo savo svetainei, kuris ne tik suteikt\u0173 \u017eavesio j\u016bs\u0173 interjerui, bet ir leist\u0173 patogiai i\u0161simiegoti, \u201eKamari\u201c sofa-lova yra kaip tik jums. \u0160tai kod\u0117l tur\u0117tum\u0117te apsvarstyti \u0161\u012f unikal\u0173 bald\u0105. [\u2026]<\/p>","protected":false},"featured_media":265352,"comment_status":"open","ping_status":"open","template":"","meta":[],"product_brand":[],"product_cat":[9200,560],"product_tag":[],"class_list":{"0":"post-265351","1":"product","2":"type-product","3":"status-publish","4":"has-post-thumbnail","6":"product_cat-black-red-white","7":"product_cat-sofas-and-couches","9":"first","10":"instock","11":"purchasable","12":"product-type-simple"},"_links":{"self":[{"href":"https:\/\/baldumarket.lt\/lt\/wp-json\/wp\/v2\/product\/265351","targetHints":{"allow":["GET"]}}],"collection":[{"href":"https:\/\/baldumarket.lt\/lt\/wp-json\/wp\/v2\/product"}],"about":[{"href":"https:\/\/baldumarket.lt\/lt\/wp-json\/wp\/v2\/types\/product"}],"replies":[{"embeddable":true,"href":"https:\/\/baldumarket.lt\/lt\/wp-json\/wp\/v2\/comments?post=265351"}],"wp:featuredmedia":[{"embeddable":true,"href":"https:\/\/baldumarket.lt\/lt\/wp-json\/wp\/v2\/media\/265352"}],"wp:attachment":[{"href":"https:\/\/baldumarket.lt\/lt\/wp-json\/wp\/v2\/media?parent=265351"}],"wp:term":[{"taxonomy":"product_brand","embeddable":true,"href":"https:\/\/baldumarket.lt\/lt\/wp-json\/wp\/v2\/product_brand?post=265351"},{"taxonomy":"product_cat","embeddable":true,"href":"https:\/\/baldumarket.lt\/lt\/wp-json\/wp\/v2\/product_cat?post=265351"},{"taxonomy":"product_tag","embeddable":true,"href":"https:\/\/baldumarket.lt\/lt\/wp-json\/wp\/v2\/product_tag?post=265351"}],"curies":[{"name":"wp","href":"https:\/\/api.w.org\/{rel}","templated":true}]}}