{"id":265300,"date":"2026-01-14T00:07:13","date_gmt":"2026-01-13T21:07:13","guid":{"rendered":"https:\/\/baldumarket.lt\/product\/sofa-dwuosobowa-z-funkcja-spania-i-pojemnikiem-poli-szara\/"},"modified":"2026-02-11T18:18:40","modified_gmt":"2026-02-11T15:18:40","slug":"sofa-dwuosobowa-z-funkcja-spania-i-pojemnikiem-poli-szara","status":"publish","type":"product","link":"https:\/\/baldumarket.lt\/lt\/product\/sofa-dwuosobowa-z-funkcja-spania-i-pojemnikiem-poli-szara\/","title":{"rendered":"Dviviet\u0117 sofa su miegojimo funkcija ir daiktad\u0117\u017ee POLI pilka"},"content":{"rendered":"<p>POLI 2FBKA sofa \u2013 kompakti\u0161kas komfortas ir prakti\u0161ki sprendimai. Patogumas ir funkcionalumas. POLI 2FBKA sofa \u2013 puikus pasirinkimas ma\u017eiems butams, kur svarbus kiekvienas erdv\u0117s centimetras. D\u0117l i\u0161skleid\u017eiamo mechanizmo per kelias sekundes galite j\u0105 paversti patogia lova su 113 \u00d7 194 cm miegojimo plotu, nereikia jos atitraukti nuo sienos. Auk\u0161tas atlo\u0161as, s\u0117dyn\u0117 ir \u010diu\u017einys su vingiuotomis spyruokl\u0117mis suteikia optimali\u0105 atram\u0105 ir komfort\u0105 tiek s\u0117dint, tiek miegant. Praktin\u0117s savyb\u0117s. \u0160is modelis turi didel\u0119 daiktad\u0117\u017e\u0119, kurioje patogiai galima laikyti patalyn\u0119, antklodes ir kitus tekstil\u0117s gaminius. Auk\u0161ti, pamink\u0161tinti porankiai padidina komfort\u0105, o kompakti\u0161ki 134 x 97 x 110 cm matmenys leid\u017eia sof\u0105 i\u0161d\u0117styti net ma\u017eose erdv\u0117se. Dizainas ir stilius. Eleganti\u0161ko \u201eMassimo 416\u201c audinio apmu\u0161alai i\u0161siskiria estetika ir patvarumu. Dekoratyvin\u0117s si\u016bl\u0117s ant s\u0117dyn\u0117s ir atlo\u0161o, vienos adatos si\u016bl\u0117s ir kietmed\u017eio kojel\u0117s suteikia sofai modern\u0173 ir eleganti\u0161k\u0105 vaizd\u0105. Pridedamos dvi dekoratyvin\u0117s pagalv\u0117l\u0117s, kad b\u016bt\u0173 u\u017etikrintas puikus vaizdas. Savyb\u0117s: Miegamasis plotas: 113 \u00d7 194 cm, Lengvai i\u0161skleid\u017eiamas mechanizmas, Zigzago spyruokl\u0117s s\u0117dyn\u0117je ir \u010diu\u017einyje, Auk\u0161tas atlo\u0161as, Didelis daiktad\u0117\u017e\u0117s skyrius, Auk\u0161ti, mink\u0161ti porankiai, Kompakti\u0161ki matmenys: 134 x 97 x 110 cm, Medinis r\u0117mas, Dekoratyvin\u0117s si\u016bl\u0117s ir vienos adatos si\u016bl\u0117s, Dekoratyvin\u0117s medin\u0117s kojel\u0117s, 2 dekoratyvin\u0117s pagalv\u0117l\u0117s pridedamos, Apmu\u0161al\u0173 audinys: Massimo 416. Santrauka: POLI 2FBKA sofa yra funkcionalus ir esteti\u0161kai patrauklus baldas ma\u017eoms erdv\u0117ms, kuriame derinamas patogus miegas, prakti\u0161ka daikt\u0173 laikymo vieta ir eleganti\u0161ka Massimo 416 audinio apdaila. Puikus pasirinkimas tiems, kurie vertina komfort\u0105 ir vietos taupym\u0105 daikt\u0173 laikymo srityje.<\/p>\n<p>Prek\u0117s kodas FL13-SO2-POLI-2FBKA-GA3-MASSIMO_416 Simbolis ZM EAN Kolekcija Poli Spalva Massimo 416 Atspalvis pilka Stilius modernus Med\u017eiaga audinys Miegamoji funkcija su miegojimo funkcija Miegamoji dalis 113\u00d7194 Indas su 1 indu Atsipalaidavimo funkcija be atsipalaidavimo funkcijos Reguliuojamas atlo\u0161as ne Galvos atrama be galvos atramos U\u017epildas zigzago spyruokl\u0117\/putplastis Gamintojas Juoda Raudona Balta Bald\u0173 tipas Sofos ir ku\u0161et\u0117s PVM mokestis 23%<\/p>","protected":false},"excerpt":{"rendered":"<p>POLI 2FBKA sofa \u2013 kompakti\u0161kas komfortas ir prakti\u0161ki sprendimai. Patogumas ir funkcionalumas. POLI 2FBKA sofa \u2013 puikus pasirinkimas ma\u017eiems butams, kur svarbus kiekvienas erdv\u0117s centimetras. I\u0161skleid\u017eiamo mechanizmo d\u0117ka per kelias sekundes j\u0105 galite paversti patogia lova su 113 \u00d7 194 cm miegojimo plotu, [\u2026]<\/p>","protected":false},"featured_media":265301,"comment_status":"open","ping_status":"open","template":"","meta":[],"product_brand":[],"product_cat":[9200,560],"product_tag":[],"class_list":{"0":"post-265300","1":"product","2":"type-product","3":"status-publish","4":"has-post-thumbnail","6":"product_cat-black-red-white","7":"product_cat-sofas-and-couches","9":"first","10":"instock","11":"purchasable","12":"product-type-simple"},"_links":{"self":[{"href":"https:\/\/baldumarket.lt\/lt\/wp-json\/wp\/v2\/product\/265300","targetHints":{"allow":["GET"]}}],"collection":[{"href":"https:\/\/baldumarket.lt\/lt\/wp-json\/wp\/v2\/product"}],"about":[{"href":"https:\/\/baldumarket.lt\/lt\/wp-json\/wp\/v2\/types\/product"}],"replies":[{"embeddable":true,"href":"https:\/\/baldumarket.lt\/lt\/wp-json\/wp\/v2\/comments?post=265300"}],"wp:featuredmedia":[{"embeddable":true,"href":"https:\/\/baldumarket.lt\/lt\/wp-json\/wp\/v2\/media\/265301"}],"wp:attachment":[{"href":"https:\/\/baldumarket.lt\/lt\/wp-json\/wp\/v2\/media?parent=265300"}],"wp:term":[{"taxonomy":"product_brand","embeddable":true,"href":"https:\/\/baldumarket.lt\/lt\/wp-json\/wp\/v2\/product_brand?post=265300"},{"taxonomy":"product_cat","embeddable":true,"href":"https:\/\/baldumarket.lt\/lt\/wp-json\/wp\/v2\/product_cat?post=265300"},{"taxonomy":"product_tag","embeddable":true,"href":"https:\/\/baldumarket.lt\/lt\/wp-json\/wp\/v2\/product_tag?post=265300"}],"curies":[{"name":"wp","href":"https:\/\/api.w.org\/{rel}","templated":true}]}}