{"id":265284,"date":"2026-01-14T00:06:59","date_gmt":"2026-01-13T21:06:59","guid":{"rendered":"https:\/\/baldumarket.lt\/product\/sofa-dwuosobowa-z-funkcja-spania-i-pojemnikiem-bunio-iii-granatowa\/"},"modified":"2026-02-11T18:18:40","modified_gmt":"2026-02-11T15:18:40","slug":"sofa-dwuosobowa-z-funkcja-spania-i-pojemnikiem-bunio-iii-granatowa","status":"publish","type":"product","link":"https:\/\/baldumarket.lt\/lt\/product\/sofa-dwuosobowa-z-funkcja-spania-i-pojemnikiem-bunio-iii-granatowa\/","title":{"rendered":"Dviviet\u0117 sofa su miegojimo funkcija ir daiktad\u0117\u017ee BUNIO III tamsiai m\u0117lyna"},"content":{"rendered":"<p>\u201eBunio III\u201c sofa \u2013 funkcionalumas ir komfortas kompakti\u0161koje formoje. Komfortas ir funkcionalumas. \u201eBunio III\u201c sofa \u2013 puikus sprendimas tiems, kurie nori suderinti kasdienio poilsio komfort\u0105 su miegu. S\u0117dyn\u0117 ir \u010diu\u017einys turi \u201eBonnell\u201c spyruokles, kurios u\u017etikrina lyg\u0173 ir stabil\u0173 poilsio pavir\u0161i\u0173. Atlo\u0161o pagalv\u0117l\u0117s, u\u017epildytos ki\u0161eni\u0173 sistema, prisitaiko prie k\u016bno formos ir suteikia ergonomi\u0161k\u0105 atram\u0105. Praktin\u0117s savyb\u0117s. \u0160is modelis turi patalyn\u0117s skyri\u0173, leid\u017eiant\u012f tvarkingai susid\u0117ti daiktus ir sutaupyti vietos spintose. D\u0117l optimalaus atlo\u0161o tvirtinimo, i\u0161skleidus sof\u0105, jos nereikia atitraukti nuo sienos. Kompakti\u0161ki 150 x 86 x 88 cm matmenys puikiai tinka net ma\u017eose erdv\u0117se. Dizainas ir stilius. Aptraukta eleganti\u0161ku \u201eManila 26 Navy\u201c audiniu, sofa pasi\u017eymi moderniu charakteriu, kuris dera prie minimalistinio, skandinavi\u0161ko ir modernaus interjero. Dekoratyvin\u0117s si\u016bl\u0117s ir rai\u0161teliai nugaros pagalv\u0117l\u0117se suteikia subtilios elegancijos, o audiniu aptrauktas atlo\u0161as leid\u017eia sof\u0105 pastatyti bet kurioje kambario vietoje. Savyb\u0117s: i\u0161skleid\u017eiama sofa su daiktad\u0117\u017ee. Daiktad\u0117\u017e\u0117 i\u0161ple\u010dia daiktad\u0117\u017e\u0117s galimybes. Ki\u0161enes u\u017epildanti nugaros pagalv\u0117li\u0173 sistema u\u017etikrina patvarum\u0105 ir ergonomik\u0105. Auk\u0161ti, mink\u0161ti porankiai. I\u0161lankstomi neatsitraukiant nuo sienos. Kompakti\u0161ki matmenys taupo viet\u0105. Dekoratyvin\u0117s si\u016bl\u0117s ir rai\u0161teliai pagalv\u0117l\u0117se. Atlo\u0161as aptrauktas audiniu. Apmu\u0161alai: \u201eManila 26 Navy\u201c. Santrauka: \u201eBunio III\u201c sofa yra prakti\u0161kas ir eleganti\u0161kas baldas, puikiai tinkantis ma\u017eoms erdv\u0117ms. Su miegam\u0105ja sofa, daiktad\u0117\u017ee ir eleganti\u0161ka \u201eManila 26 Navy\u201c audinio apdaila, ji derina komfort\u0105, funkcionalum\u0105 ir estetik\u0105.<\/p>\n<p>Prek\u0117s kodas FL-SO2-BUNIO_III-2FBK-G2-MANILA_26 Plotis 147 cm Gylis 88 cm S\u0117dyn\u0117s gylis 46 cm Auk\u0161tis 86 cm S\u0117dyn\u0117s auk\u0161tis 45 cm Kolekcija Bunio Spalva Manila 26 Atspalvis m\u0117lyna Stilius modernus Med\u017eiaga aksomas Miegamoji funkcija su miegojimo funkcija Miegamoji dalis 120\u00d7189 Indas su 1 indu Atsipalaidavimo funkcija be atsipalaidavimo funkcijos Reguliuojamas atlo\u0161as be Galvos atrama be galvos atramos U\u017epildas: bonell spyruokl\u0117\/putplastis Gamintojas: juoda Raudona Balta Bald\u0173 tipas: sofos ir ku\u0161et\u0117s PVM mokestis 23%<\/p>","protected":false},"excerpt":{"rendered":"<p>\u201eBunio III\u201c sofa \u2013 funkcionalumas ir komfortas kompakti\u0161koje formoje. Komfortas ir funkcionalumas. \u201eBunio III\u201c sofa \u2013 puikus sprendimas tiems, kurie nori suderinti kasdienio poilsio komfort\u0105 su miegu. S\u0117dyn\u0117 ir \u010diu\u017einys turi \u201eBonnell\u201c spyruokles, kurios u\u017etikrina lyg\u0173 ir stabil\u0173 poilsio pavir\u0161i\u0173. Atlo\u0161o pagalv\u0117l\u0117s, u\u017epildytos [\u2026]<\/p>","protected":false},"featured_media":265285,"comment_status":"open","ping_status":"open","template":"","meta":[],"product_brand":[],"product_cat":[9200,560],"product_tag":[],"class_list":{"0":"post-265284","1":"product","2":"type-product","3":"status-publish","4":"has-post-thumbnail","6":"product_cat-black-red-white","7":"product_cat-sofas-and-couches","9":"first","10":"instock","11":"purchasable","12":"product-type-simple"},"_links":{"self":[{"href":"https:\/\/baldumarket.lt\/lt\/wp-json\/wp\/v2\/product\/265284","targetHints":{"allow":["GET"]}}],"collection":[{"href":"https:\/\/baldumarket.lt\/lt\/wp-json\/wp\/v2\/product"}],"about":[{"href":"https:\/\/baldumarket.lt\/lt\/wp-json\/wp\/v2\/types\/product"}],"replies":[{"embeddable":true,"href":"https:\/\/baldumarket.lt\/lt\/wp-json\/wp\/v2\/comments?post=265284"}],"wp:featuredmedia":[{"embeddable":true,"href":"https:\/\/baldumarket.lt\/lt\/wp-json\/wp\/v2\/media\/265285"}],"wp:attachment":[{"href":"https:\/\/baldumarket.lt\/lt\/wp-json\/wp\/v2\/media?parent=265284"}],"wp:term":[{"taxonomy":"product_brand","embeddable":true,"href":"https:\/\/baldumarket.lt\/lt\/wp-json\/wp\/v2\/product_brand?post=265284"},{"taxonomy":"product_cat","embeddable":true,"href":"https:\/\/baldumarket.lt\/lt\/wp-json\/wp\/v2\/product_cat?post=265284"},{"taxonomy":"product_tag","embeddable":true,"href":"https:\/\/baldumarket.lt\/lt\/wp-json\/wp\/v2\/product_tag?post=265284"}],"curies":[{"name":"wp","href":"https:\/\/api.w.org\/{rel}","templated":true}]}}