{"id":265260,"date":"2026-01-14T00:06:38","date_gmt":"2026-01-13T21:06:38","guid":{"rendered":"https:\/\/baldumarket.lt\/product\/sofa-dwuosobowa-doria-z-pojemnikiem-i-zaglowkami-welurowa-zielona\/"},"modified":"2026-02-11T18:18:40","modified_gmt":"2026-02-11T15:18:40","slug":"sofa-dwuosobowa-doria-z-pojemnikiem-i-zaglowkami-welurowa-zielona","status":"publish","type":"product","link":"https:\/\/baldumarket.lt\/lt\/product\/sofa-dwuosobowa-doria-z-pojemnikiem-i-zaglowkami-welurowa-zielona\/","title":{"rendered":"Dviviet\u0117 sofa \u201eDoria\u201c su daiktad\u0117\u017ee ir galvos atramomis, \u017ealias aksomas"},"content":{"rendered":"<p>\u201eDoria\u201c sofa \u2013 patogi vieta atsipalaiduoti. Dviviet\u0117 sofa \u201eDoria\u201c \u2013 tai eleganti\u0161kas baldas, kuriame dera modernus dizainas ir i\u0161skirtinis komfortas. Jos aksominis apmu\u0161alas suteikia prabangos, o funkcin\u0117s savyb\u0117s puikiai tinka bet kuriai svetainei. Patogumas ir funkcionalumas: \u201eDoria\u201c sofos s\u0117dyn\u0117 u\u017epildyta putomis ir vingiuotomis spyruokl\u0117mis, kurios garantuoja komfort\u0105 net ir ilgai s\u0117dint. Ji suteikia optimali\u0105 atram\u0105, puikiai tinkan\u010di\u0105 kasdieniam poilsiui. Sofa yra ne tik esteti\u0161kai patraukli, bet ir funkcionali \u2013 joje yra prakti\u0161kas, i\u0161traukiamas daiktad\u0117\u017e\u0117s skyrius, kuriame galima laikyti antklodes, pagalves ar kitus aksesuarus, padedant visk\u0105 sutvarkyti. Praktin\u0117s savyb\u0117s: Nors \u201eDoria\u201c sofa neturi atlo\u0161o funkcijos, jos konstrukcija yra stabili ir tinkama kasdieniam naudojimui. Papildomas aksesuar\u0173 skyrius yra patogus sprendimas, supaprastinantis svetain\u0117s organizavim\u0105, suteikiantis vietos tekstil\u0117s gaminiams, kuriuos visada gera tur\u0117ti po ranka. Dizainas ir stilius: \u201eDoria\u201c sofa pasi\u017eymi aksominiu apmu\u0161alu, kuris suteikia interjerui elegancijos ir subtilios prabangos. Pilkas \u201eShanghai Forest\u201c audinys skland\u017eiai dera su moderniu interjeru, suteikdamas erdvei harmonijos ir ramyb\u0117s. Paprasta, ta\u010diau \u012fsp\u016bdinga \u0161io baldo forma idealiai tinka tiek minimalistiniam, tiek klasikiniam interjerui. Ypatyb\u0117s: S\u0117dyn\u0117, u\u017epildyta putomis ir vingiuotomis spyruokl\u0117mis, u\u017etikrina kasdien\u012f komfort\u0105. I\u0161traukiamas daiktad\u0117\u017e\u0117 aksesuarams. Nei\u0161ple\u010diama konstrukcija stabilumui ir ilgaam\u017ei\u0161kumui. \u201eShanghai Forest\u201c aksominis apmu\u0161alas elegancijai ir prabangiai i\u0161vaizdai. Santrauka: \u201eDoria\u201c sofa \u2013 tai harmoningas stiliaus ir funkcionalumo derinys. Jos aksominis apmu\u0161alas suteikia interjerui elegancijos, o patogi s\u0117dyn\u0117 u\u017etikrina kasdien\u012f komfort\u0105. D\u0117l prakti\u0161ko daiktad\u0117\u017e\u0117s skyriaus \u201eDoria\u201c sofa puikiai atitinka modernios svetain\u0117s poreikius, si\u016blydama prabang\u0105 ir funkcionalum\u0105 viename.<\/p>\n<p>Prek\u0117s kodas FL-SO2-DORIA-2BK-G1-SHANGHAI_FOREST Plotis 186 cm Gylis 100 cm S\u0117dyn\u0117s gylis 54 cm Auk\u0161tis 88-106 cm S\u0117dyn\u0117s auk\u0161tis 47 cm Kolekcija Doria Spalva \u0160anchajaus mi\u0161ko \u017ealia Stilius modernus Med\u017eiaga aksomin\u0117 Miegamoji funkcija be miegojimo funkcijos Konteineris su 1 konteineriu Atsipalaidavimo funkcija be atsipalaidavimo funkcijos Reguliuojamas atlo\u0161as: ne Galvos atrama su galvos atrama U\u017epildas: zigzago spyruokl\u0117\/putplastis Gamintojas: juoda Raudona Balta Bald\u0173 tipas: sofos ir ku\u0161et\u0117s PVM 23% EAN 5906123038591<\/p>","protected":false},"excerpt":{"rendered":"<p>Sofa \u201eDoria\u201c \u2013 patogi vieta atsipalaiduoti. Dviviet\u0117 sofa \u201eDoria\u201c \u2013 tai eleganti\u0161kas baldas, kuriame dera modernus dizainas ir i\u0161skirtinis komfortas. Jos aksominis apmu\u0161alas suteikia prabangos, o funkcionalios savyb\u0117s puikiai tinka bet kuriai svetainei. Patogumas ir funkcionalumas: sofos \u201eDoria\u201c s\u0117dyn\u0117 yra [\u2026]<\/p>","protected":false},"featured_media":265261,"comment_status":"open","ping_status":"open","template":"","meta":[],"product_brand":[],"product_cat":[9200,560],"product_tag":[],"class_list":{"0":"post-265260","1":"product","2":"type-product","3":"status-publish","4":"has-post-thumbnail","6":"product_cat-black-red-white","7":"product_cat-sofas-and-couches","9":"first","10":"instock","11":"purchasable","12":"product-type-simple"},"_links":{"self":[{"href":"https:\/\/baldumarket.lt\/lt\/wp-json\/wp\/v2\/product\/265260","targetHints":{"allow":["GET"]}}],"collection":[{"href":"https:\/\/baldumarket.lt\/lt\/wp-json\/wp\/v2\/product"}],"about":[{"href":"https:\/\/baldumarket.lt\/lt\/wp-json\/wp\/v2\/types\/product"}],"replies":[{"embeddable":true,"href":"https:\/\/baldumarket.lt\/lt\/wp-json\/wp\/v2\/comments?post=265260"}],"wp:featuredmedia":[{"embeddable":true,"href":"https:\/\/baldumarket.lt\/lt\/wp-json\/wp\/v2\/media\/265261"}],"wp:attachment":[{"href":"https:\/\/baldumarket.lt\/lt\/wp-json\/wp\/v2\/media?parent=265260"}],"wp:term":[{"taxonomy":"product_brand","embeddable":true,"href":"https:\/\/baldumarket.lt\/lt\/wp-json\/wp\/v2\/product_brand?post=265260"},{"taxonomy":"product_cat","embeddable":true,"href":"https:\/\/baldumarket.lt\/lt\/wp-json\/wp\/v2\/product_cat?post=265260"},{"taxonomy":"product_tag","embeddable":true,"href":"https:\/\/baldumarket.lt\/lt\/wp-json\/wp\/v2\/product_tag?post=265260"}],"curies":[{"name":"wp","href":"https:\/\/api.w.org\/{rel}","templated":true}]}}