{"id":265212,"date":"2026-01-14T00:05:57","date_gmt":"2026-01-13T21:05:57","guid":{"rendered":"https:\/\/baldumarket.lt\/product\/sofa-dwuosobowa-cerro-p-rozkladana-z-pojemnikiem-szara\/"},"modified":"2026-02-11T18:18:40","modified_gmt":"2026-02-11T15:18:40","slug":"sofa-dwuosobowa-cerro-p-rozkladana-z-pojemnikiem-szara","status":"publish","type":"product","link":"https:\/\/baldumarket.lt\/lt\/product\/sofa-dwuosobowa-cerro-p-rozkladana-z-pojemnikiem-szara\/","title":{"rendered":"Cerro P dviej\u0173 viet\u0173 sofa su daiktad\u0117\u017ee, pilka"},"content":{"rendered":"<p>Sofa CERRO P buvo sukurta galvojant apie maksimal\u0173 komfort\u0105. \u010ciu\u017einys ir s\u0117dyn\u0117 yra u\u017epildyti \u201eBonnell\u201c spyruokl\u0117mis, kurios u\u017etikrina vienod\u0105 ir patog\u0173 miegojimo pavir\u0161i\u0173, tod\u0117l puikiai tinka tiek kasdieniam poilsiui, tiek retkar\u010diais pernakvoti. I\u0161traukiama rankena u\u017etikrina paprast\u0105 naudojim\u0105, leid\u017eian\u010di\u0105 sof\u0105 greitai ir lengvai transformuoti \u012f patogi\u0105 76 \u00d7 195 cm lov\u0105.<\/p>\n<p>Prek\u0117s kodas MT_DAB-SO2-CERRO-LX_1DL_P-SORO_90 Plotis 158 cm Gylis 80 cm S\u0117dyn\u0117s gylis 76 cm Auk\u0161tis 90 cm S\u0117dyn\u0117s auk\u0161tis 43 cm Kolekcija Cerro Spalva Soro 90 Pilka\/Sawana 05 Pilka Pilkos spalvos atspalvis Stilius modernus Med\u017eiaga audinys Miegamoji funkcija su miegojimo funkcija Miegamoji dalis 76 \u00d7 195 Indas su 1 indu Atpalaiduojanti funkcija be atpalaiduojan\u010dios funkcijos Reguliuojamas atlo\u0161as be Galvos atrama be galvos atramos U\u017epildas: bonell spyruokl\u0117\/putplastis Gamintojas: juoda Raudona Balta PVM 23% EAN 5906123046268<\/p>","protected":false},"excerpt":{"rendered":"<p>CERRO P sofa buvo sukurta galvojant apie maksimal\u0173 komfort\u0105. \u010ciu\u017einys ir s\u0117dyn\u0117 yra u\u017epildyti \u201eBonnell\u201c spyruokl\u0117mis, kurios u\u017etikrina vienod\u0105 ir patog\u0173 miegojimo pavir\u0161i\u0173, tod\u0117l puikiai tinka tiek kasdieniam poilsiui, tiek retkar\u010diais pernakvoti. I\u0161traukiama rankena u\u017etikrina paprast\u0105 naudojim\u0105, leid\u017eian\u010di\u0105 greitai ir lengvai [\u2026]<\/p>","protected":false},"featured_media":265213,"comment_status":"open","ping_status":"open","template":"","meta":[],"product_brand":[],"product_cat":[9200,560],"product_tag":[],"class_list":{"0":"post-265212","1":"product","2":"type-product","3":"status-publish","4":"has-post-thumbnail","6":"product_cat-black-red-white","7":"product_cat-sofas-and-couches","9":"first","10":"instock","11":"purchasable","12":"product-type-simple"},"_links":{"self":[{"href":"https:\/\/baldumarket.lt\/lt\/wp-json\/wp\/v2\/product\/265212","targetHints":{"allow":["GET"]}}],"collection":[{"href":"https:\/\/baldumarket.lt\/lt\/wp-json\/wp\/v2\/product"}],"about":[{"href":"https:\/\/baldumarket.lt\/lt\/wp-json\/wp\/v2\/types\/product"}],"replies":[{"embeddable":true,"href":"https:\/\/baldumarket.lt\/lt\/wp-json\/wp\/v2\/comments?post=265212"}],"wp:featuredmedia":[{"embeddable":true,"href":"https:\/\/baldumarket.lt\/lt\/wp-json\/wp\/v2\/media\/265213"}],"wp:attachment":[{"href":"https:\/\/baldumarket.lt\/lt\/wp-json\/wp\/v2\/media?parent=265212"}],"wp:term":[{"taxonomy":"product_brand","embeddable":true,"href":"https:\/\/baldumarket.lt\/lt\/wp-json\/wp\/v2\/product_brand?post=265212"},{"taxonomy":"product_cat","embeddable":true,"href":"https:\/\/baldumarket.lt\/lt\/wp-json\/wp\/v2\/product_cat?post=265212"},{"taxonomy":"product_tag","embeddable":true,"href":"https:\/\/baldumarket.lt\/lt\/wp-json\/wp\/v2\/product_tag?post=265212"}],"curies":[{"name":"wp","href":"https:\/\/api.w.org\/{rel}","templated":true}]}}