{"id":265198,"date":"2026-01-14T00:05:43","date_gmt":"2026-01-13T21:05:43","guid":{"rendered":"https:\/\/baldumarket.lt\/product\/regulowany-stelaz-ergo-lift-80x200\/"},"modified":"2026-02-11T18:18:41","modified_gmt":"2026-02-11T15:18:41","slug":"regulowany-stelaz-ergo-lift-80x200","status":"publish","type":"product","link":"https:\/\/baldumarket.lt\/lt\/product\/regulowany-stelaz-ergo-lift-80x200\/","title":{"rendered":"Reguliuojamas \u201eErgo Lift\u201c r\u0117mas 80\u00d7200"},"content":{"rendered":"<p>\u201eErgo Lift\u201c 80\u00d7200 lovos r\u0117mas Lovos r\u0117mas yra ne tik \u010diu\u017einio pagrindas; tai taip pat pagrindinis elementas, turintis \u012ftakos m\u016bs\u0173 miego kokybei. \u201eErgo Lift\u201c 80\u00d7200 lovos r\u0117mas sujungia novatori\u0161k\u0105 reguliavim\u0105, prakti\u0161kum\u0105 ir komfort\u0105, leisdamas jums pritaikyti miego aplink\u0105 pagal savo poreikius. \u201eErgo Lift\u201c lovos r\u0117mas leid\u017eia lengvai reguliuoti tiek galvos, tiek koj\u0173 atramas, tod\u0117l jis idealiai tinka ne tik miegui, bet ir skaitymui, televizoriaus \u017ei\u016br\u0117jimui ar tiesiog poilsiui lovoje. Tai leid\u017eia bet kada reguliuoti r\u0117mo pad\u0117t\u012f pagal savo patogum\u0105 ir poreikius. R\u0117mas reguliuojamas naudojant tvirt\u0105 ir patvari\u0105 tekstilin\u0119 ranken\u0105. Tai palengvina kasdien\u012f lovos naudojim\u0105 ir reguliavim\u0105, net nei\u0161lipant i\u0161 lovos. \u201eErgo Lift\u201c lovos r\u0117mas sukurtas atsi\u017evelgiant \u012f komfort\u0105 ir atram\u0105. Lanks\u010dios grotel\u0117s i\u0161d\u0117stytos 5 anatomin\u0117se zonose, o tai rei\u0161kia, kad kiekviena k\u016bno dalis gauna tinkam\u0105 atram\u0105. Pe\u010di\u0173 srityje esan\u010dios pragr\u0119\u017etos grotel\u0117s suteikia grotel\u0117ms ma\u017eiau standumo, suma\u017eindamos spaudim\u0105 pe\u010diams. Centrin\u0117 juosta pagerina stabilum\u0105 ir padidina r\u0117mo laikom\u0105j\u0105 gali\u0105. Stumdomi sutvirtinimai gali b\u016bti naudojami individualiai reguliuoti r\u0117mo tvirtum\u0105 juosmens srityje, o tai ypa\u010d naudinga \u017emon\u0117ms, turintiems nugaros problem\u0173.<\/p>\n<p>Apibendrinant, \u201eErgo Lift 80\u00d7200\u201c r\u0117mas yra produktas, kuriame derinamas patogumas, funkcionalumas ir komfortas. D\u0117l reguliuojamos pad\u0117ties ir anatomin\u0117s atramos \u0161is r\u0117mas patenkins net ir reikliausi\u0173 naudotoj\u0173 l\u016bkes\u010dius. Tai puikus sprendimas, prisitaikantis prie j\u016bs\u0173 poreiki\u0173, u\u017etikrinantis ram\u0173 mieg\u0105 ir komfort\u0105 kiekvienai progai. \u201eErgo Lift\u201c \u2013 tai raktas \u012f nauj\u0105 komforto dimensij\u0105 savo lovoje. Pagrindin\u0117s savyb\u0117s: \u2013 Pagaminta i\u0161 sluoksniais klijuotos medienos.<br \/>\n\u2013 Su 28 atspariomis ber\u017eo lentomis, i\u0161d\u0117stytomis 2,5 cm atstumu viena nuo kitos.<br \/>\n\u2013 \u012erengtos lanks\u010dios rankenos.<br \/>\n\u2013 Suteikia papildom\u0105 pamink\u0161tinim\u0105 \u010diu\u017einiui. \u2013 Su sustiprinta centrine sutvirtinimo juosta.<br \/>\n\u2013 Reguliuojamas tvirtumas centrin\u0117je r\u0117mo dalyje, kuri apima klub\u0173 ir juosmens sritis.<br \/>\n\u2013 R\u0117mo auk\u0161tis yra ma\u017edaug 6 cm.<br \/>\n\u2013 Galima \u012fsigyti \u012fvairi\u0173 dyd\u017ei\u0173: 80\/200 cm, 90\/200 cm.<br \/>\n\u2013 Produktas pristatomas paruo\u0161tas savaranki\u0161kam surinkimui.<br \/>\n\u2013 Did\u017eiausia r\u0117mo apkrova \u2013 140 kg.<br \/>\n\u2013 Koj\u0173 ir galvos atramos auk\u0161t\u012f galima reguliuoti etapais.<br \/>\n\u2013 Kad b\u016bt\u0173 lengviau montuoti lovoje, r\u0117mo plotis suma\u017eintas ma\u017edaug 1 cm, o ilgis \u2013 4 cm. Jei abejojate, ar \u201eErgo Lift\u201c r\u0117mas atitiks j\u016bs\u0173 l\u016bkes\u010dius, raginame perskaityti m\u016bs\u0173 vadov\u0105 skirtuke \u201e\u012ekv\u0117pimai\u201c, kuris pad\u0117s jums i\u0161sirinkti tinkam\u0105 variant\u0105.<\/p>\n<p>Prek\u0117s kodas L07-STEL_ENTRO_ERGO_LIFT-80X200-KOR01 Simbolis ZM EAN Baldo tipas Lovos r\u0117mai PVM mokestis 23%<\/p>","protected":false},"excerpt":{"rendered":"<p>\u201eErgo Lift\u201c 80\u00d7200 lovos r\u0117mas Lovos r\u0117mas yra ne tik \u010diu\u017einio pagrindas; tai taip pat pagrindinis elementas, turintis \u012ftakos m\u016bs\u0173 miego kokybei. \u201eErgo Lift\u201c 80\u00d7200 lovos r\u0117mas sujungia novatori\u0161k\u0105 reguliavim\u0105, prakti\u0161kum\u0105 ir komfort\u0105, leisdamas jums pritaikyti miego aplink\u0105 pagal savo poreikius. \u201eErgo Lift\u201c lovos r\u0117mas leid\u017eia [\u2026]<\/p>","protected":false},"featured_media":265199,"comment_status":"open","ping_status":"open","template":"","meta":[],"product_brand":[],"product_cat":[9200,1043],"product_tag":[],"class_list":{"0":"post-265198","1":"product","2":"type-product","3":"status-publish","4":"has-post-thumbnail","6":"product_cat-black-red-white","7":"product_cat-extras","9":"first","10":"instock","11":"purchasable","12":"product-type-simple"},"_links":{"self":[{"href":"https:\/\/baldumarket.lt\/lt\/wp-json\/wp\/v2\/product\/265198","targetHints":{"allow":["GET"]}}],"collection":[{"href":"https:\/\/baldumarket.lt\/lt\/wp-json\/wp\/v2\/product"}],"about":[{"href":"https:\/\/baldumarket.lt\/lt\/wp-json\/wp\/v2\/types\/product"}],"replies":[{"embeddable":true,"href":"https:\/\/baldumarket.lt\/lt\/wp-json\/wp\/v2\/comments?post=265198"}],"wp:featuredmedia":[{"embeddable":true,"href":"https:\/\/baldumarket.lt\/lt\/wp-json\/wp\/v2\/media\/265199"}],"wp:attachment":[{"href":"https:\/\/baldumarket.lt\/lt\/wp-json\/wp\/v2\/media?parent=265198"}],"wp:term":[{"taxonomy":"product_brand","embeddable":true,"href":"https:\/\/baldumarket.lt\/lt\/wp-json\/wp\/v2\/product_brand?post=265198"},{"taxonomy":"product_cat","embeddable":true,"href":"https:\/\/baldumarket.lt\/lt\/wp-json\/wp\/v2\/product_cat?post=265198"},{"taxonomy":"product_tag","embeddable":true,"href":"https:\/\/baldumarket.lt\/lt\/wp-json\/wp\/v2\/product_tag?post=265198"}],"curies":[{"name":"wp","href":"https:\/\/api.w.org\/{rel}","templated":true}]}}